{"id":14178,"date":"2025-10-27T11:19:12","date_gmt":"2025-10-27T11:19:12","guid":{"rendered":"https:\/\/enlineabarcelona.com\/producto\/lampara-tizio\/"},"modified":"2025-10-27T11:19:23","modified_gmt":"2025-10-27T11:19:23","slug":"lampara-tizio","status":"publish","type":"product","link":"https:\/\/enlineabarcelona.com\/ca\/producto\/lampara-tizio\/","title":{"rendered":"L\u00e1mpara Tizio"},"content":{"rendered":"\n<p>Tizio no es s\u00f3lo una obra maestra de la colecci\u00f3n Artemide, sino tambi\u00e9n un icono del dise\u00f1o italiano.<\/p>\n\n\n\n<p>Dise\u00f1ada hace 50 a\u00f1os, sigue siendo absolutamente contempor\u00e1nea gracias tambi\u00e9n a una nueva fuente LED integrada.<\/p>\n\n\n\n<p>Una elegante s\u00edntesis de componentes inteligentes elaborada por Richard Sapper ha creado un producto atemporal.<\/p>\n","protected":false},"excerpt":{"rendered":"<p>Tizio no es s\u00f3lo una obra maestra de la colecci\u00f3n Artemide, sino tambi\u00e9n un icono del dise\u00f1o italiano. Dise\u00f1ada hace 50 a\u00f1os, sigue siendo absolutamente contempor\u00e1nea gracias tambi\u00e9n a una nueva fuente LED integrada. Una elegante s\u00edntesis de componentes inteligentes elaborada por Richard Sapper ha creado un producto atemporal.<\/p>\n","protected":false},"featured_media":11032,"comment_status":"closed","ping_status":"open","template":"","meta":{"_acf_changed":false},"product_cat":[1228,1226],"product_tag":[],"disenadores":[1232],"marca":[1159],"class_list":{"0":"post-14178","1":"product","2":"type-product","3":"status-publish","4":"has-post-thumbnail","6":"product_cat-lamparas-de-sobremesa","7":"product_cat-outletiluminacion","8":"disenadores-richard-sapper","9":"marca-artemide-iluminando-vidas-con-arte-y-diseno","10":"sales-flash-overlay","11":"woocommerce-text-align-center","12":"woocommerce-image-align-center","13":"do-quantity-buttons","14":"wc-has-gallery","16":"first","17":"instock","18":"purchasable","19":"product-type-simple"},"acf":[],"_links":{"self":[{"href":"https:\/\/enlineabarcelona.com\/ca\/wp-json\/wp\/v2\/product\/14178","targetHints":{"allow":["GET"]}}],"collection":[{"href":"https:\/\/enlineabarcelona.com\/ca\/wp-json\/wp\/v2\/product"}],"about":[{"href":"https:\/\/enlineabarcelona.com\/ca\/wp-json\/wp\/v2\/types\/product"}],"replies":[{"embeddable":true,"href":"https:\/\/enlineabarcelona.com\/ca\/wp-json\/wp\/v2\/comments?post=14178"}],"wp:featuredmedia":[{"embeddable":true,"href":"https:\/\/enlineabarcelona.com\/ca\/wp-json\/wp\/v2\/media\/11032"}],"wp:attachment":[{"href":"https:\/\/enlineabarcelona.com\/ca\/wp-json\/wp\/v2\/media?parent=14178"}],"wp:term":[{"taxonomy":"product_cat","embeddable":true,"href":"https:\/\/enlineabarcelona.com\/ca\/wp-json\/wp\/v2\/product_cat?post=14178"},{"taxonomy":"product_tag","embeddable":true,"href":"https:\/\/enlineabarcelona.com\/ca\/wp-json\/wp\/v2\/product_tag?post=14178"},{"taxonomy":"disenadores","embeddable":true,"href":"https:\/\/enlineabarcelona.com\/ca\/wp-json\/wp\/v2\/disenadores?post=14178"},{"taxonomy":"marca","embeddable":true,"href":"https:\/\/enlineabarcelona.com\/ca\/wp-json\/wp\/v2\/marca?post=14178"}],"curies":[{"name":"wp","href":"https:\/\/api.w.org\/{rel}","templated":true}]}}