{"id":14179,"date":"2025-10-27T11:19:12","date_gmt":"2025-10-27T11:19:12","guid":{"rendered":"https:\/\/enlineabarcelona.com\/producto\/lampara-talo-pared\/"},"modified":"2025-10-27T11:19:24","modified_gmt":"2025-10-27T11:19:24","slug":"lampara-talo-pared","status":"publish","type":"product","link":"https:\/\/enlineabarcelona.com\/ca\/producto\/lampara-talo-pared\/","title":{"rendered":"L\u00e1mpara Talo Pared"},"content":{"rendered":"\n<p>Elemental y funcional, su geometr\u00eda se presta para alojar fuentes diferentes y circuitos LED de varias potencias, ampli\u00e1ndose para distribuir la emisi\u00f3n y soportar distintas necesidades lum\u00ednicas.<\/p>\n\n\n\n<p><a href=\"https:\/\/www.artemide.com\/es\/subfamily\/4298\/talo-pared#\" target=\"_blank\" rel=\"noopener\"><\/a><\/p>\n\n\n\n<p><\/p>\n","protected":false},"excerpt":{"rendered":"<p>Elemental y funcional, su geometr\u00eda se presta para alojar fuentes diferentes y circuitos LED de varias potencias, ampli\u00e1ndose para distribuir la emisi\u00f3n y soportar distintas necesidades lum\u00ednicas.<\/p>\n","protected":false},"featured_media":11051,"comment_status":"closed","ping_status":"open","template":"","meta":{"_acf_changed":false},"product_cat":[1226],"product_tag":[],"disenadores":[1233],"marca":[1159],"class_list":{"0":"post-14179","1":"product","2":"type-product","3":"status-publish","4":"has-post-thumbnail","6":"product_cat-outletiluminacion","7":"disenadores-neil-poulton","8":"marca-artemide-iluminando-vidas-con-arte-y-diseno","9":"sales-flash-overlay","10":"woocommerce-text-align-center","11":"woocommerce-image-align-center","12":"do-quantity-buttons","13":"wc-has-gallery","15":"first","16":"instock","17":"purchasable","18":"product-type-simple"},"acf":[],"_links":{"self":[{"href":"https:\/\/enlineabarcelona.com\/ca\/wp-json\/wp\/v2\/product\/14179","targetHints":{"allow":["GET"]}}],"collection":[{"href":"https:\/\/enlineabarcelona.com\/ca\/wp-json\/wp\/v2\/product"}],"about":[{"href":"https:\/\/enlineabarcelona.com\/ca\/wp-json\/wp\/v2\/types\/product"}],"replies":[{"embeddable":true,"href":"https:\/\/enlineabarcelona.com\/ca\/wp-json\/wp\/v2\/comments?post=14179"}],"wp:featuredmedia":[{"embeddable":true,"href":"https:\/\/enlineabarcelona.com\/ca\/wp-json\/wp\/v2\/media\/11051"}],"wp:attachment":[{"href":"https:\/\/enlineabarcelona.com\/ca\/wp-json\/wp\/v2\/media?parent=14179"}],"wp:term":[{"taxonomy":"product_cat","embeddable":true,"href":"https:\/\/enlineabarcelona.com\/ca\/wp-json\/wp\/v2\/product_cat?post=14179"},{"taxonomy":"product_tag","embeddable":true,"href":"https:\/\/enlineabarcelona.com\/ca\/wp-json\/wp\/v2\/product_tag?post=14179"},{"taxonomy":"disenadores","embeddable":true,"href":"https:\/\/enlineabarcelona.com\/ca\/wp-json\/wp\/v2\/disenadores?post=14179"},{"taxonomy":"marca","embeddable":true,"href":"https:\/\/enlineabarcelona.com\/ca\/wp-json\/wp\/v2\/marca?post=14179"}],"curies":[{"name":"wp","href":"https:\/\/api.w.org\/{rel}","templated":true}]}}