{"id":14180,"date":"2025-10-27T11:19:26","date_gmt":"2025-10-27T11:19:26","guid":{"rendered":"https:\/\/enlineabarcelona.com\/producto\/lampara-eclisse\/"},"modified":"2025-10-27T11:19:27","modified_gmt":"2025-10-27T11:19:27","slug":"lampara-eclisse","status":"publish","type":"product","link":"https:\/\/enlineabarcelona.com\/ca\/producto\/lampara-eclisse\/","title":{"rendered":"L\u00e1mpara Eclisse"},"content":{"rendered":"\n<p>Eclisse, dise\u00f1ada por Vico Magistretti en 1965, gan\u00f3 el premio Compasso d&#8217;Oro en 1967 y se convirti\u00f3 en embajadora del dise\u00f1o italiano en todo el mundo. Eclisse es un equilibrio vanguardista entre forma y funci\u00f3n, dise\u00f1o y utilidad. El fundamento del concepto reside en su funcionalidad de ajustar la intensidad de la luz mediante su pantalla interior giratoria que \u00abeclipsa\u00bb la fuente luminosa. De hecho, con una carcasa exterior fija y una carcasa interior m\u00f3vil, la l\u00e1mpara puede proporcionar luz directa o difusa.Eclisse tambi\u00e9n se puede instalar en la pared.<\/p>\n\n\n\n<p>Eclisse forma parte de la colecci\u00f3n permanente de los museos de dise\u00f1o m\u00e1s importantes, entre ellos el MoMa de Nueva York y el Triennale Design Museum de Mil\u00e1n.<\/p>\n\n\n\n<p><\/p>\n","protected":false},"excerpt":{"rendered":"<p>Eclisse, dise\u00f1ada por Vico Magistretti en 1965, gan\u00f3 el premio Compasso d&#8217;Oro en 1967 y se convirti\u00f3 en embajadora del dise\u00f1o italiano en todo el mundo. Eclisse es un equilibrio vanguardista entre forma y funci\u00f3n, dise\u00f1o y utilidad. El fundamento del concepto reside en su funcionalidad de ajustar la intensidad de la luz mediante su &#8230; <a title=\"L\u00e1mpara Eclisse\" class=\"read-more\" href=\"https:\/\/enlineabarcelona.com\/ca\/producto\/lampara-eclisse\/\" aria-label=\"M\u00e9s informaci\u00f3 sobre L\u00e1mpara Eclisse\">Llegiu m\u00e9s<\/a><\/p>\n","protected":false},"featured_media":11061,"comment_status":"closed","ping_status":"open","template":"","meta":{"_acf_changed":false},"product_cat":[1156,1198],"product_tag":[],"disenadores":[886],"marca":[1159],"class_list":{"0":"post-14180","1":"product","2":"type-product","3":"status-publish","4":"has-post-thumbnail","6":"product_cat-iluminacion","7":"product_cat-lamparas-de-sobremesa","8":"disenadores-vico-magistretti","9":"marca-artemide-iluminando-vidas-con-arte-y-diseno","10":"sales-flash-overlay","11":"woocommerce-text-align-center","12":"woocommerce-image-align-center","13":"do-quantity-buttons","14":"wc-has-gallery","16":"first","17":"instock","18":"purchasable","19":"product-type-simple"},"acf":[],"_links":{"self":[{"href":"https:\/\/enlineabarcelona.com\/ca\/wp-json\/wp\/v2\/product\/14180","targetHints":{"allow":["GET"]}}],"collection":[{"href":"https:\/\/enlineabarcelona.com\/ca\/wp-json\/wp\/v2\/product"}],"about":[{"href":"https:\/\/enlineabarcelona.com\/ca\/wp-json\/wp\/v2\/types\/product"}],"replies":[{"embeddable":true,"href":"https:\/\/enlineabarcelona.com\/ca\/wp-json\/wp\/v2\/comments?post=14180"}],"wp:featuredmedia":[{"embeddable":true,"href":"https:\/\/enlineabarcelona.com\/ca\/wp-json\/wp\/v2\/media\/11061"}],"wp:attachment":[{"href":"https:\/\/enlineabarcelona.com\/ca\/wp-json\/wp\/v2\/media?parent=14180"}],"wp:term":[{"taxonomy":"product_cat","embeddable":true,"href":"https:\/\/enlineabarcelona.com\/ca\/wp-json\/wp\/v2\/product_cat?post=14180"},{"taxonomy":"product_tag","embeddable":true,"href":"https:\/\/enlineabarcelona.com\/ca\/wp-json\/wp\/v2\/product_tag?post=14180"},{"taxonomy":"disenadores","embeddable":true,"href":"https:\/\/enlineabarcelona.com\/ca\/wp-json\/wp\/v2\/disenadores?post=14180"},{"taxonomy":"marca","embeddable":true,"href":"https:\/\/enlineabarcelona.com\/ca\/wp-json\/wp\/v2\/marca?post=14180"}],"curies":[{"name":"wp","href":"https:\/\/api.w.org\/{rel}","templated":true}]}}