{"id":14182,"date":"2025-10-27T11:19:26","date_gmt":"2025-10-27T11:19:26","guid":{"rendered":"https:\/\/enlineabarcelona.com\/producto\/sillon-tattomi\/"},"modified":"2025-10-27T11:19:28","modified_gmt":"2025-10-27T11:19:28","slug":"sillon-tattomi","status":"publish","type":"product","link":"https:\/\/enlineabarcelona.com\/ca\/producto\/sillon-tattomi\/","title":{"rendered":"Sill\u00f3n Tattomi"},"content":{"rendered":"\n<p>Sill\u00f3n, chaise longue y cama. Todo en uno. El proyecto, de inspiraci\u00f3n japonesa, es obra de los dise\u00f1adores Ingo Maurer y Jan Armgardt. La posici\u00f3n de los distintos elementos de la estructura puede modificarse e inclinarse para la lectura o la siesta, para alguien que se queda a dormir de forma improvisada o simplemente para ver una pel\u00edcula, con o sin compa\u00f1\u00eda. En cualquier caso, resulta extremadamente c\u00f3modo.<br><\/p>\n","protected":false},"excerpt":{"rendered":"<p>Sill\u00f3n, chaise longue y cama. Todo en uno. El proyecto, de inspiraci\u00f3n japonesa, es obra de los dise\u00f1adores Ingo Maurer y Jan Armgardt. La posici\u00f3n de los distintos elementos de la estructura puede modificarse e inclinarse para la lectura o la siesta, para alguien que se queda a dormir de forma improvisada o simplemente para &#8230; <a title=\"Sill\u00f3n Tattomi\" class=\"read-more\" href=\"https:\/\/enlineabarcelona.com\/ca\/producto\/sillon-tattomi\/\" aria-label=\"M\u00e9s informaci\u00f3 sobre Sill\u00f3n Tattomi\">Llegiu m\u00e9s<\/a><\/p>\n","protected":false},"featured_media":11093,"comment_status":"closed","ping_status":"open","template":"","meta":{"_acf_changed":false},"product_cat":[1219,1234,1235,298],"product_tag":[],"disenadores":[1236],"marca":[51],"class_list":{"0":"post-14182","1":"product","2":"type-product","3":"status-publish","4":"has-post-thumbnail","6":"product_cat-butacasmobiliario","7":"product_cat-camasmobiliario","8":"product_cat-chaise-longue","9":"product_cat-mobiliario","10":"disenadores-ingo-maurerjan-armgardt","11":"marca-de-padova","12":"sales-flash-overlay","13":"woocommerce-text-align-center","14":"woocommerce-image-align-center","15":"do-quantity-buttons","16":"wc-has-gallery","18":"first","19":"instock","20":"purchasable","21":"product-type-simple"},"acf":[],"_links":{"self":[{"href":"https:\/\/enlineabarcelona.com\/ca\/wp-json\/wp\/v2\/product\/14182","targetHints":{"allow":["GET"]}}],"collection":[{"href":"https:\/\/enlineabarcelona.com\/ca\/wp-json\/wp\/v2\/product"}],"about":[{"href":"https:\/\/enlineabarcelona.com\/ca\/wp-json\/wp\/v2\/types\/product"}],"replies":[{"embeddable":true,"href":"https:\/\/enlineabarcelona.com\/ca\/wp-json\/wp\/v2\/comments?post=14182"}],"wp:featuredmedia":[{"embeddable":true,"href":"https:\/\/enlineabarcelona.com\/ca\/wp-json\/wp\/v2\/media\/11093"}],"wp:attachment":[{"href":"https:\/\/enlineabarcelona.com\/ca\/wp-json\/wp\/v2\/media?parent=14182"}],"wp:term":[{"taxonomy":"product_cat","embeddable":true,"href":"https:\/\/enlineabarcelona.com\/ca\/wp-json\/wp\/v2\/product_cat?post=14182"},{"taxonomy":"product_tag","embeddable":true,"href":"https:\/\/enlineabarcelona.com\/ca\/wp-json\/wp\/v2\/product_tag?post=14182"},{"taxonomy":"disenadores","embeddable":true,"href":"https:\/\/enlineabarcelona.com\/ca\/wp-json\/wp\/v2\/disenadores?post=14182"},{"taxonomy":"marca","embeddable":true,"href":"https:\/\/enlineabarcelona.com\/ca\/wp-json\/wp\/v2\/marca?post=14182"}],"curies":[{"name":"wp","href":"https:\/\/api.w.org\/{rel}","templated":true}]}}