{"id":14183,"date":"2025-10-27T11:19:26","date_gmt":"2025-10-27T11:19:26","guid":{"rendered":"https:\/\/enlineabarcelona.com\/producto\/aparador-alterego-low\/"},"modified":"2025-10-27T11:19:29","modified_gmt":"2025-10-27T11:19:29","slug":"aparador-alterego-low","status":"publish","type":"product","link":"https:\/\/enlineabarcelona.com\/ca\/producto\/aparador-alterego-low\/","title":{"rendered":"Aparador Alterego low"},"content":{"rendered":"\n<p>Alterego low nace de la sensibilidad del dise\u00f1ador Giacomo Moor por la artesan\u00eda, unida a la capacidad de Acerbis para experimentar e innovar. Las proporciones del aparador son generosas, pero la base transparente, casi invisible, y el resplandor de la retroiluminaci\u00f3n crean un efecto \u00f3ptico inusualmente bello de ligereza suspendida. Visualmente, el panel frontal de altura completa parece ser el \u00fanico elemento de soporte, pero no es m\u00e1s que una puerta corredera a los compartimentos principales del interior.<\/p>\n\n\n\n<p>Alterego low est\u00e1 dedicado tanto al almacenamiento como al entretenimiento dom\u00e9stico, dise\u00f1ado para alojar sistemas multimedia con su espacio central provisto de estantes de cristal y orificios para cables. El compartimento del caj\u00f3n est\u00e1 retroiluminado y puede equiparse con un accesorio de barra portabotellas de metacrilato opalescente.<\/p>\n\n\n\n<p><\/p>\n","protected":false},"excerpt":{"rendered":"<p>Alterego low nace de la sensibilidad del dise\u00f1ador Giacomo Moor por la artesan\u00eda, unida a la capacidad de Acerbis para experimentar e innovar. Las proporciones del aparador son generosas, pero la base transparente, casi invisible, y el resplandor de la retroiluminaci\u00f3n crean un efecto \u00f3ptico inusualmente bello de ligereza suspendida. Visualmente, el panel frontal de &#8230; <a title=\"Aparador Alterego low\" class=\"read-more\" href=\"https:\/\/enlineabarcelona.com\/ca\/producto\/aparador-alterego-low\/\" aria-label=\"M\u00e9s informaci\u00f3 sobre Aparador Alterego low\">Llegiu m\u00e9s<\/a><\/p>\n","protected":false},"featured_media":11109,"comment_status":"closed","ping_status":"open","template":"","meta":{"_acf_changed":false},"product_cat":[298],"product_tag":[],"disenadores":[822],"marca":[1237],"class_list":{"0":"post-14183","1":"product","2":"type-product","3":"status-publish","4":"has-post-thumbnail","6":"product_cat-mobiliario","7":"disenadores-giacomo-moor","8":"marca-acerbis","9":"sales-flash-overlay","10":"woocommerce-text-align-center","11":"woocommerce-image-align-center","12":"do-quantity-buttons","13":"wc-has-gallery","15":"first","16":"instock","17":"purchasable","18":"product-type-simple"},"acf":[],"_links":{"self":[{"href":"https:\/\/enlineabarcelona.com\/ca\/wp-json\/wp\/v2\/product\/14183","targetHints":{"allow":["GET"]}}],"collection":[{"href":"https:\/\/enlineabarcelona.com\/ca\/wp-json\/wp\/v2\/product"}],"about":[{"href":"https:\/\/enlineabarcelona.com\/ca\/wp-json\/wp\/v2\/types\/product"}],"replies":[{"embeddable":true,"href":"https:\/\/enlineabarcelona.com\/ca\/wp-json\/wp\/v2\/comments?post=14183"}],"wp:featuredmedia":[{"embeddable":true,"href":"https:\/\/enlineabarcelona.com\/ca\/wp-json\/wp\/v2\/media\/11109"}],"wp:attachment":[{"href":"https:\/\/enlineabarcelona.com\/ca\/wp-json\/wp\/v2\/media?parent=14183"}],"wp:term":[{"taxonomy":"product_cat","embeddable":true,"href":"https:\/\/enlineabarcelona.com\/ca\/wp-json\/wp\/v2\/product_cat?post=14183"},{"taxonomy":"product_tag","embeddable":true,"href":"https:\/\/enlineabarcelona.com\/ca\/wp-json\/wp\/v2\/product_tag?post=14183"},{"taxonomy":"disenadores","embeddable":true,"href":"https:\/\/enlineabarcelona.com\/ca\/wp-json\/wp\/v2\/disenadores?post=14183"},{"taxonomy":"marca","embeddable":true,"href":"https:\/\/enlineabarcelona.com\/ca\/wp-json\/wp\/v2\/marca?post=14183"}],"curies":[{"name":"wp","href":"https:\/\/api.w.org\/{rel}","templated":true}]}}