{"id":14184,"date":"2025-10-27T11:19:26","date_gmt":"2025-10-27T11:19:26","guid":{"rendered":"https:\/\/enlineabarcelona.com\/producto\/lampampe-lamp\/"},"modified":"2025-10-27T11:19:29","modified_gmt":"2025-10-27T11:19:29","slug":"lampampe-lamp","status":"publish","type":"product","link":"https:\/\/enlineabarcelona.com\/ca\/producto\/lampampe-lamp\/","title":{"rendered":"Lampampe Lamp"},"content":{"rendered":"\n<p>Lampampe forma parte de una serie de sencillas l\u00e1mparas de papel japon\u00e9s que Ingo Maurer desarroll\u00f3 a finales de los a\u00f1os setenta y principios de los ochenta. En este dise\u00f1o, retoma la forma de las pantallas tradicionales y, sin embargo, formula una nueva est\u00e9tica. Las pantallas se fabrican a mano en nuestra planta de producci\u00f3n de M\u00fanich. El papel crea una luz suave y totalmente antideslumbrante. El papel est\u00e1 ligeramente arrugado como elemento de dise\u00f1o deliberado.<\/p>\n\n\n\n<p><\/p>\n","protected":false},"excerpt":{"rendered":"<p>Lampampe forma parte de una serie de sencillas l\u00e1mparas de papel japon\u00e9s que Ingo Maurer desarroll\u00f3 a finales de los a\u00f1os setenta y principios de los ochenta. En este dise\u00f1o, retoma la forma de las pantallas tradicionales y, sin embargo, formula una nueva est\u00e9tica. Las pantallas se fabrican a mano en nuestra planta de producci\u00f3n &#8230; <a title=\"Lampampe Lamp\" class=\"read-more\" href=\"https:\/\/enlineabarcelona.com\/ca\/producto\/lampampe-lamp\/\" aria-label=\"M\u00e9s informaci\u00f3 sobre Lampampe Lamp\">Llegiu m\u00e9s<\/a><\/p>\n","protected":false},"featured_media":11125,"comment_status":"closed","ping_status":"open","template":"","meta":{"_acf_changed":false},"product_cat":[1156],"product_tag":[],"disenadores":[874],"marca":[131],"class_list":{"0":"post-14184","1":"product","2":"type-product","3":"status-publish","4":"has-post-thumbnail","6":"product_cat-iluminacion","7":"disenadores-ingo-maurer","8":"marca-ingo-maurer","9":"sales-flash-overlay","10":"woocommerce-text-align-center","11":"woocommerce-image-align-center","12":"do-quantity-buttons","13":"wc-has-gallery","15":"first","16":"instock","17":"purchasable","18":"product-type-simple"},"acf":[],"_links":{"self":[{"href":"https:\/\/enlineabarcelona.com\/ca\/wp-json\/wp\/v2\/product\/14184","targetHints":{"allow":["GET"]}}],"collection":[{"href":"https:\/\/enlineabarcelona.com\/ca\/wp-json\/wp\/v2\/product"}],"about":[{"href":"https:\/\/enlineabarcelona.com\/ca\/wp-json\/wp\/v2\/types\/product"}],"replies":[{"embeddable":true,"href":"https:\/\/enlineabarcelona.com\/ca\/wp-json\/wp\/v2\/comments?post=14184"}],"wp:featuredmedia":[{"embeddable":true,"href":"https:\/\/enlineabarcelona.com\/ca\/wp-json\/wp\/v2\/media\/11125"}],"wp:attachment":[{"href":"https:\/\/enlineabarcelona.com\/ca\/wp-json\/wp\/v2\/media?parent=14184"}],"wp:term":[{"taxonomy":"product_cat","embeddable":true,"href":"https:\/\/enlineabarcelona.com\/ca\/wp-json\/wp\/v2\/product_cat?post=14184"},{"taxonomy":"product_tag","embeddable":true,"href":"https:\/\/enlineabarcelona.com\/ca\/wp-json\/wp\/v2\/product_tag?post=14184"},{"taxonomy":"disenadores","embeddable":true,"href":"https:\/\/enlineabarcelona.com\/ca\/wp-json\/wp\/v2\/disenadores?post=14184"},{"taxonomy":"marca","embeddable":true,"href":"https:\/\/enlineabarcelona.com\/ca\/wp-json\/wp\/v2\/marca?post=14184"}],"curies":[{"name":"wp","href":"https:\/\/api.w.org\/{rel}","templated":true}]}}