{"id":14185,"date":"2025-10-27T11:19:26","date_gmt":"2025-10-27T11:19:26","guid":{"rendered":"https:\/\/enlineabarcelona.com\/producto\/lampara-snoopy-azul-marino\/"},"modified":"2025-10-27T11:19:30","modified_gmt":"2025-10-27T11:19:30","slug":"lampara-snoopy-azul-marino","status":"publish","type":"product","link":"https:\/\/enlineabarcelona.com\/ca\/producto\/lampara-snoopy-azul-marino\/","title":{"rendered":"L\u00e1mpara Snoopy &#8211; Azul Marino"},"content":{"rendered":"\n<p>Presentamos Snoopy Blue, una mezcla perfecta de funcionalidad, innovaci\u00f3n y est\u00e9tica l\u00fadica. Creado por Achille y Pier Giacomo Castiglioni en 1967, Snoopy sigue siendo un icono del dise\u00f1o de iluminaci\u00f3n.<br>La \u00faltima incorporaci\u00f3n a la cuidada paleta de colores es un sofisticado azul marino, inspirado en la anterior l\u00e1mpara Sciuko de los Castiglioni como parte de un reflexivo proceso guiado por Flos. Esta \u00faltima iteraci\u00f3n demuestra que el gran dise\u00f1o no desaparece, sino que evoluciona.<\/p>\n","protected":false},"excerpt":{"rendered":"<p>Presentamos Snoopy Blue, una mezcla perfecta de funcionalidad, innovaci\u00f3n y est\u00e9tica l\u00fadica. Creado por Achille y Pier Giacomo Castiglioni en 1967, Snoopy sigue siendo un icono del dise\u00f1o de iluminaci\u00f3n.La \u00faltima incorporaci\u00f3n a la cuidada paleta de colores es un sofisticado azul marino, inspirado en la anterior l\u00e1mpara Sciuko de los Castiglioni como parte de &#8230; <a title=\"L\u00e1mpara Snoopy &#8211; Azul Marino\" class=\"read-more\" href=\"https:\/\/enlineabarcelona.com\/ca\/producto\/lampara-snoopy-azul-marino\/\" aria-label=\"M\u00e9s informaci\u00f3 sobre L\u00e1mpara Snoopy &#8211; Azul Marino\">Llegiu m\u00e9s<\/a><\/p>\n","protected":false},"featured_media":11144,"comment_status":"closed","ping_status":"open","template":"","meta":{"_acf_changed":false},"product_cat":[1156,1198],"product_tag":[],"disenadores":[883],"marca":[],"class_list":{"0":"post-14185","1":"product","2":"type-product","3":"status-publish","4":"has-post-thumbnail","6":"product_cat-iluminacion","7":"product_cat-lamparas-de-sobremesa","8":"disenadores-achille-pier-giacomo-castiglioni","9":"sales-flash-overlay","10":"woocommerce-text-align-center","11":"woocommerce-image-align-center","12":"do-quantity-buttons","13":"wc-has-gallery","15":"first","16":"instock","17":"purchasable","18":"product-type-simple"},"acf":[],"_links":{"self":[{"href":"https:\/\/enlineabarcelona.com\/ca\/wp-json\/wp\/v2\/product\/14185","targetHints":{"allow":["GET"]}}],"collection":[{"href":"https:\/\/enlineabarcelona.com\/ca\/wp-json\/wp\/v2\/product"}],"about":[{"href":"https:\/\/enlineabarcelona.com\/ca\/wp-json\/wp\/v2\/types\/product"}],"replies":[{"embeddable":true,"href":"https:\/\/enlineabarcelona.com\/ca\/wp-json\/wp\/v2\/comments?post=14185"}],"wp:featuredmedia":[{"embeddable":true,"href":"https:\/\/enlineabarcelona.com\/ca\/wp-json\/wp\/v2\/media\/11144"}],"wp:attachment":[{"href":"https:\/\/enlineabarcelona.com\/ca\/wp-json\/wp\/v2\/media?parent=14185"}],"wp:term":[{"taxonomy":"product_cat","embeddable":true,"href":"https:\/\/enlineabarcelona.com\/ca\/wp-json\/wp\/v2\/product_cat?post=14185"},{"taxonomy":"product_tag","embeddable":true,"href":"https:\/\/enlineabarcelona.com\/ca\/wp-json\/wp\/v2\/product_tag?post=14185"},{"taxonomy":"disenadores","embeddable":true,"href":"https:\/\/enlineabarcelona.com\/ca\/wp-json\/wp\/v2\/disenadores?post=14185"},{"taxonomy":"marca","embeddable":true,"href":"https:\/\/enlineabarcelona.com\/ca\/wp-json\/wp\/v2\/marca?post=14185"}],"curies":[{"name":"wp","href":"https:\/\/api.w.org\/{rel}","templated":true}]}}