{"id":14186,"date":"2025-10-27T11:19:26","date_gmt":"2025-10-27T11:19:26","guid":{"rendered":"https:\/\/enlineabarcelona.com\/producto\/aparador-alterego\/"},"modified":"2025-10-27T11:19:31","modified_gmt":"2025-10-27T11:19:31","slug":"aparador-alterego","status":"publish","type":"product","link":"https:\/\/enlineabarcelona.com\/ca\/producto\/aparador-alterego\/","title":{"rendered":"Aparador Alterego"},"content":{"rendered":"\n<p>En sus \u00faltimos trabajos para Acerbis, Giacomo Moor imbuye al aparador Alterego, versi\u00f3n alta, del espejismo de la suspensi\u00f3n en una maravilla del ingenio del dise\u00f1o. La puerta corredera a toda altura parece, imposiblemente, soportar el peso, que en cambio es sostenido por la base de metacrilato transparente. El contraste de la madera y el metal cepillado a mano subraya la identidad artesanal de los aparadores.<\/p>\n\n\n\n<p>Las dos piezas comparten medidas y estructura, pero la colocaci\u00f3n asim\u00e9trica de la puerta corredera hace que cada una sea \u00fanica e ideal para maridar.<\/p>\n\n\n\n<p><\/p>\n\n\n\n<p><\/p>\n","protected":false},"excerpt":{"rendered":"<p>En sus \u00faltimos trabajos para Acerbis, Giacomo Moor imbuye al aparador Alterego, versi\u00f3n alta, del espejismo de la suspensi\u00f3n en una maravilla del ingenio del dise\u00f1o. La puerta corredera a toda altura parece, imposiblemente, soportar el peso, que en cambio es sostenido por la base de metacrilato transparente. El contraste de la madera y el &#8230; <a title=\"Aparador Alterego\" class=\"read-more\" href=\"https:\/\/enlineabarcelona.com\/ca\/producto\/aparador-alterego\/\" aria-label=\"M\u00e9s informaci\u00f3 sobre Aparador Alterego\">Llegiu m\u00e9s<\/a><\/p>\n","protected":false},"featured_media":11160,"comment_status":"closed","ping_status":"open","template":"","meta":{"_acf_changed":false},"product_cat":[298],"product_tag":[],"disenadores":[822],"marca":[1237],"class_list":{"0":"post-14186","1":"product","2":"type-product","3":"status-publish","4":"has-post-thumbnail","6":"product_cat-mobiliario","7":"disenadores-giacomo-moor","8":"marca-acerbis","9":"sales-flash-overlay","10":"woocommerce-text-align-center","11":"woocommerce-image-align-center","12":"do-quantity-buttons","13":"wc-has-gallery","15":"first","16":"instock","17":"purchasable","18":"product-type-simple"},"acf":[],"_links":{"self":[{"href":"https:\/\/enlineabarcelona.com\/ca\/wp-json\/wp\/v2\/product\/14186","targetHints":{"allow":["GET"]}}],"collection":[{"href":"https:\/\/enlineabarcelona.com\/ca\/wp-json\/wp\/v2\/product"}],"about":[{"href":"https:\/\/enlineabarcelona.com\/ca\/wp-json\/wp\/v2\/types\/product"}],"replies":[{"embeddable":true,"href":"https:\/\/enlineabarcelona.com\/ca\/wp-json\/wp\/v2\/comments?post=14186"}],"wp:featuredmedia":[{"embeddable":true,"href":"https:\/\/enlineabarcelona.com\/ca\/wp-json\/wp\/v2\/media\/11160"}],"wp:attachment":[{"href":"https:\/\/enlineabarcelona.com\/ca\/wp-json\/wp\/v2\/media?parent=14186"}],"wp:term":[{"taxonomy":"product_cat","embeddable":true,"href":"https:\/\/enlineabarcelona.com\/ca\/wp-json\/wp\/v2\/product_cat?post=14186"},{"taxonomy":"product_tag","embeddable":true,"href":"https:\/\/enlineabarcelona.com\/ca\/wp-json\/wp\/v2\/product_tag?post=14186"},{"taxonomy":"disenadores","embeddable":true,"href":"https:\/\/enlineabarcelona.com\/ca\/wp-json\/wp\/v2\/disenadores?post=14186"},{"taxonomy":"marca","embeddable":true,"href":"https:\/\/enlineabarcelona.com\/ca\/wp-json\/wp\/v2\/marca?post=14186"}],"curies":[{"name":"wp","href":"https:\/\/api.w.org\/{rel}","templated":true}]}}