{"id":14187,"date":"2025-10-27T11:19:26","date_gmt":"2025-10-27T11:19:26","guid":{"rendered":"https:\/\/enlineabarcelona.com\/producto\/mesa-axis\/"},"modified":"2025-10-27T11:19:31","modified_gmt":"2025-10-27T11:19:31","slug":"mesa-axis","status":"publish","type":"product","link":"https:\/\/enlineabarcelona.com\/ca\/producto\/mesa-axis\/","title":{"rendered":"Mesa Axis"},"content":{"rendered":"\n<p>Un dise\u00f1o ultrafino, que sorprende continuamente al ojo con formas que son ligeras y a\u00e9reas desde un \u00e1ngulo, o purificadas y monumentales desde otro, una maravilla de ilusi\u00f3n \u00f3ptica creada con el minimalismo simplista y juguet\u00f3n caracter\u00edstico de los dise\u00f1adores Gabriele y Oscar Buratti.<\/p>\n\n\n\n<p><br>El d\u00fao, premiado internacionalmente, ha creado una mesa \u00fanica con cuatro patas delgadas colocadas inusualmente en \u00e1ngulos de 90 grados, lo que produce efectos \u00f3pticos que van desde la casi ingravidez a la firme estabilidad, al tiempo que permite una disposici\u00f3n flexible de los asientos.<\/p>\n\n\n\n<p><br>Con el tablero extraplano, la mesa est\u00e1 fabricada en material compuesto chapado con maderas preciosas, o en cristal lacado por el rev\u00e9s. El tablero se apoya en cuatro patas de acero inoxidable pulido reflectante o acero bru\u00f1ido cepillado, colocadas en ejes perpendiculares opuestos.<\/p>\n\n\n\n<p><\/p>\n","protected":false},"excerpt":{"rendered":"<p>Un dise\u00f1o ultrafino, que sorprende continuamente al ojo con formas que son ligeras y a\u00e9reas desde un \u00e1ngulo, o purificadas y monumentales desde otro, una maravilla de ilusi\u00f3n \u00f3ptica creada con el minimalismo simplista y juguet\u00f3n caracter\u00edstico de los dise\u00f1adores Gabriele y Oscar Buratti. El d\u00fao, premiado internacionalmente, ha creado una mesa \u00fanica con cuatro &#8230; <a title=\"Mesa Axis\" class=\"read-more\" href=\"https:\/\/enlineabarcelona.com\/ca\/producto\/mesa-axis\/\" aria-label=\"M\u00e9s informaci\u00f3 sobre Mesa Axis\">Llegiu m\u00e9s<\/a><\/p>\n","protected":false},"featured_media":11173,"comment_status":"closed","ping_status":"open","template":"","meta":{"_acf_changed":false},"product_cat":[289,298],"product_tag":[],"disenadores":[788],"marca":[1237],"class_list":{"0":"post-14187","1":"product","2":"type-product","3":"status-publish","4":"has-post-thumbnail","6":"product_cat-mesas","7":"product_cat-mobiliario","8":"disenadores-gabriele-oscar-buratti","9":"marca-acerbis","10":"sales-flash-overlay","11":"woocommerce-text-align-center","12":"woocommerce-image-align-center","13":"do-quantity-buttons","14":"wc-has-gallery","16":"first","17":"instock","18":"purchasable","19":"product-type-simple"},"acf":[],"_links":{"self":[{"href":"https:\/\/enlineabarcelona.com\/ca\/wp-json\/wp\/v2\/product\/14187","targetHints":{"allow":["GET"]}}],"collection":[{"href":"https:\/\/enlineabarcelona.com\/ca\/wp-json\/wp\/v2\/product"}],"about":[{"href":"https:\/\/enlineabarcelona.com\/ca\/wp-json\/wp\/v2\/types\/product"}],"replies":[{"embeddable":true,"href":"https:\/\/enlineabarcelona.com\/ca\/wp-json\/wp\/v2\/comments?post=14187"}],"wp:featuredmedia":[{"embeddable":true,"href":"https:\/\/enlineabarcelona.com\/ca\/wp-json\/wp\/v2\/media\/11173"}],"wp:attachment":[{"href":"https:\/\/enlineabarcelona.com\/ca\/wp-json\/wp\/v2\/media?parent=14187"}],"wp:term":[{"taxonomy":"product_cat","embeddable":true,"href":"https:\/\/enlineabarcelona.com\/ca\/wp-json\/wp\/v2\/product_cat?post=14187"},{"taxonomy":"product_tag","embeddable":true,"href":"https:\/\/enlineabarcelona.com\/ca\/wp-json\/wp\/v2\/product_tag?post=14187"},{"taxonomy":"disenadores","embeddable":true,"href":"https:\/\/enlineabarcelona.com\/ca\/wp-json\/wp\/v2\/disenadores?post=14187"},{"taxonomy":"marca","embeddable":true,"href":"https:\/\/enlineabarcelona.com\/ca\/wp-json\/wp\/v2\/marca?post=14187"}],"curies":[{"name":"wp","href":"https:\/\/api.w.org\/{rel}","templated":true}]}}