{"id":14188,"date":"2025-10-27T11:19:26","date_gmt":"2025-10-27T11:19:26","guid":{"rendered":"https:\/\/enlineabarcelona.com\/producto\/mesita-florian\/"},"modified":"2025-10-27T11:19:32","modified_gmt":"2025-10-27T11:19:32","slug":"mesita-florian","status":"publish","type":"product","link":"https:\/\/enlineabarcelona.com\/ca\/producto\/mesita-florian\/","title":{"rendered":"Mesita Florian"},"content":{"rendered":"\n<p>Creada originalmente por Vico Magistretti en 1989, la mesa baja Florian es uno de los nuevos dise\u00f1os 2021 remasterizados de los archivos de Acerbis. Ingeniosamente funcional, la Florian representa la suprema simplicidad de Magistretti, con una mesa ligera de varios niveles construida sobre una estructura plegable inspirada en el palo de una escoba, que se pliega para colgarse en la pared como un objeto gr\u00e1fico de c\u00edrculos y l\u00edneas.<br>En la versi\u00f3n de Francesco Meda y David L\u00f3pez Quincoces, el tama\u00f1o de la Florian se adapta a la vida moderna, su estructura de madera de fresno se pliega suave y r\u00e1pidamente con un moderno mecanismo de lat\u00f3n, y su impacto gr\u00e1fico se refuerza con tonos lacados de amarillo mostaza, verde oscuro y rojo ladrillo: un paspart\u00fa democr\u00e1tico para el hogar contempor\u00e1neo.<\/p>\n","protected":false},"excerpt":{"rendered":"<p>Creada originalmente por Vico Magistretti en 1989, la mesa baja Florian es uno de los nuevos dise\u00f1os 2021 remasterizados de los archivos de Acerbis. Ingeniosamente funcional, la Florian representa la suprema simplicidad de Magistretti, con una mesa ligera de varios niveles construida sobre una estructura plegable inspirada en el palo de una escoba, que se &#8230; <a title=\"Mesita Florian\" class=\"read-more\" href=\"https:\/\/enlineabarcelona.com\/ca\/producto\/mesita-florian\/\" aria-label=\"M\u00e9s informaci\u00f3 sobre Mesita Florian\">Llegiu m\u00e9s<\/a><\/p>\n","protected":false},"featured_media":11189,"comment_status":"closed","ping_status":"open","template":"","meta":{"_acf_changed":false},"product_cat":[289,298],"product_tag":[],"disenadores":[886],"marca":[1237],"class_list":{"0":"post-14188","1":"product","2":"type-product","3":"status-publish","4":"has-post-thumbnail","6":"product_cat-mesas","7":"product_cat-mobiliario","8":"disenadores-vico-magistretti","9":"marca-acerbis","10":"sales-flash-overlay","11":"woocommerce-text-align-center","12":"woocommerce-image-align-center","13":"do-quantity-buttons","14":"wc-has-gallery","16":"first","17":"instock","18":"purchasable","19":"product-type-simple"},"acf":[],"_links":{"self":[{"href":"https:\/\/enlineabarcelona.com\/ca\/wp-json\/wp\/v2\/product\/14188","targetHints":{"allow":["GET"]}}],"collection":[{"href":"https:\/\/enlineabarcelona.com\/ca\/wp-json\/wp\/v2\/product"}],"about":[{"href":"https:\/\/enlineabarcelona.com\/ca\/wp-json\/wp\/v2\/types\/product"}],"replies":[{"embeddable":true,"href":"https:\/\/enlineabarcelona.com\/ca\/wp-json\/wp\/v2\/comments?post=14188"}],"wp:featuredmedia":[{"embeddable":true,"href":"https:\/\/enlineabarcelona.com\/ca\/wp-json\/wp\/v2\/media\/11189"}],"wp:attachment":[{"href":"https:\/\/enlineabarcelona.com\/ca\/wp-json\/wp\/v2\/media?parent=14188"}],"wp:term":[{"taxonomy":"product_cat","embeddable":true,"href":"https:\/\/enlineabarcelona.com\/ca\/wp-json\/wp\/v2\/product_cat?post=14188"},{"taxonomy":"product_tag","embeddable":true,"href":"https:\/\/enlineabarcelona.com\/ca\/wp-json\/wp\/v2\/product_tag?post=14188"},{"taxonomy":"disenadores","embeddable":true,"href":"https:\/\/enlineabarcelona.com\/ca\/wp-json\/wp\/v2\/disenadores?post=14188"},{"taxonomy":"marca","embeddable":true,"href":"https:\/\/enlineabarcelona.com\/ca\/wp-json\/wp\/v2\/marca?post=14188"}],"curies":[{"name":"wp","href":"https:\/\/api.w.org\/{rel}","templated":true}]}}