{"id":14189,"date":"2025-10-27T11:19:26","date_gmt":"2025-10-27T11:19:26","guid":{"rendered":"https:\/\/enlineabarcelona.com\/producto\/silla-jot\/"},"modified":"2025-10-27T11:19:33","modified_gmt":"2025-10-27T11:19:33","slug":"silla-jot","status":"publish","type":"product","link":"https:\/\/enlineabarcelona.com\/ca\/producto\/silla-jot\/","title":{"rendered":"Silla Jot"},"content":{"rendered":"\n<p>Celebrando el acero inoxidable en la tradici\u00f3n de la Bauhaus, la silla Jot de estructura tubular cromada lleva su forma en picado y ballet\u00edstica a la era contempor\u00e1nea con una nueva versi\u00f3n purificada de cualquier pintura o tinte que pudiera ocultar la esencia de sus poderosos elementos de metal y cuero crudo. Un ejemplo ic\u00f3nico del magistral uso que Giotto Stoppino hace de los estilos de sillas en voladizo y de su m\u00e9todo exploratorio con los materiales.<\/p>\n","protected":false},"excerpt":{"rendered":"<p>Celebrando el acero inoxidable en la tradici\u00f3n de la Bauhaus, la silla Jot de estructura tubular cromada lleva su forma en picado y ballet\u00edstica a la era contempor\u00e1nea con una nueva versi\u00f3n purificada de cualquier pintura o tinte que pudiera ocultar la esencia de sus poderosos elementos de metal y cuero crudo. Un ejemplo ic\u00f3nico &#8230; <a title=\"Silla Jot\" class=\"read-more\" href=\"https:\/\/enlineabarcelona.com\/ca\/producto\/silla-jot\/\" aria-label=\"M\u00e9s informaci\u00f3 sobre Silla Jot\">Llegiu m\u00e9s<\/a><\/p>\n","protected":false},"featured_media":11208,"comment_status":"closed","ping_status":"open","template":"","meta":{"_acf_changed":false},"product_cat":[298,1139],"product_tag":[],"disenadores":[1238],"marca":[1237],"class_list":{"0":"post-14189","1":"product","2":"type-product","3":"status-publish","4":"has-post-thumbnail","6":"product_cat-mobiliario","7":"product_cat-sillas","8":"disenadores-giotto-stoppino","9":"marca-acerbis","10":"sales-flash-overlay","11":"woocommerce-text-align-center","12":"woocommerce-image-align-center","13":"do-quantity-buttons","14":"wc-has-gallery","16":"first","17":"instock","18":"purchasable","19":"product-type-simple"},"acf":[],"_links":{"self":[{"href":"https:\/\/enlineabarcelona.com\/ca\/wp-json\/wp\/v2\/product\/14189","targetHints":{"allow":["GET"]}}],"collection":[{"href":"https:\/\/enlineabarcelona.com\/ca\/wp-json\/wp\/v2\/product"}],"about":[{"href":"https:\/\/enlineabarcelona.com\/ca\/wp-json\/wp\/v2\/types\/product"}],"replies":[{"embeddable":true,"href":"https:\/\/enlineabarcelona.com\/ca\/wp-json\/wp\/v2\/comments?post=14189"}],"wp:featuredmedia":[{"embeddable":true,"href":"https:\/\/enlineabarcelona.com\/ca\/wp-json\/wp\/v2\/media\/11208"}],"wp:attachment":[{"href":"https:\/\/enlineabarcelona.com\/ca\/wp-json\/wp\/v2\/media?parent=14189"}],"wp:term":[{"taxonomy":"product_cat","embeddable":true,"href":"https:\/\/enlineabarcelona.com\/ca\/wp-json\/wp\/v2\/product_cat?post=14189"},{"taxonomy":"product_tag","embeddable":true,"href":"https:\/\/enlineabarcelona.com\/ca\/wp-json\/wp\/v2\/product_tag?post=14189"},{"taxonomy":"disenadores","embeddable":true,"href":"https:\/\/enlineabarcelona.com\/ca\/wp-json\/wp\/v2\/disenadores?post=14189"},{"taxonomy":"marca","embeddable":true,"href":"https:\/\/enlineabarcelona.com\/ca\/wp-json\/wp\/v2\/marca?post=14189"}],"curies":[{"name":"wp","href":"https:\/\/api.w.org\/{rel}","templated":true}]}}