{"id":14190,"date":"2025-10-27T11:19:26","date_gmt":"2025-10-27T11:19:26","guid":{"rendered":"https:\/\/enlineabarcelona.com\/producto\/mesita-lokum\/"},"modified":"2025-10-27T11:19:33","modified_gmt":"2025-10-27T11:19:33","slug":"mesita-lokum","status":"publish","type":"product","link":"https:\/\/enlineabarcelona.com\/ca\/producto\/mesita-lokum\/","title":{"rendered":"Mesita Lokum"},"content":{"rendered":"\n<p>Materia, luz y color se fusionan en un intenso juego material en la serie de mesas auxiliares Lokum, creadas por Sabine Marcelis\u00a0para Acerbis. Es una colecci\u00f3n que captura la sofisticaci\u00f3n de las formas minimalistas, realzada por la h\u00e1bil artesan\u00eda del vidrio soplado. Sabine Marcelis, conocida por su uso po\u00e9tico y meticuloso de las superficies reflectantes y los matices del color, ha concebido una colecci\u00f3n que irradia un encanto et\u00e9reo. Esta colecci\u00f3n genera notables juegos de luz y sombra.<\/p>\n","protected":false},"excerpt":{"rendered":"<p>Materia, luz y color se fusionan en un intenso juego material en la serie de mesas auxiliares Lokum, creadas por Sabine Marcelis\u00a0para Acerbis. Es una colecci\u00f3n que captura la sofisticaci\u00f3n de las formas minimalistas, realzada por la h\u00e1bil artesan\u00eda del vidrio soplado. Sabine Marcelis, conocida por su uso po\u00e9tico y meticuloso de las superficies reflectantes &#8230; <a title=\"Mesita Lokum\" class=\"read-more\" href=\"https:\/\/enlineabarcelona.com\/ca\/producto\/mesita-lokum\/\" aria-label=\"M\u00e9s informaci\u00f3 sobre Mesita Lokum\">Llegiu m\u00e9s<\/a><\/p>\n","protected":false},"featured_media":11227,"comment_status":"closed","ping_status":"open","template":"","meta":{"_acf_changed":false},"product_cat":[289,298],"product_tag":[],"disenadores":[881],"marca":[1237],"class_list":{"0":"post-14190","1":"product","2":"type-product","3":"status-publish","4":"has-post-thumbnail","6":"product_cat-mesas","7":"product_cat-mobiliario","8":"disenadores-sabine-marcelis","9":"marca-acerbis","10":"sales-flash-overlay","11":"woocommerce-text-align-center","12":"woocommerce-image-align-center","13":"do-quantity-buttons","14":"wc-has-gallery","16":"first","17":"instock","18":"purchasable","19":"product-type-simple"},"acf":[],"_links":{"self":[{"href":"https:\/\/enlineabarcelona.com\/ca\/wp-json\/wp\/v2\/product\/14190","targetHints":{"allow":["GET"]}}],"collection":[{"href":"https:\/\/enlineabarcelona.com\/ca\/wp-json\/wp\/v2\/product"}],"about":[{"href":"https:\/\/enlineabarcelona.com\/ca\/wp-json\/wp\/v2\/types\/product"}],"replies":[{"embeddable":true,"href":"https:\/\/enlineabarcelona.com\/ca\/wp-json\/wp\/v2\/comments?post=14190"}],"wp:featuredmedia":[{"embeddable":true,"href":"https:\/\/enlineabarcelona.com\/ca\/wp-json\/wp\/v2\/media\/11227"}],"wp:attachment":[{"href":"https:\/\/enlineabarcelona.com\/ca\/wp-json\/wp\/v2\/media?parent=14190"}],"wp:term":[{"taxonomy":"product_cat","embeddable":true,"href":"https:\/\/enlineabarcelona.com\/ca\/wp-json\/wp\/v2\/product_cat?post=14190"},{"taxonomy":"product_tag","embeddable":true,"href":"https:\/\/enlineabarcelona.com\/ca\/wp-json\/wp\/v2\/product_tag?post=14190"},{"taxonomy":"disenadores","embeddable":true,"href":"https:\/\/enlineabarcelona.com\/ca\/wp-json\/wp\/v2\/disenadores?post=14190"},{"taxonomy":"marca","embeddable":true,"href":"https:\/\/enlineabarcelona.com\/ca\/wp-json\/wp\/v2\/marca?post=14190"}],"curies":[{"name":"wp","href":"https:\/\/api.w.org\/{rel}","templated":true}]}}