{"id":14191,"date":"2025-10-27T11:19:26","date_gmt":"2025-10-27T11:19:26","guid":{"rendered":"https:\/\/enlineabarcelona.com\/producto\/mesita-menhir\/"},"modified":"2025-10-27T11:19:34","modified_gmt":"2025-10-27T11:19:34","slug":"mesita-menhir","status":"publish","type":"product","link":"https:\/\/enlineabarcelona.com\/ca\/producto\/mesita-menhir\/","title":{"rendered":"Mesita Menhir"},"content":{"rendered":"\n<p>Con un atrevido enfoque de los materiales, la mesa baja Menhir se convierte en una composici\u00f3n de colores y texturas que ilustra con elocuencia la sencillez escult\u00f3rica de las invenciones de nuevas formas de Lodovico Acerbis y Giotto Stoppino.<\/p>\n\n\n\n<p>Con un clasicismo a la griega, la columna de la mesa conecta la monumental base de m\u00e1rmol, mate en su versi\u00f3n contempor\u00e1nea, con un tablero disponible en nogal te\u00f1ido oscuro, fresno negro, lacado y, en la nueva versi\u00f3n, en cristal fundido, creando un sorprendente intercambio entre colores y elementos.<\/p>\n\n\n\n<p><\/p>\n","protected":false},"excerpt":{"rendered":"<p>Con un atrevido enfoque de los materiales, la mesa baja Menhir se convierte en una composici\u00f3n de colores y texturas que ilustra con elocuencia la sencillez escult\u00f3rica de las invenciones de nuevas formas de Lodovico Acerbis y Giotto Stoppino. Con un clasicismo a la griega, la columna de la mesa conecta la monumental base de &#8230; <a title=\"Mesita Menhir\" class=\"read-more\" href=\"https:\/\/enlineabarcelona.com\/ca\/producto\/mesita-menhir\/\" aria-label=\"M\u00e9s informaci\u00f3 sobre Mesita Menhir\">Llegiu m\u00e9s<\/a><\/p>\n","protected":false},"featured_media":11246,"comment_status":"closed","ping_status":"open","template":"","meta":{"_acf_changed":false},"product_cat":[289,298],"product_tag":[],"disenadores":[1239],"marca":[1237],"class_list":{"0":"post-14191","1":"product","2":"type-product","3":"status-publish","4":"has-post-thumbnail","6":"product_cat-mesas","7":"product_cat-mobiliario","8":"disenadores-giotto-stoppinolodovico-acerbis","9":"marca-acerbis","10":"sales-flash-overlay","11":"woocommerce-text-align-center","12":"woocommerce-image-align-center","13":"do-quantity-buttons","14":"wc-has-gallery","16":"first","17":"instock","18":"purchasable","19":"product-type-simple"},"acf":[],"_links":{"self":[{"href":"https:\/\/enlineabarcelona.com\/ca\/wp-json\/wp\/v2\/product\/14191","targetHints":{"allow":["GET"]}}],"collection":[{"href":"https:\/\/enlineabarcelona.com\/ca\/wp-json\/wp\/v2\/product"}],"about":[{"href":"https:\/\/enlineabarcelona.com\/ca\/wp-json\/wp\/v2\/types\/product"}],"replies":[{"embeddable":true,"href":"https:\/\/enlineabarcelona.com\/ca\/wp-json\/wp\/v2\/comments?post=14191"}],"wp:featuredmedia":[{"embeddable":true,"href":"https:\/\/enlineabarcelona.com\/ca\/wp-json\/wp\/v2\/media\/11246"}],"wp:attachment":[{"href":"https:\/\/enlineabarcelona.com\/ca\/wp-json\/wp\/v2\/media?parent=14191"}],"wp:term":[{"taxonomy":"product_cat","embeddable":true,"href":"https:\/\/enlineabarcelona.com\/ca\/wp-json\/wp\/v2\/product_cat?post=14191"},{"taxonomy":"product_tag","embeddable":true,"href":"https:\/\/enlineabarcelona.com\/ca\/wp-json\/wp\/v2\/product_tag?post=14191"},{"taxonomy":"disenadores","embeddable":true,"href":"https:\/\/enlineabarcelona.com\/ca\/wp-json\/wp\/v2\/disenadores?post=14191"},{"taxonomy":"marca","embeddable":true,"href":"https:\/\/enlineabarcelona.com\/ca\/wp-json\/wp\/v2\/marca?post=14191"}],"curies":[{"name":"wp","href":"https:\/\/api.w.org\/{rel}","templated":true}]}}