{"id":14194,"date":"2025-10-27T11:19:26","date_gmt":"2025-10-27T11:19:26","guid":{"rendered":"https:\/\/enlineabarcelona.com\/producto\/cajonera-storet\/"},"modified":"2025-10-27T11:19:37","modified_gmt":"2025-10-27T11:19:37","slug":"cajonera-storet","status":"publish","type":"product","link":"https:\/\/enlineabarcelona.com\/ca\/producto\/cajonera-storet\/","title":{"rendered":"Cajonera Storet"},"content":{"rendered":"\n<p>La c\u00f3moda Storet, un pilar l\u00fadico y animado, personifica el toque visionario de los dise\u00f1os de Nanda Vigo.<\/p>\n\n\n\n<p>Tanto en su edici\u00f3n vertical alargada como en la mesilla de noche dise\u00f1ada por Nanda Vigo pero fabricada por primera vez ahora, la Storet refleja los avances actuales en la producci\u00f3n, con las vetas visibles del nogal que iluminan la pericia moderna de Acerbis en la utilizaci\u00f3n de amplias superficies de madera.<\/p>\n\n\n\n<p>El elemento clave del mueble es la moldura de los cajones, y est\u00e1 disponible en lacado brillante negro, blanco, blanco SW, lino, arena, arcilla, burdeos, rosa, verde oscuro, amarillo mostaza, rojo ladrillo y azul marino.<\/p>\n\n\n\n<p> Con la reedici\u00f3n actual conserva su dimensi\u00f3n\u00a0pero introduce elementos contempor\u00e1neos que la hacen transversal incluso\u00a0para la zona del sal\u00f3n o el comedor. La colecci\u00f3n se enriquece con una\u00a0nueva cajonera\u00a0de 3 cajones y nuevos acabados m\u00e1s contempor\u00e1neos.<br><\/p>\n\n\n\n<p><\/p>\n","protected":false},"excerpt":{"rendered":"<p>La c\u00f3moda Storet, un pilar l\u00fadico y animado, personifica el toque visionario de los dise\u00f1os de Nanda Vigo. Tanto en su edici\u00f3n vertical alargada como en la mesilla de noche dise\u00f1ada por Nanda Vigo pero fabricada por primera vez ahora, la Storet refleja los avances actuales en la producci\u00f3n, con las vetas visibles del nogal &#8230; <a title=\"Cajonera Storet\" class=\"read-more\" href=\"https:\/\/enlineabarcelona.com\/ca\/producto\/cajonera-storet\/\" aria-label=\"M\u00e9s informaci\u00f3 sobre Cajonera Storet\">Llegiu m\u00e9s<\/a><\/p>\n","protected":false},"featured_media":11309,"comment_status":"closed","ping_status":"open","template":"","meta":{"_acf_changed":false},"product_cat":[298],"product_tag":[],"disenadores":[1109],"marca":[1237],"class_list":{"0":"post-14194","1":"product","2":"type-product","3":"status-publish","4":"has-post-thumbnail","6":"product_cat-mobiliario","7":"disenadores-nanda-vigo-en","8":"marca-acerbis","9":"sales-flash-overlay","10":"woocommerce-text-align-center","11":"woocommerce-image-align-center","12":"do-quantity-buttons","13":"wc-has-gallery","15":"first","16":"instock","17":"purchasable","18":"product-type-simple"},"acf":[],"_links":{"self":[{"href":"https:\/\/enlineabarcelona.com\/ca\/wp-json\/wp\/v2\/product\/14194","targetHints":{"allow":["GET"]}}],"collection":[{"href":"https:\/\/enlineabarcelona.com\/ca\/wp-json\/wp\/v2\/product"}],"about":[{"href":"https:\/\/enlineabarcelona.com\/ca\/wp-json\/wp\/v2\/types\/product"}],"replies":[{"embeddable":true,"href":"https:\/\/enlineabarcelona.com\/ca\/wp-json\/wp\/v2\/comments?post=14194"}],"wp:featuredmedia":[{"embeddable":true,"href":"https:\/\/enlineabarcelona.com\/ca\/wp-json\/wp\/v2\/media\/11309"}],"wp:attachment":[{"href":"https:\/\/enlineabarcelona.com\/ca\/wp-json\/wp\/v2\/media?parent=14194"}],"wp:term":[{"taxonomy":"product_cat","embeddable":true,"href":"https:\/\/enlineabarcelona.com\/ca\/wp-json\/wp\/v2\/product_cat?post=14194"},{"taxonomy":"product_tag","embeddable":true,"href":"https:\/\/enlineabarcelona.com\/ca\/wp-json\/wp\/v2\/product_tag?post=14194"},{"taxonomy":"disenadores","embeddable":true,"href":"https:\/\/enlineabarcelona.com\/ca\/wp-json\/wp\/v2\/disenadores?post=14194"},{"taxonomy":"marca","embeddable":true,"href":"https:\/\/enlineabarcelona.com\/ca\/wp-json\/wp\/v2\/marca?post=14194"}],"curies":[{"name":"wp","href":"https:\/\/api.w.org\/{rel}","templated":true}]}}