{"id":14195,"date":"2025-10-27T11:19:26","date_gmt":"2025-10-27T11:19:26","guid":{"rendered":"https:\/\/enlineabarcelona.com\/producto\/silla-ch26\/"},"modified":"2025-10-27T11:19:37","modified_gmt":"2025-10-27T11:19:37","slug":"silla-ch26","status":"publish","type":"product","link":"https:\/\/enlineabarcelona.com\/ca\/producto\/silla-ch26\/","title":{"rendered":"Silla CH26"},"content":{"rendered":"\n<p>La silla de comedor CH26 de Hans J. Wegner fue puesta en producci\u00f3n por Carl Hansen &amp; S\u00f8n en estrecha colaboraci\u00f3n con el estudio de dise\u00f1o Hans J. Wegner y de acuerdo con el dibujo de trabajo original de Wegner. La silla forma parte de una serie de sillas ic\u00f3nicas que Wegner cre\u00f3 para Carl Hansen &amp; S\u00f8n. Junto con la silla de sal\u00f3n CH22, Wegner cre\u00f3 un dibujo de trabajo para trasladar la forma de la silla de sal\u00f3n a una silla de comedor, la CH26. Sin embargo, nunca lleg\u00f3 a fabricar una maqueta del sill\u00f3n, que permaneci\u00f3 desconocido para el p\u00fablico durante d\u00e9cadas. En 2016, el mismo a\u00f1o de la reintroducci\u00f3n de la CH22, Carl Hansen &amp; S\u00f8n dio vida al dise\u00f1o de la CH26. La silla de comedor CH26 se asemeja mucho a la versi\u00f3n lounge por sus formas org\u00e1nicas, su refinado respaldo y su asiento tejido a mano, y presenta unas proporciones ideales para pasar largos periodos sentado en una mesa de comedor o en un escritorio<\/p>\n\n\n\n<p><\/p>\n","protected":false},"excerpt":{"rendered":"<p>La silla de comedor CH26 de Hans J. Wegner fue puesta en producci\u00f3n por Carl Hansen &amp; S\u00f8n en estrecha colaboraci\u00f3n con el estudio de dise\u00f1o Hans J. Wegner y de acuerdo con el dibujo de trabajo original de Wegner. La silla forma parte de una serie de sillas ic\u00f3nicas que Wegner cre\u00f3 para Carl &#8230; <a title=\"Silla CH26\" class=\"read-more\" href=\"https:\/\/enlineabarcelona.com\/ca\/producto\/silla-ch26\/\" aria-label=\"M\u00e9s informaci\u00f3 sobre Silla CH26\">Llegiu m\u00e9s<\/a><\/p>\n","protected":false},"featured_media":11331,"comment_status":"closed","ping_status":"open","template":"","meta":{"_acf_changed":false},"product_cat":[298,1139],"product_tag":[],"disenadores":[831],"marca":[55],"class_list":{"0":"post-14195","1":"product","2":"type-product","3":"status-publish","4":"has-post-thumbnail","6":"product_cat-mobiliario","7":"product_cat-sillas","8":"disenadores-hans-j-wegner","9":"marca-carl-hansen","10":"sales-flash-overlay","11":"woocommerce-text-align-center","12":"woocommerce-image-align-center","13":"do-quantity-buttons","14":"wc-has-gallery","16":"first","17":"instock","18":"purchasable","19":"product-type-simple"},"acf":[],"_links":{"self":[{"href":"https:\/\/enlineabarcelona.com\/ca\/wp-json\/wp\/v2\/product\/14195","targetHints":{"allow":["GET"]}}],"collection":[{"href":"https:\/\/enlineabarcelona.com\/ca\/wp-json\/wp\/v2\/product"}],"about":[{"href":"https:\/\/enlineabarcelona.com\/ca\/wp-json\/wp\/v2\/types\/product"}],"replies":[{"embeddable":true,"href":"https:\/\/enlineabarcelona.com\/ca\/wp-json\/wp\/v2\/comments?post=14195"}],"wp:featuredmedia":[{"embeddable":true,"href":"https:\/\/enlineabarcelona.com\/ca\/wp-json\/wp\/v2\/media\/11331"}],"wp:attachment":[{"href":"https:\/\/enlineabarcelona.com\/ca\/wp-json\/wp\/v2\/media?parent=14195"}],"wp:term":[{"taxonomy":"product_cat","embeddable":true,"href":"https:\/\/enlineabarcelona.com\/ca\/wp-json\/wp\/v2\/product_cat?post=14195"},{"taxonomy":"product_tag","embeddable":true,"href":"https:\/\/enlineabarcelona.com\/ca\/wp-json\/wp\/v2\/product_tag?post=14195"},{"taxonomy":"disenadores","embeddable":true,"href":"https:\/\/enlineabarcelona.com\/ca\/wp-json\/wp\/v2\/disenadores?post=14195"},{"taxonomy":"marca","embeddable":true,"href":"https:\/\/enlineabarcelona.com\/ca\/wp-json\/wp\/v2\/marca?post=14195"}],"curies":[{"name":"wp","href":"https:\/\/api.w.org\/{rel}","templated":true}]}}