{"id":14199,"date":"2025-10-27T11:19:26","date_gmt":"2025-10-27T11:19:26","guid":{"rendered":"https:\/\/enlineabarcelona.com\/producto\/taburete-8\/"},"modified":"2025-10-27T11:19:41","modified_gmt":"2025-10-27T11:19:41","slug":"taburete-8","status":"publish","type":"product","link":"https:\/\/enlineabarcelona.com\/ca\/producto\/taburete-8\/","title":{"rendered":"Taburete 8"},"content":{"rendered":"\n<p>Dise\u00f1ado por el espa\u00f1ol Marc Morro, el taburete de bar Taburete 8 utiliza un lenguaje de dise\u00f1o directo para crear un taburete de bar funcional y robusto con una expresi\u00f3n distintiva pero minimalista. Tanto el asiento curvado de madera contrachapada como el armaz\u00f3n de tubo de acero se presentan claramente, con los distintos componentes realzados por su cruda simplicidad y el atrevido uso del color. Disponible en dos alturas, con el asiento de chapa de roble y el armaz\u00f3n de acero en distintos acabados y colores, Taburete 8 combina el c\u00f3modo asiento con la est\u00e9tica industrial para crear un taburete vers\u00e1til y f\u00e1cil de integrar en bares y restaurantes, as\u00ed como en viviendas particulares.<\/p>\n\n\n\n<p><\/p>\n","protected":false},"excerpt":{"rendered":"<p>Dise\u00f1ado por el espa\u00f1ol Marc Morro, el taburete de bar Taburete 8 utiliza un lenguaje de dise\u00f1o directo para crear un taburete de bar funcional y robusto con una expresi\u00f3n distintiva pero minimalista. Tanto el asiento curvado de madera contrachapada como el armaz\u00f3n de tubo de acero se presentan claramente, con los distintos componentes realzados &#8230; <a title=\"Taburete 8\" class=\"read-more\" href=\"https:\/\/enlineabarcelona.com\/ca\/producto\/taburete-8\/\" aria-label=\"M\u00e9s informaci\u00f3 sobre Taburete 8\">Llegiu m\u00e9s<\/a><\/p>\n","protected":false},"featured_media":11404,"comment_status":"closed","ping_status":"open","template":"","meta":{"_acf_changed":false},"product_cat":[298,1151],"product_tag":[],"disenadores":[823],"marca":[35],"class_list":{"0":"post-14199","1":"product","2":"type-product","3":"status-publish","4":"has-post-thumbnail","6":"product_cat-mobiliario","7":"product_cat-taburetes","8":"disenadores-marc-morro","9":"marca-hay","10":"sales-flash-overlay","11":"woocommerce-text-align-center","12":"woocommerce-image-align-center","13":"do-quantity-buttons","14":"wc-has-gallery","16":"first","17":"instock","18":"purchasable","19":"product-type-simple"},"acf":[],"_links":{"self":[{"href":"https:\/\/enlineabarcelona.com\/ca\/wp-json\/wp\/v2\/product\/14199","targetHints":{"allow":["GET"]}}],"collection":[{"href":"https:\/\/enlineabarcelona.com\/ca\/wp-json\/wp\/v2\/product"}],"about":[{"href":"https:\/\/enlineabarcelona.com\/ca\/wp-json\/wp\/v2\/types\/product"}],"replies":[{"embeddable":true,"href":"https:\/\/enlineabarcelona.com\/ca\/wp-json\/wp\/v2\/comments?post=14199"}],"wp:featuredmedia":[{"embeddable":true,"href":"https:\/\/enlineabarcelona.com\/ca\/wp-json\/wp\/v2\/media\/11404"}],"wp:attachment":[{"href":"https:\/\/enlineabarcelona.com\/ca\/wp-json\/wp\/v2\/media?parent=14199"}],"wp:term":[{"taxonomy":"product_cat","embeddable":true,"href":"https:\/\/enlineabarcelona.com\/ca\/wp-json\/wp\/v2\/product_cat?post=14199"},{"taxonomy":"product_tag","embeddable":true,"href":"https:\/\/enlineabarcelona.com\/ca\/wp-json\/wp\/v2\/product_tag?post=14199"},{"taxonomy":"disenadores","embeddable":true,"href":"https:\/\/enlineabarcelona.com\/ca\/wp-json\/wp\/v2\/disenadores?post=14199"},{"taxonomy":"marca","embeddable":true,"href":"https:\/\/enlineabarcelona.com\/ca\/wp-json\/wp\/v2\/marca?post=14199"}],"curies":[{"name":"wp","href":"https:\/\/api.w.org\/{rel}","templated":true}]}}