{"id":14201,"date":"2025-10-27T11:19:44","date_gmt":"2025-10-27T11:19:44","guid":{"rendered":"https:\/\/enlineabarcelona.com\/producto\/gira\/"},"modified":"2025-10-27T11:19:45","modified_gmt":"2025-10-27T11:19:45","slug":"gira","status":"publish","type":"product","link":"https:\/\/enlineabarcelona.com\/ca\/producto\/gira\/","title":{"rendered":"L\u00e1mpara Gira"},"content":{"rendered":"\n<p>La\u00a0l\u00e1mpara\u00a0Gira\u00a0tiene\u00a0la\u00a0sencillez\u00a0y el\u00a0perfil\u00a0de un\u00a0cl\u00e1sico. Esta l\u00e1mpara sintetiza todos los elementos fundamentales, aportando capacidad de movimiento mediante la rotaci\u00f3n de su brazo y la orientaci\u00f3n de la pantalla. Estupenda para el trabajo, Gira se concentra en darle el protagonismo a la luz, creando espacios de iluminaci\u00f3n de sobremesa.<\/p>\n","protected":false},"excerpt":{"rendered":"<p>La\u00a0l\u00e1mpara\u00a0Gira\u00a0tiene\u00a0la\u00a0sencillez\u00a0y el\u00a0perfil\u00a0de un\u00a0cl\u00e1sico. Esta l\u00e1mpara sintetiza todos los elementos fundamentales, aportando capacidad de movimiento mediante la rotaci\u00f3n de su brazo y la orientaci\u00f3n de la pantalla. Estupenda para el trabajo, Gira se concentra en darle el protagonismo a la luz, creando espacios de iluminaci\u00f3n de sobremesa.<\/p>\n","protected":false},"featured_media":11442,"comment_status":"closed","ping_status":"open","template":"","meta":{"_acf_changed":false},"product_cat":[1156,1198],"product_tag":[],"disenadores":[1240],"marca":[1161],"class_list":{"0":"post-14201","1":"product","2":"type-product","3":"status-publish","4":"has-post-thumbnail","6":"product_cat-iluminacion","7":"product_cat-lamparas-de-sobremesa","8":"disenadores-j-m-tremoleda","9":"marca-santa-cole","10":"sales-flash-overlay","11":"woocommerce-text-align-center","12":"woocommerce-image-align-center","13":"do-quantity-buttons","14":"wc-has-gallery","16":"first","17":"instock","18":"purchasable","19":"product-type-simple"},"acf":[],"_links":{"self":[{"href":"https:\/\/enlineabarcelona.com\/ca\/wp-json\/wp\/v2\/product\/14201","targetHints":{"allow":["GET"]}}],"collection":[{"href":"https:\/\/enlineabarcelona.com\/ca\/wp-json\/wp\/v2\/product"}],"about":[{"href":"https:\/\/enlineabarcelona.com\/ca\/wp-json\/wp\/v2\/types\/product"}],"replies":[{"embeddable":true,"href":"https:\/\/enlineabarcelona.com\/ca\/wp-json\/wp\/v2\/comments?post=14201"}],"wp:featuredmedia":[{"embeddable":true,"href":"https:\/\/enlineabarcelona.com\/ca\/wp-json\/wp\/v2\/media\/11442"}],"wp:attachment":[{"href":"https:\/\/enlineabarcelona.com\/ca\/wp-json\/wp\/v2\/media?parent=14201"}],"wp:term":[{"taxonomy":"product_cat","embeddable":true,"href":"https:\/\/enlineabarcelona.com\/ca\/wp-json\/wp\/v2\/product_cat?post=14201"},{"taxonomy":"product_tag","embeddable":true,"href":"https:\/\/enlineabarcelona.com\/ca\/wp-json\/wp\/v2\/product_tag?post=14201"},{"taxonomy":"disenadores","embeddable":true,"href":"https:\/\/enlineabarcelona.com\/ca\/wp-json\/wp\/v2\/disenadores?post=14201"},{"taxonomy":"marca","embeddable":true,"href":"https:\/\/enlineabarcelona.com\/ca\/wp-json\/wp\/v2\/marca?post=14201"}],"curies":[{"name":"wp","href":"https:\/\/api.w.org\/{rel}","templated":true}]}}