{"id":14202,"date":"2025-10-27T11:19:44","date_gmt":"2025-10-27T11:19:44","guid":{"rendered":"https:\/\/enlineabarcelona.com\/producto\/bib-luz\/"},"modified":"2025-10-27T11:19:46","modified_gmt":"2025-10-27T11:19:46","slug":"bib-luz","status":"publish","type":"product","link":"https:\/\/enlineabarcelona.com\/ca\/producto\/bib-luz\/","title":{"rendered":"L\u00e1mpara Bib Luz"},"content":{"rendered":"\n<p>En 1986, mientras investigaba la mejor manera de iluminar su biblioteca, Oscar Tusquets necesitaba una l\u00e1mpara adaptable a cualquier posici\u00f3n en la estanter\u00eda, que ocupase poco espacio y pasase desapercibida. En sus propias palabras, \u201c\u00bfqu\u00e9 pod\u00eda imaginar mejor que un libro?\u201d. Bib Luz tiene un cuerpo met\u00e1lico con forma de libro, en blanco o gris aluminio, para ser colocada en estanter\u00edas, entre verdaderos libros. De la parte superior del lomo se avanza un fino brazo con un punto de luz orientable en su extremo que permite resaltar todo rinc\u00f3n. Adem\u00e1s, se pueden interconectar m\u00faltiples unidades en serie con un solo enchufe a la pared y crear composiciones a distintos niveles. Siempre con<br>excelente resultado, no deslumbrante, para qui\u00e9n busca entre los libros.<\/p>\n","protected":false},"excerpt":{"rendered":"<p>En 1986, mientras investigaba la mejor manera de iluminar su biblioteca, Oscar Tusquets necesitaba una l\u00e1mpara adaptable a cualquier posici\u00f3n en la estanter\u00eda, que ocupase poco espacio y pasase desapercibida. En sus propias palabras, \u201c\u00bfqu\u00e9 pod\u00eda imaginar mejor que un libro?\u201d. Bib Luz tiene un cuerpo met\u00e1lico con forma de libro, en blanco o gris &#8230; <a title=\"L\u00e1mpara Bib Luz\" class=\"read-more\" href=\"https:\/\/enlineabarcelona.com\/ca\/producto\/bib-luz\/\" aria-label=\"M\u00e9s informaci\u00f3 sobre L\u00e1mpara Bib Luz\">Llegiu m\u00e9s<\/a><\/p>\n","protected":false},"featured_media":11461,"comment_status":"closed","ping_status":"open","template":"","meta":{"_acf_changed":false},"product_cat":[1156,1198],"product_tag":[],"disenadores":[921],"marca":[1161],"class_list":{"0":"post-14202","1":"product","2":"type-product","3":"status-publish","4":"has-post-thumbnail","6":"product_cat-iluminacion","7":"product_cat-lamparas-de-sobremesa","8":"disenadores-oscar-tusquets","9":"marca-santa-cole","10":"sales-flash-overlay","11":"woocommerce-text-align-center","12":"woocommerce-image-align-center","13":"do-quantity-buttons","14":"wc-has-gallery","16":"first","17":"instock","18":"purchasable","19":"product-type-simple"},"acf":[],"_links":{"self":[{"href":"https:\/\/enlineabarcelona.com\/ca\/wp-json\/wp\/v2\/product\/14202","targetHints":{"allow":["GET"]}}],"collection":[{"href":"https:\/\/enlineabarcelona.com\/ca\/wp-json\/wp\/v2\/product"}],"about":[{"href":"https:\/\/enlineabarcelona.com\/ca\/wp-json\/wp\/v2\/types\/product"}],"replies":[{"embeddable":true,"href":"https:\/\/enlineabarcelona.com\/ca\/wp-json\/wp\/v2\/comments?post=14202"}],"wp:featuredmedia":[{"embeddable":true,"href":"https:\/\/enlineabarcelona.com\/ca\/wp-json\/wp\/v2\/media\/11461"}],"wp:attachment":[{"href":"https:\/\/enlineabarcelona.com\/ca\/wp-json\/wp\/v2\/media?parent=14202"}],"wp:term":[{"taxonomy":"product_cat","embeddable":true,"href":"https:\/\/enlineabarcelona.com\/ca\/wp-json\/wp\/v2\/product_cat?post=14202"},{"taxonomy":"product_tag","embeddable":true,"href":"https:\/\/enlineabarcelona.com\/ca\/wp-json\/wp\/v2\/product_tag?post=14202"},{"taxonomy":"disenadores","embeddable":true,"href":"https:\/\/enlineabarcelona.com\/ca\/wp-json\/wp\/v2\/disenadores?post=14202"},{"taxonomy":"marca","embeddable":true,"href":"https:\/\/enlineabarcelona.com\/ca\/wp-json\/wp\/v2\/marca?post=14202"}],"curies":[{"name":"wp","href":"https:\/\/api.w.org\/{rel}","templated":true}]}}