{"id":14204,"date":"2025-10-27T11:19:44","date_gmt":"2025-10-27T11:19:44","guid":{"rendered":"https:\/\/enlineabarcelona.com\/producto\/silla-ch20-elbow-chair\/"},"modified":"2025-10-27T11:19:47","modified_gmt":"2025-10-27T11:19:47","slug":"silla-ch20-elbow-chair","status":"publish","type":"product","link":"https:\/\/enlineabarcelona.com\/ca\/producto\/silla-ch20-elbow-chair\/","title":{"rendered":"Silla CH20 Elbow Chair"},"content":{"rendered":"\n<p>Hans J. Wegner dise\u00f1\u00f3 la silla apilable Elbow Chair en 1956. Tras fabricar dos prototipos, guard\u00f3 el dise\u00f1o de la silla de producci\u00f3n intensiva en sus archivos, donde permaneci\u00f3 casi medio siglo hasta que volvi\u00f3 a la vida en 2005.<\/p>\n","protected":false},"excerpt":{"rendered":"<p>Hans J. Wegner dise\u00f1\u00f3 la silla apilable Elbow Chair en 1956. Tras fabricar dos prototipos, guard\u00f3 el dise\u00f1o de la silla de producci\u00f3n intensiva en sus archivos, donde permaneci\u00f3 casi medio siglo hasta que volvi\u00f3 a la vida en 2005.<\/p>\n","protected":false},"featured_media":11499,"comment_status":"closed","ping_status":"open","template":"","meta":{"_acf_changed":false},"product_cat":[298,1139],"product_tag":[],"disenadores":[831],"marca":[55],"class_list":{"0":"post-14204","1":"product","2":"type-product","3":"status-publish","4":"has-post-thumbnail","6":"product_cat-mobiliario","7":"product_cat-sillas","8":"disenadores-hans-j-wegner","9":"marca-carl-hansen","10":"sales-flash-overlay","11":"woocommerce-text-align-center","12":"woocommerce-image-align-center","13":"do-quantity-buttons","14":"wc-has-gallery","16":"first","17":"instock","18":"purchasable","19":"product-type-simple"},"acf":[],"_links":{"self":[{"href":"https:\/\/enlineabarcelona.com\/ca\/wp-json\/wp\/v2\/product\/14204","targetHints":{"allow":["GET"]}}],"collection":[{"href":"https:\/\/enlineabarcelona.com\/ca\/wp-json\/wp\/v2\/product"}],"about":[{"href":"https:\/\/enlineabarcelona.com\/ca\/wp-json\/wp\/v2\/types\/product"}],"replies":[{"embeddable":true,"href":"https:\/\/enlineabarcelona.com\/ca\/wp-json\/wp\/v2\/comments?post=14204"}],"wp:featuredmedia":[{"embeddable":true,"href":"https:\/\/enlineabarcelona.com\/ca\/wp-json\/wp\/v2\/media\/11499"}],"wp:attachment":[{"href":"https:\/\/enlineabarcelona.com\/ca\/wp-json\/wp\/v2\/media?parent=14204"}],"wp:term":[{"taxonomy":"product_cat","embeddable":true,"href":"https:\/\/enlineabarcelona.com\/ca\/wp-json\/wp\/v2\/product_cat?post=14204"},{"taxonomy":"product_tag","embeddable":true,"href":"https:\/\/enlineabarcelona.com\/ca\/wp-json\/wp\/v2\/product_tag?post=14204"},{"taxonomy":"disenadores","embeddable":true,"href":"https:\/\/enlineabarcelona.com\/ca\/wp-json\/wp\/v2\/disenadores?post=14204"},{"taxonomy":"marca","embeddable":true,"href":"https:\/\/enlineabarcelona.com\/ca\/wp-json\/wp\/v2\/marca?post=14204"}],"curies":[{"name":"wp","href":"https:\/\/api.w.org\/{rel}","templated":true}]}}