{"id":14205,"date":"2025-10-27T11:19:44","date_gmt":"2025-10-27T11:19:44","guid":{"rendered":"https:\/\/enlineabarcelona.com\/producto\/silla-vla26t-vega-chair\/"},"modified":"2025-10-27T11:19:48","modified_gmt":"2025-10-27T11:19:48","slug":"silla-vla26t-vega-chair","status":"publish","type":"product","link":"https:\/\/enlineabarcelona.com\/ca\/producto\/silla-vla26t-vega-chair\/","title":{"rendered":"Silla VLA26T Vega Chair"},"content":{"rendered":"\n<p>La silla VLA26 Vega, que antes s\u00f3lo se encontraba en las hist\u00f3ricas salas de conciertos de la sala de m\u00fasica Vega de Copenhague, se fabrica ahora en Carl Hansen &amp; S\u00f8n, en colaboraci\u00f3n con Vilhelm Lauritzen Architects.<\/p>\n\n\n\n<p>Dise\u00f1ada en la d\u00e9cada de 1950, la silla reeditada es una obra maestra del modernismo. Con la est\u00e9tica caracter\u00edstica de Vilhelm Lauritzen, el dise\u00f1o funcionalista parece sencillo sin esfuerzo, pero est\u00e1 impregnado de car\u00e1cter. Bien proporcionado para ofrecer comodidad, su respaldo se curva para abrazar a la persona sentada. Fabricado por expertos en madera y acero, el tapizado opcional del asiento y el respaldo aumenta el nivel de confort, mientras que los elegantes pies de madera confieren un toque artesanal al dise\u00f1o apilable.<\/p>\n\n\n\n<p><\/p>\n","protected":false},"excerpt":{"rendered":"<p>La silla VLA26 Vega, que antes s\u00f3lo se encontraba en las hist\u00f3ricas salas de conciertos de la sala de m\u00fasica Vega de Copenhague, se fabrica ahora en Carl Hansen &amp; S\u00f8n, en colaboraci\u00f3n con Vilhelm Lauritzen Architects. Dise\u00f1ada en la d\u00e9cada de 1950, la silla reeditada es una obra maestra del modernismo. Con la est\u00e9tica &#8230; <a title=\"Silla VLA26T Vega Chair\" class=\"read-more\" href=\"https:\/\/enlineabarcelona.com\/ca\/producto\/silla-vla26t-vega-chair\/\" aria-label=\"M\u00e9s informaci\u00f3 sobre Silla VLA26T Vega Chair\">Llegiu m\u00e9s<\/a><\/p>\n","protected":false},"featured_media":11512,"comment_status":"closed","ping_status":"open","template":"","meta":{"_acf_changed":false},"product_cat":[298,1139],"product_tag":[],"disenadores":[813],"marca":[55],"class_list":{"0":"post-14205","1":"product","2":"type-product","3":"status-publish","4":"has-post-thumbnail","6":"product_cat-mobiliario","7":"product_cat-sillas","8":"disenadores-vilhelm-lauritzen","9":"marca-carl-hansen","10":"sales-flash-overlay","11":"woocommerce-text-align-center","12":"woocommerce-image-align-center","13":"do-quantity-buttons","14":"wc-has-gallery","16":"first","17":"instock","18":"purchasable","19":"product-type-simple"},"acf":[],"_links":{"self":[{"href":"https:\/\/enlineabarcelona.com\/ca\/wp-json\/wp\/v2\/product\/14205","targetHints":{"allow":["GET"]}}],"collection":[{"href":"https:\/\/enlineabarcelona.com\/ca\/wp-json\/wp\/v2\/product"}],"about":[{"href":"https:\/\/enlineabarcelona.com\/ca\/wp-json\/wp\/v2\/types\/product"}],"replies":[{"embeddable":true,"href":"https:\/\/enlineabarcelona.com\/ca\/wp-json\/wp\/v2\/comments?post=14205"}],"wp:featuredmedia":[{"embeddable":true,"href":"https:\/\/enlineabarcelona.com\/ca\/wp-json\/wp\/v2\/media\/11512"}],"wp:attachment":[{"href":"https:\/\/enlineabarcelona.com\/ca\/wp-json\/wp\/v2\/media?parent=14205"}],"wp:term":[{"taxonomy":"product_cat","embeddable":true,"href":"https:\/\/enlineabarcelona.com\/ca\/wp-json\/wp\/v2\/product_cat?post=14205"},{"taxonomy":"product_tag","embeddable":true,"href":"https:\/\/enlineabarcelona.com\/ca\/wp-json\/wp\/v2\/product_tag?post=14205"},{"taxonomy":"disenadores","embeddable":true,"href":"https:\/\/enlineabarcelona.com\/ca\/wp-json\/wp\/v2\/disenadores?post=14205"},{"taxonomy":"marca","embeddable":true,"href":"https:\/\/enlineabarcelona.com\/ca\/wp-json\/wp\/v2\/marca?post=14205"}],"curies":[{"name":"wp","href":"https:\/\/api.w.org\/{rel}","templated":true}]}}