{"id":14206,"date":"2025-10-27T11:19:44","date_gmt":"2025-10-27T11:19:44","guid":{"rendered":"https:\/\/enlineabarcelona.com\/producto\/silla-ch88p\/"},"modified":"2025-10-27T11:19:48","modified_gmt":"2025-10-27T11:19:48","slug":"silla-ch88p","status":"publish","type":"product","link":"https:\/\/enlineabarcelona.com\/ca\/producto\/silla-ch88p\/","title":{"rendered":"Silla CH88P"},"content":{"rendered":"\n<p>La silla de comedor CH88P es un ejemplo de la exploraci\u00f3n de materiales de Hans J. Wegner. La elegante combinaci\u00f3n de tapicer\u00eda, madera y acero muestra la habilidad de Wegner para hacer que las formas minimalistas parezcan suaves y confortables.<\/p>\n\n\n\n<p>Wegner desarroll\u00f3 originalmente la CH88P como prototipo con patas de colores para la Exposici\u00f3n Internacional de Helsingborg de 1955 en Suecia. En 2014, la silla entr\u00f3 en producci\u00f3n por primera vez.<\/p>\n\n\n\n<p>La inteligente construcci\u00f3n de la silla de comedor CH88P y su calidad apilable la hacen muy funcional. La estructura de acero combinada con el respaldo y el asiento de madera proporciona un dise\u00f1o elegante y una forma c\u00f3moda.<\/p>\n\n\n\n<p>La CH88P est\u00e1 disponible con asiento tapizado en piel o tela, lo que a\u00f1ade a\u00fan m\u00e1s versatilidad y comodidad, mientras que la silla CH88T est\u00e1 disponible con un elegante asiento de chapa de madera prensada.<\/p>\n","protected":false},"excerpt":{"rendered":"<p>La silla de comedor CH88P es un ejemplo de la exploraci\u00f3n de materiales de Hans J. Wegner. La elegante combinaci\u00f3n de tapicer\u00eda, madera y acero muestra la habilidad de Wegner para hacer que las formas minimalistas parezcan suaves y confortables. Wegner desarroll\u00f3 originalmente la CH88P como prototipo con patas de colores para la Exposici\u00f3n Internacional &#8230; <a title=\"Silla CH88P\" class=\"read-more\" href=\"https:\/\/enlineabarcelona.com\/ca\/producto\/silla-ch88p\/\" aria-label=\"M\u00e9s informaci\u00f3 sobre Silla CH88P\">Llegiu m\u00e9s<\/a><\/p>\n","protected":false},"featured_media":11525,"comment_status":"closed","ping_status":"open","template":"","meta":{"_acf_changed":false},"product_cat":[298,1139],"product_tag":[],"disenadores":[831],"marca":[55],"class_list":{"0":"post-14206","1":"product","2":"type-product","3":"status-publish","4":"has-post-thumbnail","6":"product_cat-mobiliario","7":"product_cat-sillas","8":"disenadores-hans-j-wegner","9":"marca-carl-hansen","10":"sales-flash-overlay","11":"woocommerce-text-align-center","12":"woocommerce-image-align-center","13":"do-quantity-buttons","14":"wc-has-gallery","16":"first","17":"instock","18":"purchasable","19":"product-type-simple"},"acf":[],"_links":{"self":[{"href":"https:\/\/enlineabarcelona.com\/ca\/wp-json\/wp\/v2\/product\/14206","targetHints":{"allow":["GET"]}}],"collection":[{"href":"https:\/\/enlineabarcelona.com\/ca\/wp-json\/wp\/v2\/product"}],"about":[{"href":"https:\/\/enlineabarcelona.com\/ca\/wp-json\/wp\/v2\/types\/product"}],"replies":[{"embeddable":true,"href":"https:\/\/enlineabarcelona.com\/ca\/wp-json\/wp\/v2\/comments?post=14206"}],"wp:featuredmedia":[{"embeddable":true,"href":"https:\/\/enlineabarcelona.com\/ca\/wp-json\/wp\/v2\/media\/11525"}],"wp:attachment":[{"href":"https:\/\/enlineabarcelona.com\/ca\/wp-json\/wp\/v2\/media?parent=14206"}],"wp:term":[{"taxonomy":"product_cat","embeddable":true,"href":"https:\/\/enlineabarcelona.com\/ca\/wp-json\/wp\/v2\/product_cat?post=14206"},{"taxonomy":"product_tag","embeddable":true,"href":"https:\/\/enlineabarcelona.com\/ca\/wp-json\/wp\/v2\/product_tag?post=14206"},{"taxonomy":"disenadores","embeddable":true,"href":"https:\/\/enlineabarcelona.com\/ca\/wp-json\/wp\/v2\/disenadores?post=14206"},{"taxonomy":"marca","embeddable":true,"href":"https:\/\/enlineabarcelona.com\/ca\/wp-json\/wp\/v2\/marca?post=14206"}],"curies":[{"name":"wp","href":"https:\/\/api.w.org\/{rel}","templated":true}]}}