{"id":14207,"date":"2025-10-27T11:19:44","date_gmt":"2025-10-27T11:19:44","guid":{"rendered":"https:\/\/enlineabarcelona.com\/producto\/eames-elephant\/"},"modified":"2025-10-27T11:19:49","modified_gmt":"2025-10-27T11:19:49","slug":"eames-elephant","status":"publish","type":"product","link":"https:\/\/enlineabarcelona.com\/ca\/producto\/eames-elephant\/","title":{"rendered":"Eames Elephant"},"content":{"rendered":"\n<p>El elefante que Charles y Ray Eames crearon en 1945 en chapa de madera est\u00e1 ahora disponible en pl\u00e1stico de varios colores; de esta manera puede utilizarse tambi\u00e9n como juguete y no solo como objeto decorativo para la habitaci\u00f3n de los ni\u00f1os.<br><br><\/p>\n","protected":false},"excerpt":{"rendered":"<p>El elefante que Charles y Ray Eames crearon en 1945 en chapa de madera est\u00e1 ahora disponible en pl\u00e1stico de varios colores; de esta manera puede utilizarse tambi\u00e9n como juguete y no solo como objeto decorativo para la habitaci\u00f3n de los ni\u00f1os.<\/p>\n","protected":false},"featured_media":11541,"comment_status":"closed","ping_status":"open","template":"","meta":{"_acf_changed":false},"product_cat":[298,1139],"product_tag":[],"disenadores":[957],"marca":[26],"class_list":{"0":"post-14207","1":"product","2":"type-product","3":"status-publish","4":"has-post-thumbnail","6":"product_cat-mobiliario","7":"product_cat-sillas","8":"disenadores-charles-ray-eames","9":"marca-vitra","10":"sales-flash-overlay","11":"woocommerce-text-align-center","12":"woocommerce-image-align-center","13":"do-quantity-buttons","14":"wc-has-gallery","16":"first","17":"instock","18":"purchasable","19":"product-type-simple"},"acf":[],"_links":{"self":[{"href":"https:\/\/enlineabarcelona.com\/ca\/wp-json\/wp\/v2\/product\/14207","targetHints":{"allow":["GET"]}}],"collection":[{"href":"https:\/\/enlineabarcelona.com\/ca\/wp-json\/wp\/v2\/product"}],"about":[{"href":"https:\/\/enlineabarcelona.com\/ca\/wp-json\/wp\/v2\/types\/product"}],"replies":[{"embeddable":true,"href":"https:\/\/enlineabarcelona.com\/ca\/wp-json\/wp\/v2\/comments?post=14207"}],"wp:featuredmedia":[{"embeddable":true,"href":"https:\/\/enlineabarcelona.com\/ca\/wp-json\/wp\/v2\/media\/11541"}],"wp:attachment":[{"href":"https:\/\/enlineabarcelona.com\/ca\/wp-json\/wp\/v2\/media?parent=14207"}],"wp:term":[{"taxonomy":"product_cat","embeddable":true,"href":"https:\/\/enlineabarcelona.com\/ca\/wp-json\/wp\/v2\/product_cat?post=14207"},{"taxonomy":"product_tag","embeddable":true,"href":"https:\/\/enlineabarcelona.com\/ca\/wp-json\/wp\/v2\/product_tag?post=14207"},{"taxonomy":"disenadores","embeddable":true,"href":"https:\/\/enlineabarcelona.com\/ca\/wp-json\/wp\/v2\/disenadores?post=14207"},{"taxonomy":"marca","embeddable":true,"href":"https:\/\/enlineabarcelona.com\/ca\/wp-json\/wp\/v2\/marca?post=14207"}],"curies":[{"name":"wp","href":"https:\/\/api.w.org\/{rel}","templated":true}]}}