{"id":14208,"date":"2025-10-27T11:19:44","date_gmt":"2025-10-27T11:19:44","guid":{"rendered":"https:\/\/enlineabarcelona.com\/producto\/sofa-ow149-2-colonial-sofa\/"},"modified":"2025-10-27T11:19:50","modified_gmt":"2025-10-27T11:19:50","slug":"sofa-ow149-2-colonial-sofa","status":"publish","type":"product","link":"https:\/\/enlineabarcelona.com\/ca\/producto\/sofa-ow149-2-colonial-sofa\/","title":{"rendered":"Sof\u00e1 OW149-2 Colonial Sofa"},"content":{"rendered":"\n<p>El Sof\u00e1 Colonial OW149-2 dise\u00f1ado por Ole Wanscher es una interpretaci\u00f3n caracter\u00edstica de las formas cl\u00e1sicas seg\u00fan las necesidades modernas de funcionalidad. Con sus formas flexibles y dimensiones esbeltas, el estilo del sof\u00e1 refleja la fascinaci\u00f3n de Wanscher por el dise\u00f1o de muebles ingleses del siglo XVIII.<\/p>\n\n\n\n<p>El dise\u00f1o transmite la afici\u00f3n de Wanscher por los detalles refinados. El Sof\u00e1 Colonial OW149-2 presenta una estructura de celos\u00eda relativamente sencilla, cuyos elementos se sostienen unos a otros. Las esbeltas dimensiones son m\u00ednimas, y la fuerza del dise\u00f1o se consigue a trav\u00e9s de una estructura bien concebida que incluye patas centrales dobles.<\/p>\n\n\n\n<p>El sof\u00e1 es una reimaginaci\u00f3n de su popular Silla Colonial OW149 de 1949 y forma parte de la Serie Colonial, que tambi\u00e9n incluye la Mesa de Centro Colonial OW449 y el Reposapi\u00e9s Colonial OW149F.<\/p>\n\n\n\n<p><\/p>\n","protected":false},"excerpt":{"rendered":"<p>El Sof\u00e1 Colonial OW149-2 dise\u00f1ado por Ole Wanscher es una interpretaci\u00f3n caracter\u00edstica de las formas cl\u00e1sicas seg\u00fan las necesidades modernas de funcionalidad. Con sus formas flexibles y dimensiones esbeltas, el estilo del sof\u00e1 refleja la fascinaci\u00f3n de Wanscher por el dise\u00f1o de muebles ingleses del siglo XVIII. El dise\u00f1o transmite la afici\u00f3n de Wanscher por &#8230; <a title=\"Sof\u00e1 OW149-2 Colonial Sofa\" class=\"read-more\" href=\"https:\/\/enlineabarcelona.com\/ca\/producto\/sofa-ow149-2-colonial-sofa\/\" aria-label=\"M\u00e9s informaci\u00f3 sobre Sof\u00e1 OW149-2 Colonial Sofa\">Llegiu m\u00e9s<\/a><\/p>\n","protected":false},"featured_media":11560,"comment_status":"closed","ping_status":"open","template":"","meta":{"_acf_changed":false},"product_cat":[298,1147],"product_tag":[],"disenadores":[953],"marca":[55],"class_list":{"0":"post-14208","1":"product","2":"type-product","3":"status-publish","4":"has-post-thumbnail","6":"product_cat-mobiliario","7":"product_cat-sofas","8":"disenadores-ole-wanscher-ca","9":"marca-carl-hansen","10":"sales-flash-overlay","11":"woocommerce-text-align-center","12":"woocommerce-image-align-center","13":"do-quantity-buttons","14":"wc-has-gallery","16":"first","17":"instock","18":"purchasable","19":"product-type-simple"},"acf":[],"_links":{"self":[{"href":"https:\/\/enlineabarcelona.com\/ca\/wp-json\/wp\/v2\/product\/14208","targetHints":{"allow":["GET"]}}],"collection":[{"href":"https:\/\/enlineabarcelona.com\/ca\/wp-json\/wp\/v2\/product"}],"about":[{"href":"https:\/\/enlineabarcelona.com\/ca\/wp-json\/wp\/v2\/types\/product"}],"replies":[{"embeddable":true,"href":"https:\/\/enlineabarcelona.com\/ca\/wp-json\/wp\/v2\/comments?post=14208"}],"wp:featuredmedia":[{"embeddable":true,"href":"https:\/\/enlineabarcelona.com\/ca\/wp-json\/wp\/v2\/media\/11560"}],"wp:attachment":[{"href":"https:\/\/enlineabarcelona.com\/ca\/wp-json\/wp\/v2\/media?parent=14208"}],"wp:term":[{"taxonomy":"product_cat","embeddable":true,"href":"https:\/\/enlineabarcelona.com\/ca\/wp-json\/wp\/v2\/product_cat?post=14208"},{"taxonomy":"product_tag","embeddable":true,"href":"https:\/\/enlineabarcelona.com\/ca\/wp-json\/wp\/v2\/product_tag?post=14208"},{"taxonomy":"disenadores","embeddable":true,"href":"https:\/\/enlineabarcelona.com\/ca\/wp-json\/wp\/v2\/disenadores?post=14208"},{"taxonomy":"marca","embeddable":true,"href":"https:\/\/enlineabarcelona.com\/ca\/wp-json\/wp\/v2\/marca?post=14208"}],"curies":[{"name":"wp","href":"https:\/\/api.w.org\/{rel}","templated":true}]}}