{"id":14209,"date":"2025-10-27T11:19:44","date_gmt":"2025-10-27T11:19:44","guid":{"rendered":"https:\/\/enlineabarcelona.com\/producto\/taburete-butterfly\/"},"modified":"2025-10-27T11:19:50","modified_gmt":"2025-10-27T11:19:50","slug":"taburete-butterfly","status":"publish","type":"product","link":"https:\/\/enlineabarcelona.com\/ca\/producto\/taburete-butterfly\/","title":{"rendered":"Taburete Butterfly"},"content":{"rendered":"\n<p>El ic\u00f3nico Butterfly Stool del dise\u00f1ador japon\u00e9s Sori Yanagi es una pieza cl\u00e1sica que combina de forma magistral las formas orientales con la t\u00e9cnica del conformado de madera contrachapada, desarrollada por Charles y Ray Eames. La silueta suavemente arqueada de las dos piezas del asiento recuerda las alas de una mariposa en el momento \u2013perpetuo\u2013 de empezar a volar. El taburete es de madera de arce o palisandro.<br><br><br><\/p>\n","protected":false},"excerpt":{"rendered":"<p>El ic\u00f3nico Butterfly Stool del dise\u00f1ador japon\u00e9s Sori Yanagi es una pieza cl\u00e1sica que combina de forma magistral las formas orientales con la t\u00e9cnica del conformado de madera contrachapada, desarrollada por Charles y Ray Eames. La silueta suavemente arqueada de las dos piezas del asiento recuerda las alas de una mariposa en el momento \u2013perpetuo\u2013 &#8230; <a title=\"Taburete Butterfly\" class=\"read-more\" href=\"https:\/\/enlineabarcelona.com\/ca\/producto\/taburete-butterfly\/\" aria-label=\"M\u00e9s informaci\u00f3 sobre Taburete Butterfly\">Llegiu m\u00e9s<\/a><\/p>\n","protected":false},"featured_media":11579,"comment_status":"closed","ping_status":"open","template":"","meta":{"_acf_changed":false},"product_cat":[298,1151],"product_tag":[],"disenadores":[844],"marca":[26],"class_list":{"0":"post-14209","1":"product","2":"type-product","3":"status-publish","4":"has-post-thumbnail","6":"product_cat-mobiliario","7":"product_cat-taburetes","8":"disenadores-sori-yanagi","9":"marca-vitra","10":"sales-flash-overlay","11":"woocommerce-text-align-center","12":"woocommerce-image-align-center","13":"do-quantity-buttons","14":"wc-has-gallery","16":"first","17":"instock","18":"purchasable","19":"product-type-simple"},"acf":[],"_links":{"self":[{"href":"https:\/\/enlineabarcelona.com\/ca\/wp-json\/wp\/v2\/product\/14209","targetHints":{"allow":["GET"]}}],"collection":[{"href":"https:\/\/enlineabarcelona.com\/ca\/wp-json\/wp\/v2\/product"}],"about":[{"href":"https:\/\/enlineabarcelona.com\/ca\/wp-json\/wp\/v2\/types\/product"}],"replies":[{"embeddable":true,"href":"https:\/\/enlineabarcelona.com\/ca\/wp-json\/wp\/v2\/comments?post=14209"}],"wp:featuredmedia":[{"embeddable":true,"href":"https:\/\/enlineabarcelona.com\/ca\/wp-json\/wp\/v2\/media\/11579"}],"wp:attachment":[{"href":"https:\/\/enlineabarcelona.com\/ca\/wp-json\/wp\/v2\/media?parent=14209"}],"wp:term":[{"taxonomy":"product_cat","embeddable":true,"href":"https:\/\/enlineabarcelona.com\/ca\/wp-json\/wp\/v2\/product_cat?post=14209"},{"taxonomy":"product_tag","embeddable":true,"href":"https:\/\/enlineabarcelona.com\/ca\/wp-json\/wp\/v2\/product_tag?post=14209"},{"taxonomy":"disenadores","embeddable":true,"href":"https:\/\/enlineabarcelona.com\/ca\/wp-json\/wp\/v2\/disenadores?post=14209"},{"taxonomy":"marca","embeddable":true,"href":"https:\/\/enlineabarcelona.com\/ca\/wp-json\/wp\/v2\/marca?post=14209"}],"curies":[{"name":"wp","href":"https:\/\/api.w.org\/{rel}","templated":true}]}}