{"id":14210,"date":"2025-10-27T11:19:44","date_gmt":"2025-10-27T11:19:44","guid":{"rendered":"https:\/\/enlineabarcelona.com\/producto\/lampara-hjw37-the-pendant-without-lift\/"},"modified":"2025-10-27T11:19:51","modified_gmt":"2025-10-27T11:19:51","slug":"lampara-hjw37-the-pendant-without-lift","status":"publish","type":"product","link":"https:\/\/enlineabarcelona.com\/ca\/producto\/lampara-hjw37-the-pendant-without-lift\/","title":{"rendered":"L\u00e1mpara HJW37"},"content":{"rendered":"\n<p>El colgante HJW37 fue dise\u00f1ado por Hans J. Wegner en 1962 y se fabrica desde entonces. El colgante tiene una pantalla de aluminio con un soporte chapado en oro de 24 quilates o en n\u00edquel y emite una luz suave y c\u00e1lida, ideal para iluminar una mesa de comedor o de caf\u00e9. El dise\u00f1o incluye varios elementos funcionales, como un elevador opcional y un casquillo regulable en altura para adaptar la altura de la l\u00e1mpara y de la bombilla y conseguir una iluminaci\u00f3n sin deslumbramientos. Su versatilidad inherente la hace adecuada tanto para el sal\u00f3n como para el comedor.<\/p>\n\n\n\n<p>El colgante tambi\u00e9n est\u00e1 disponible con elevador.<\/p>\n","protected":false},"excerpt":{"rendered":"<p>El colgante HJW37 fue dise\u00f1ado por Hans J. Wegner en 1962 y se fabrica desde entonces. El colgante tiene una pantalla de aluminio con un soporte chapado en oro de 24 quilates o en n\u00edquel y emite una luz suave y c\u00e1lida, ideal para iluminar una mesa de comedor o de caf\u00e9. El dise\u00f1o incluye &#8230; <a title=\"L\u00e1mpara HJW37\" class=\"read-more\" href=\"https:\/\/enlineabarcelona.com\/ca\/producto\/lampara-hjw37-the-pendant-without-lift\/\" aria-label=\"M\u00e9s informaci\u00f3 sobre L\u00e1mpara HJW37\">Llegiu m\u00e9s<\/a><\/p>\n","protected":false},"featured_media":11592,"comment_status":"closed","ping_status":"open","template":"","meta":{"_acf_changed":false},"product_cat":[1156,1197],"product_tag":[],"disenadores":[831],"marca":[55],"class_list":{"0":"post-14210","1":"product","2":"type-product","3":"status-publish","4":"has-post-thumbnail","6":"product_cat-iluminacion","7":"product_cat-lamparas-de-suspension","8":"disenadores-hans-j-wegner","9":"marca-carl-hansen","10":"sales-flash-overlay","11":"woocommerce-text-align-center","12":"woocommerce-image-align-center","13":"do-quantity-buttons","14":"wc-has-gallery","16":"first","17":"instock","18":"purchasable","19":"product-type-simple"},"acf":[],"_links":{"self":[{"href":"https:\/\/enlineabarcelona.com\/ca\/wp-json\/wp\/v2\/product\/14210","targetHints":{"allow":["GET"]}}],"collection":[{"href":"https:\/\/enlineabarcelona.com\/ca\/wp-json\/wp\/v2\/product"}],"about":[{"href":"https:\/\/enlineabarcelona.com\/ca\/wp-json\/wp\/v2\/types\/product"}],"replies":[{"embeddable":true,"href":"https:\/\/enlineabarcelona.com\/ca\/wp-json\/wp\/v2\/comments?post=14210"}],"wp:featuredmedia":[{"embeddable":true,"href":"https:\/\/enlineabarcelona.com\/ca\/wp-json\/wp\/v2\/media\/11592"}],"wp:attachment":[{"href":"https:\/\/enlineabarcelona.com\/ca\/wp-json\/wp\/v2\/media?parent=14210"}],"wp:term":[{"taxonomy":"product_cat","embeddable":true,"href":"https:\/\/enlineabarcelona.com\/ca\/wp-json\/wp\/v2\/product_cat?post=14210"},{"taxonomy":"product_tag","embeddable":true,"href":"https:\/\/enlineabarcelona.com\/ca\/wp-json\/wp\/v2\/product_tag?post=14210"},{"taxonomy":"disenadores","embeddable":true,"href":"https:\/\/enlineabarcelona.com\/ca\/wp-json\/wp\/v2\/disenadores?post=14210"},{"taxonomy":"marca","embeddable":true,"href":"https:\/\/enlineabarcelona.com\/ca\/wp-json\/wp\/v2\/marca?post=14210"}],"curies":[{"name":"wp","href":"https:\/\/api.w.org\/{rel}","templated":true}]}}