{"id":14211,"date":"2025-10-27T11:19:44","date_gmt":"2025-10-27T11:19:44","guid":{"rendered":"https:\/\/enlineabarcelona.com\/producto\/silla-mynt-madera\/"},"modified":"2025-10-27T11:19:52","modified_gmt":"2025-10-27T11:19:52","slug":"silla-mynt-madera","status":"publish","type":"product","link":"https:\/\/enlineabarcelona.com\/ca\/producto\/silla-mynt-madera\/","title":{"rendered":"Silla Mynt"},"content":{"rendered":"\n<p>La silla universal Mynt de Erwan Bouroullec combina la seductora est\u00e9tica hogare\u00f1a de una silla de estudio con una experiencia de asiento din\u00e1mico totalmente nueva.<\/p>\n","protected":false},"excerpt":{"rendered":"<p>La silla universal Mynt de Erwan Bouroullec combina la seductora est\u00e9tica hogare\u00f1a de una silla de estudio con una experiencia de asiento din\u00e1mico totalmente nueva.<\/p>\n","protected":false},"featured_media":11605,"comment_status":"closed","ping_status":"open","template":"","meta":{"_acf_changed":false},"product_cat":[298,1139],"product_tag":[],"disenadores":[763],"marca":[26],"class_list":{"0":"post-14211","1":"product","2":"type-product","3":"status-publish","4":"has-post-thumbnail","6":"product_cat-mobiliario","7":"product_cat-sillas","8":"disenadores-erwan-bouroullec","9":"marca-vitra","10":"sales-flash-overlay","11":"woocommerce-text-align-center","12":"woocommerce-image-align-center","13":"do-quantity-buttons","14":"wc-has-gallery","16":"first","17":"instock","18":"purchasable","19":"product-type-simple"},"acf":[],"_links":{"self":[{"href":"https:\/\/enlineabarcelona.com\/ca\/wp-json\/wp\/v2\/product\/14211","targetHints":{"allow":["GET"]}}],"collection":[{"href":"https:\/\/enlineabarcelona.com\/ca\/wp-json\/wp\/v2\/product"}],"about":[{"href":"https:\/\/enlineabarcelona.com\/ca\/wp-json\/wp\/v2\/types\/product"}],"replies":[{"embeddable":true,"href":"https:\/\/enlineabarcelona.com\/ca\/wp-json\/wp\/v2\/comments?post=14211"}],"wp:featuredmedia":[{"embeddable":true,"href":"https:\/\/enlineabarcelona.com\/ca\/wp-json\/wp\/v2\/media\/11605"}],"wp:attachment":[{"href":"https:\/\/enlineabarcelona.com\/ca\/wp-json\/wp\/v2\/media?parent=14211"}],"wp:term":[{"taxonomy":"product_cat","embeddable":true,"href":"https:\/\/enlineabarcelona.com\/ca\/wp-json\/wp\/v2\/product_cat?post=14211"},{"taxonomy":"product_tag","embeddable":true,"href":"https:\/\/enlineabarcelona.com\/ca\/wp-json\/wp\/v2\/product_tag?post=14211"},{"taxonomy":"disenadores","embeddable":true,"href":"https:\/\/enlineabarcelona.com\/ca\/wp-json\/wp\/v2\/disenadores?post=14211"},{"taxonomy":"marca","embeddable":true,"href":"https:\/\/enlineabarcelona.com\/ca\/wp-json\/wp\/v2\/marca?post=14211"}],"curies":[{"name":"wp","href":"https:\/\/api.w.org\/{rel}","templated":true}]}}