{"id":14214,"date":"2025-10-27T11:19:44","date_gmt":"2025-10-27T11:19:44","guid":{"rendered":"https:\/\/enlineabarcelona.com\/producto\/escritorio-courier\/"},"modified":"2025-10-27T11:19:54","modified_gmt":"2025-10-27T11:19:54","slug":"escritorio-courier","status":"publish","type":"product","link":"https:\/\/enlineabarcelona.com\/ca\/producto\/escritorio-courier\/","title":{"rendered":"Escritorio Courier"},"content":{"rendered":"\n<p>Adem\u00e1s de dedicarse a proyectos de dise\u00f1o, Ronan Bouroullec tambi\u00e9n es un artista que hace dibujos intrincados en los que dibuja a mano secuencias intuitivas de l\u00edneas con un pincel de punta de fieltro de caligraf\u00eda japonesa. Los contornos de Courier se pueden interpretar como una expresi\u00f3n de esta vertiente art\u00edstica, pero tambi\u00e9n evidencian el talento de Bouroullec para la forma y la composici\u00f3n, as\u00ed como su pericia t\u00e9cnica. La mesa Courier combina a la perfecci\u00f3n dos materiales de alta calidad, la madera y el aluminio, para crear un dise\u00f1o distintivo pero discreto.<\/p>\n","protected":false},"excerpt":{"rendered":"<p>Adem\u00e1s de dedicarse a proyectos de dise\u00f1o, Ronan Bouroullec tambi\u00e9n es un artista que hace dibujos intrincados en los que dibuja a mano secuencias intuitivas de l\u00edneas con un pincel de punta de fieltro de caligraf\u00eda japonesa. Los contornos de Courier se pueden interpretar como una expresi\u00f3n de esta vertiente art\u00edstica, pero tambi\u00e9n evidencian el &#8230; <a title=\"Escritorio Courier\" class=\"read-more\" href=\"https:\/\/enlineabarcelona.com\/ca\/producto\/escritorio-courier\/\" aria-label=\"M\u00e9s informaci\u00f3 sobre Escritorio Courier\">Llegiu m\u00e9s<\/a><\/p>\n","protected":false},"featured_media":11641,"comment_status":"closed","ping_status":"open","template":"","meta":{"_acf_changed":false},"product_cat":[289,298],"product_tag":[],"disenadores":[820],"marca":[26],"class_list":{"0":"post-14214","1":"product","2":"type-product","3":"status-publish","4":"has-post-thumbnail","6":"product_cat-mesas","7":"product_cat-mobiliario","8":"disenadores-ronan-bouroullec","9":"marca-vitra","10":"sales-flash-overlay","11":"woocommerce-text-align-center","12":"woocommerce-image-align-center","13":"do-quantity-buttons","14":"wc-has-gallery","16":"first","17":"instock","18":"purchasable","19":"product-type-simple"},"acf":[],"_links":{"self":[{"href":"https:\/\/enlineabarcelona.com\/ca\/wp-json\/wp\/v2\/product\/14214","targetHints":{"allow":["GET"]}}],"collection":[{"href":"https:\/\/enlineabarcelona.com\/ca\/wp-json\/wp\/v2\/product"}],"about":[{"href":"https:\/\/enlineabarcelona.com\/ca\/wp-json\/wp\/v2\/types\/product"}],"replies":[{"embeddable":true,"href":"https:\/\/enlineabarcelona.com\/ca\/wp-json\/wp\/v2\/comments?post=14214"}],"wp:featuredmedia":[{"embeddable":true,"href":"https:\/\/enlineabarcelona.com\/ca\/wp-json\/wp\/v2\/media\/11641"}],"wp:attachment":[{"href":"https:\/\/enlineabarcelona.com\/ca\/wp-json\/wp\/v2\/media?parent=14214"}],"wp:term":[{"taxonomy":"product_cat","embeddable":true,"href":"https:\/\/enlineabarcelona.com\/ca\/wp-json\/wp\/v2\/product_cat?post=14214"},{"taxonomy":"product_tag","embeddable":true,"href":"https:\/\/enlineabarcelona.com\/ca\/wp-json\/wp\/v2\/product_tag?post=14214"},{"taxonomy":"disenadores","embeddable":true,"href":"https:\/\/enlineabarcelona.com\/ca\/wp-json\/wp\/v2\/disenadores?post=14214"},{"taxonomy":"marca","embeddable":true,"href":"https:\/\/enlineabarcelona.com\/ca\/wp-json\/wp\/v2\/marca?post=14214"}],"curies":[{"name":"wp","href":"https:\/\/api.w.org\/{rel}","templated":true}]}}