{"id":14215,"date":"2025-10-27T11:19:44","date_gmt":"2025-10-27T11:19:44","guid":{"rendered":"https:\/\/enlineabarcelona.com\/producto\/armario-pequeno-bridges\/"},"modified":"2025-10-27T11:19:54","modified_gmt":"2025-10-27T11:19:54","slug":"armario-pequeno-bridges","status":"publish","type":"product","link":"https:\/\/enlineabarcelona.com\/ca\/producto\/armario-pequeno-bridges\/","title":{"rendered":"Armario peque\u00f1o Bridges"},"content":{"rendered":"\n<p>Bridges es una colecci\u00f3n de armarios dise\u00f1ada por Muller Van Severen. MVS\u00a0desarroll\u00f3 los armarios a partir de su serie de jarrones &#8220;Wave&#8221;. Las siluetas de los jarrones se incorporaron en armarios hechos a mano con bases recortadas \u00fanicas que trascienden la funci\u00f3n. Sus colores refinados y acabados brillantes enfatizan la estructura, destac\u00e1ndose por su belleza escult\u00f3rica. Tanto de manera individual como en conjunto, los armarios Bridges\u00a0crean una arquitectura colorida, vibrante y espaciosa, y, por supuesto, llena de personalidad.<\/p>\n\n\n\n<p><\/p>\n","protected":false},"excerpt":{"rendered":"<p>Bridges es una colecci\u00f3n de armarios dise\u00f1ada por Muller Van Severen. MVS\u00a0desarroll\u00f3 los armarios a partir de su serie de jarrones &#8220;Wave&#8221;. Las siluetas de los jarrones se incorporaron en armarios hechos a mano con bases recortadas \u00fanicas que trascienden la funci\u00f3n. Sus colores refinados y acabados brillantes enfatizan la estructura, destac\u00e1ndose por su belleza &#8230; <a title=\"Armario peque\u00f1o Bridges\" class=\"read-more\" href=\"https:\/\/enlineabarcelona.com\/ca\/producto\/armario-pequeno-bridges\/\" aria-label=\"M\u00e9s informaci\u00f3 sobre Armario peque\u00f1o Bridges\">Llegiu m\u00e9s<\/a><\/p>\n","protected":false},"featured_media":11663,"comment_status":"closed","ping_status":"open","template":"","meta":{"_acf_changed":false},"product_cat":[293,298],"product_tag":[],"disenadores":[750],"marca":[1203],"class_list":{"0":"post-14215","1":"product","2":"type-product","3":"status-publish","4":"has-post-thumbnail","6":"product_cat-armarios","7":"product_cat-mobiliario","8":"disenadores-muller-van-severen","9":"marca-bd-barcelona-design-maestros-del-diseno-contemporaneo-y-clasico","10":"sales-flash-overlay","11":"woocommerce-text-align-center","12":"woocommerce-image-align-center","13":"do-quantity-buttons","14":"wc-has-gallery","16":"first","17":"instock","18":"purchasable","19":"product-type-simple"},"acf":[],"_links":{"self":[{"href":"https:\/\/enlineabarcelona.com\/ca\/wp-json\/wp\/v2\/product\/14215","targetHints":{"allow":["GET"]}}],"collection":[{"href":"https:\/\/enlineabarcelona.com\/ca\/wp-json\/wp\/v2\/product"}],"about":[{"href":"https:\/\/enlineabarcelona.com\/ca\/wp-json\/wp\/v2\/types\/product"}],"replies":[{"embeddable":true,"href":"https:\/\/enlineabarcelona.com\/ca\/wp-json\/wp\/v2\/comments?post=14215"}],"wp:featuredmedia":[{"embeddable":true,"href":"https:\/\/enlineabarcelona.com\/ca\/wp-json\/wp\/v2\/media\/11663"}],"wp:attachment":[{"href":"https:\/\/enlineabarcelona.com\/ca\/wp-json\/wp\/v2\/media?parent=14215"}],"wp:term":[{"taxonomy":"product_cat","embeddable":true,"href":"https:\/\/enlineabarcelona.com\/ca\/wp-json\/wp\/v2\/product_cat?post=14215"},{"taxonomy":"product_tag","embeddable":true,"href":"https:\/\/enlineabarcelona.com\/ca\/wp-json\/wp\/v2\/product_tag?post=14215"},{"taxonomy":"disenadores","embeddable":true,"href":"https:\/\/enlineabarcelona.com\/ca\/wp-json\/wp\/v2\/disenadores?post=14215"},{"taxonomy":"marca","embeddable":true,"href":"https:\/\/enlineabarcelona.com\/ca\/wp-json\/wp\/v2\/marca?post=14215"}],"curies":[{"name":"wp","href":"https:\/\/api.w.org\/{rel}","templated":true}]}}