{"id":14216,"date":"2025-10-27T11:19:44","date_gmt":"2025-10-27T11:19:44","guid":{"rendered":"https:\/\/enlineabarcelona.com\/producto\/lampara-ek61-opal-pendant\/"},"modified":"2025-10-27T11:19:55","modified_gmt":"2025-10-27T11:19:55","slug":"lampara-ek61-opal-pendant","status":"publish","type":"product","link":"https:\/\/enlineabarcelona.com\/ca\/producto\/lampara-ek61-opal-pendant\/","title":{"rendered":"L\u00e1mpara EK61 Opal Pendant"},"content":{"rendered":"\n<p>Dise\u00f1ado en 1961 pero nunca puesto en producci\u00f3n hasta hoy, el EK61 Opal Pendant se lanza ahora en cristal y madera. Dise\u00f1ado por el hijo del destacado dise\u00f1ador dan\u00e9s Kaare Klint, el discreto y elegante colgante de Esben Klint fue imaginado originalmente en pl\u00e1stico plisado. Demasiado complicado de producir en aquel momento, el dise\u00f1o permaneci\u00f3 en los archivos familiares hasta ahora.<\/p>\n\n\n\n<p>La versi\u00f3n moderna est\u00e1 elaborada con una forma el\u00edptica plisada de vidrio opalino soplado. Los caracter\u00edsticos detalles de roble, que recuerdan a las linternas chinas tradicionales, est\u00e1n meticulosamente torneados y pulidos a mano para lograr una expresi\u00f3n cl\u00e1sica. Disponible en tres tama\u00f1os, la EK61 emite una luz suave e indirecta gracias a su cuidada combinaci\u00f3n de materiales cl\u00e1sicos.<\/p>\n\n\n\n<p><\/p>\n","protected":false},"excerpt":{"rendered":"<p>Dise\u00f1ado en 1961 pero nunca puesto en producci\u00f3n hasta hoy, el EK61 Opal Pendant se lanza ahora en cristal y madera. Dise\u00f1ado por el hijo del destacado dise\u00f1ador dan\u00e9s Kaare Klint, el discreto y elegante colgante de Esben Klint fue imaginado originalmente en pl\u00e1stico plisado. Demasiado complicado de producir en aquel momento, el dise\u00f1o permaneci\u00f3 &#8230; <a title=\"L\u00e1mpara EK61 Opal Pendant\" class=\"read-more\" href=\"https:\/\/enlineabarcelona.com\/ca\/producto\/lampara-ek61-opal-pendant\/\" aria-label=\"M\u00e9s informaci\u00f3 sobre L\u00e1mpara EK61 Opal Pendant\">Llegiu m\u00e9s<\/a><\/p>\n","protected":false},"featured_media":11682,"comment_status":"closed","ping_status":"open","template":"","meta":{"_acf_changed":false},"product_cat":[1156,1197],"product_tag":[],"disenadores":[1019],"marca":[55],"class_list":{"0":"post-14216","1":"product","2":"type-product","3":"status-publish","4":"has-post-thumbnail","6":"product_cat-iluminacion","7":"product_cat-lamparas-de-suspension","8":"disenadores-esben-klint","9":"marca-carl-hansen","10":"sales-flash-overlay","11":"woocommerce-text-align-center","12":"woocommerce-image-align-center","13":"do-quantity-buttons","14":"wc-has-gallery","16":"first","17":"instock","18":"purchasable","19":"product-type-simple"},"acf":[],"_links":{"self":[{"href":"https:\/\/enlineabarcelona.com\/ca\/wp-json\/wp\/v2\/product\/14216","targetHints":{"allow":["GET"]}}],"collection":[{"href":"https:\/\/enlineabarcelona.com\/ca\/wp-json\/wp\/v2\/product"}],"about":[{"href":"https:\/\/enlineabarcelona.com\/ca\/wp-json\/wp\/v2\/types\/product"}],"replies":[{"embeddable":true,"href":"https:\/\/enlineabarcelona.com\/ca\/wp-json\/wp\/v2\/comments?post=14216"}],"wp:featuredmedia":[{"embeddable":true,"href":"https:\/\/enlineabarcelona.com\/ca\/wp-json\/wp\/v2\/media\/11682"}],"wp:attachment":[{"href":"https:\/\/enlineabarcelona.com\/ca\/wp-json\/wp\/v2\/media?parent=14216"}],"wp:term":[{"taxonomy":"product_cat","embeddable":true,"href":"https:\/\/enlineabarcelona.com\/ca\/wp-json\/wp\/v2\/product_cat?post=14216"},{"taxonomy":"product_tag","embeddable":true,"href":"https:\/\/enlineabarcelona.com\/ca\/wp-json\/wp\/v2\/product_tag?post=14216"},{"taxonomy":"disenadores","embeddable":true,"href":"https:\/\/enlineabarcelona.com\/ca\/wp-json\/wp\/v2\/disenadores?post=14216"},{"taxonomy":"marca","embeddable":true,"href":"https:\/\/enlineabarcelona.com\/ca\/wp-json\/wp\/v2\/marca?post=14216"}],"curies":[{"name":"wp","href":"https:\/\/api.w.org\/{rel}","templated":true}]}}