{"id":14217,"date":"2025-10-27T11:19:44","date_gmt":"2025-10-27T11:19:44","guid":{"rendered":"https:\/\/enlineabarcelona.com\/producto\/lampara-hk20-bubi-pendant\/"},"modified":"2025-10-27T11:19:56","modified_gmt":"2025-10-27T11:19:56","slug":"lampara-hk20-bubi-pendant","status":"publish","type":"product","link":"https:\/\/enlineabarcelona.com\/ca\/producto\/lampara-hk20-bubi-pendant\/","title":{"rendered":"L\u00e1mpara HK20 BUBI Pendant"},"content":{"rendered":"\n<p>La l\u00e1mpara HK20 Bubi fue dise\u00f1ada por Henning Koppel en 1972. La l\u00e1mpara refleja claramente el modo de expresi\u00f3n escult\u00f3rico de Koppel, con su forma curvil\u00ednea en forma de gota, que incluye una pantalla de acr\u00edlico opalino y una parte superior y un casquillo cromados o latonados. La l\u00e1mpara HK20 Bubi ofrece una luz sin deslumbramientos para iluminar espacios reducidos y puede colgarse del techo, de forma singular o dispuesta en una formaci\u00f3n colectiva, o colocarse directamente sobre su carcasa.<\/p>\n","protected":false},"excerpt":{"rendered":"<p>La l\u00e1mpara HK20 Bubi fue dise\u00f1ada por Henning Koppel en 1972. La l\u00e1mpara refleja claramente el modo de expresi\u00f3n escult\u00f3rico de Koppel, con su forma curvil\u00ednea en forma de gota, que incluye una pantalla de acr\u00edlico opalino y una parte superior y un casquillo cromados o latonados. La l\u00e1mpara HK20 Bubi ofrece una luz sin &#8230; <a title=\"L\u00e1mpara HK20 BUBI Pendant\" class=\"read-more\" href=\"https:\/\/enlineabarcelona.com\/ca\/producto\/lampara-hk20-bubi-pendant\/\" aria-label=\"M\u00e9s informaci\u00f3 sobre L\u00e1mpara HK20 BUBI Pendant\">Llegiu m\u00e9s<\/a><\/p>\n","protected":false},"featured_media":11698,"comment_status":"closed","ping_status":"open","template":"","meta":{"_acf_changed":false},"product_cat":[1156,1197],"product_tag":[],"disenadores":[790],"marca":[55],"class_list":{"0":"post-14217","1":"product","2":"type-product","3":"status-publish","4":"has-post-thumbnail","6":"product_cat-iluminacion","7":"product_cat-lamparas-de-suspension","8":"disenadores-henning-koppel","9":"marca-carl-hansen","10":"sales-flash-overlay","11":"woocommerce-text-align-center","12":"woocommerce-image-align-center","13":"do-quantity-buttons","14":"wc-has-gallery","16":"first","17":"instock","18":"purchasable","19":"product-type-simple"},"acf":[],"_links":{"self":[{"href":"https:\/\/enlineabarcelona.com\/ca\/wp-json\/wp\/v2\/product\/14217","targetHints":{"allow":["GET"]}}],"collection":[{"href":"https:\/\/enlineabarcelona.com\/ca\/wp-json\/wp\/v2\/product"}],"about":[{"href":"https:\/\/enlineabarcelona.com\/ca\/wp-json\/wp\/v2\/types\/product"}],"replies":[{"embeddable":true,"href":"https:\/\/enlineabarcelona.com\/ca\/wp-json\/wp\/v2\/comments?post=14217"}],"wp:featuredmedia":[{"embeddable":true,"href":"https:\/\/enlineabarcelona.com\/ca\/wp-json\/wp\/v2\/media\/11698"}],"wp:attachment":[{"href":"https:\/\/enlineabarcelona.com\/ca\/wp-json\/wp\/v2\/media?parent=14217"}],"wp:term":[{"taxonomy":"product_cat","embeddable":true,"href":"https:\/\/enlineabarcelona.com\/ca\/wp-json\/wp\/v2\/product_cat?post=14217"},{"taxonomy":"product_tag","embeddable":true,"href":"https:\/\/enlineabarcelona.com\/ca\/wp-json\/wp\/v2\/product_tag?post=14217"},{"taxonomy":"disenadores","embeddable":true,"href":"https:\/\/enlineabarcelona.com\/ca\/wp-json\/wp\/v2\/disenadores?post=14217"},{"taxonomy":"marca","embeddable":true,"href":"https:\/\/enlineabarcelona.com\/ca\/wp-json\/wp\/v2\/marca?post=14217"}],"curies":[{"name":"wp","href":"https:\/\/api.w.org\/{rel}","templated":true}]}}