{"id":14218,"date":"2025-10-27T11:19:44","date_gmt":"2025-10-27T11:19:44","guid":{"rendered":"https:\/\/enlineabarcelona.com\/producto\/armario-mediano-bridges\/"},"modified":"2025-10-27T11:19:56","modified_gmt":"2025-10-27T11:19:56","slug":"armario-mediano-bridges","status":"publish","type":"product","link":"https:\/\/enlineabarcelona.com\/ca\/producto\/armario-mediano-bridges\/","title":{"rendered":"Armario mediano Bridges"},"content":{"rendered":"\n<p>Bridges es una colecci\u00f3n de armarios dise\u00f1ada por Muller Van Severen. MVS desarroll\u00f3 los armarios a partir de su serie de jarrones \u2018Wave\u2019. Las siluetas de los jarrones se incorporaron en armarios hechos a mano con bases recortadas \u00fanicas que trascienden la funci\u00f3n. Sus colores refinados y acabados brillantes enfatizan la estructura, destac\u00e1ndose por su belleza escult\u00f3rica. Tanto de manera individual como en conjunto, los armarios Bridges crean una arquitectura colorida, vibrante y espaciosa, y, por supuesto, llena de personalidad.<\/p>\n","protected":false},"excerpt":{"rendered":"<p>Bridges es una colecci\u00f3n de armarios dise\u00f1ada por Muller Van Severen. MVS desarroll\u00f3 los armarios a partir de su serie de jarrones \u2018Wave\u2019. Las siluetas de los jarrones se incorporaron en armarios hechos a mano con bases recortadas \u00fanicas que trascienden la funci\u00f3n. Sus colores refinados y acabados brillantes enfatizan la estructura, destac\u00e1ndose por su &#8230; <a title=\"Armario mediano Bridges\" class=\"read-more\" href=\"https:\/\/enlineabarcelona.com\/ca\/producto\/armario-mediano-bridges\/\" aria-label=\"M\u00e9s informaci\u00f3 sobre Armario mediano Bridges\">Llegiu m\u00e9s<\/a><\/p>\n","protected":false},"featured_media":11717,"comment_status":"closed","ping_status":"open","template":"","meta":{"_acf_changed":false},"product_cat":[293,298],"product_tag":[],"disenadores":[750],"marca":[1203],"class_list":{"0":"post-14218","1":"product","2":"type-product","3":"status-publish","4":"has-post-thumbnail","6":"product_cat-armarios","7":"product_cat-mobiliario","8":"disenadores-muller-van-severen","9":"marca-bd-barcelona-design-maestros-del-diseno-contemporaneo-y-clasico","10":"sales-flash-overlay","11":"woocommerce-text-align-center","12":"woocommerce-image-align-center","13":"do-quantity-buttons","14":"wc-has-gallery","16":"first","17":"instock","18":"purchasable","19":"product-type-simple"},"acf":[],"_links":{"self":[{"href":"https:\/\/enlineabarcelona.com\/ca\/wp-json\/wp\/v2\/product\/14218","targetHints":{"allow":["GET"]}}],"collection":[{"href":"https:\/\/enlineabarcelona.com\/ca\/wp-json\/wp\/v2\/product"}],"about":[{"href":"https:\/\/enlineabarcelona.com\/ca\/wp-json\/wp\/v2\/types\/product"}],"replies":[{"embeddable":true,"href":"https:\/\/enlineabarcelona.com\/ca\/wp-json\/wp\/v2\/comments?post=14218"}],"wp:featuredmedia":[{"embeddable":true,"href":"https:\/\/enlineabarcelona.com\/ca\/wp-json\/wp\/v2\/media\/11717"}],"wp:attachment":[{"href":"https:\/\/enlineabarcelona.com\/ca\/wp-json\/wp\/v2\/media?parent=14218"}],"wp:term":[{"taxonomy":"product_cat","embeddable":true,"href":"https:\/\/enlineabarcelona.com\/ca\/wp-json\/wp\/v2\/product_cat?post=14218"},{"taxonomy":"product_tag","embeddable":true,"href":"https:\/\/enlineabarcelona.com\/ca\/wp-json\/wp\/v2\/product_tag?post=14218"},{"taxonomy":"disenadores","embeddable":true,"href":"https:\/\/enlineabarcelona.com\/ca\/wp-json\/wp\/v2\/disenadores?post=14218"},{"taxonomy":"marca","embeddable":true,"href":"https:\/\/enlineabarcelona.com\/ca\/wp-json\/wp\/v2\/marca?post=14218"}],"curies":[{"name":"wp","href":"https:\/\/api.w.org\/{rel}","templated":true}]}}