{"id":14221,"date":"2025-10-27T11:19:59","date_gmt":"2025-10-27T11:19:59","guid":{"rendered":"https:\/\/enlineabarcelona.com\/producto\/silla-tulip-side\/"},"modified":"2025-10-27T11:20:01","modified_gmt":"2025-10-27T11:20:01","slug":"silla-tulip-side","status":"publish","type":"product","link":"https:\/\/enlineabarcelona.com\/ca\/producto\/silla-tulip-side\/","title":{"rendered":"Silla Tulip\u2122 Side"},"content":{"rendered":"\n<p>En su enfoque purista de la arquitectura y el dise\u00f1o, Eero Saarinen buscaba la idea esencial y la reduc\u00eda a la soluci\u00f3n estructural m\u00e1s eficaz. Uno de los ejemplos m\u00e1s ejemplares es el dise\u00f1o de una sola pata de su colecci\u00f3n Pedestal. Estas piezas majestuosas y sin esfuerzo surgieron de su deseo de eliminar la confusi\u00f3n causada por \u00abel jaleo de patas\u00bb debajo de las sillas y mesas t\u00edpicas. Desde entonces, la silla Tulip y la mesa Pedestal que la acompa\u00f1a se han convertido en s\u00edmbolos del dise\u00f1o moderno de mediados de siglo y en pilares del legado de dise\u00f1o de Knoll.<\/p>\n\n\n\n<p><\/p>\n","protected":false},"excerpt":{"rendered":"<p>En su enfoque purista de la arquitectura y el dise\u00f1o, Eero Saarinen buscaba la idea esencial y la reduc\u00eda a la soluci\u00f3n estructural m\u00e1s eficaz. Uno de los ejemplos m\u00e1s ejemplares es el dise\u00f1o de una sola pata de su colecci\u00f3n Pedestal. Estas piezas majestuosas y sin esfuerzo surgieron de su deseo de eliminar la &#8230; <a title=\"Silla Tulip\u2122 Side\" class=\"read-more\" href=\"https:\/\/enlineabarcelona.com\/ca\/producto\/silla-tulip-side\/\" aria-label=\"M\u00e9s informaci\u00f3 sobre Silla Tulip\u2122 Side\">Llegiu m\u00e9s<\/a><\/p>\n","protected":false},"featured_media":11783,"comment_status":"closed","ping_status":"open","template":"","meta":{"_acf_changed":false},"product_cat":[298,1139],"product_tag":[],"disenadores":[742],"marca":[72],"class_list":{"0":"post-14221","1":"product","2":"type-product","3":"status-publish","4":"has-post-thumbnail","6":"product_cat-mobiliario","7":"product_cat-sillas","8":"disenadores-eero-saarinen","9":"marca-knoll","10":"sales-flash-overlay","11":"woocommerce-text-align-center","12":"woocommerce-image-align-center","13":"do-quantity-buttons","14":"wc-has-gallery","16":"first","17":"instock","18":"purchasable","19":"product-type-simple"},"acf":[],"_links":{"self":[{"href":"https:\/\/enlineabarcelona.com\/ca\/wp-json\/wp\/v2\/product\/14221","targetHints":{"allow":["GET"]}}],"collection":[{"href":"https:\/\/enlineabarcelona.com\/ca\/wp-json\/wp\/v2\/product"}],"about":[{"href":"https:\/\/enlineabarcelona.com\/ca\/wp-json\/wp\/v2\/types\/product"}],"replies":[{"embeddable":true,"href":"https:\/\/enlineabarcelona.com\/ca\/wp-json\/wp\/v2\/comments?post=14221"}],"wp:featuredmedia":[{"embeddable":true,"href":"https:\/\/enlineabarcelona.com\/ca\/wp-json\/wp\/v2\/media\/11783"}],"wp:attachment":[{"href":"https:\/\/enlineabarcelona.com\/ca\/wp-json\/wp\/v2\/media?parent=14221"}],"wp:term":[{"taxonomy":"product_cat","embeddable":true,"href":"https:\/\/enlineabarcelona.com\/ca\/wp-json\/wp\/v2\/product_cat?post=14221"},{"taxonomy":"product_tag","embeddable":true,"href":"https:\/\/enlineabarcelona.com\/ca\/wp-json\/wp\/v2\/product_tag?post=14221"},{"taxonomy":"disenadores","embeddable":true,"href":"https:\/\/enlineabarcelona.com\/ca\/wp-json\/wp\/v2\/disenadores?post=14221"},{"taxonomy":"marca","embeddable":true,"href":"https:\/\/enlineabarcelona.com\/ca\/wp-json\/wp\/v2\/marca?post=14221"}],"curies":[{"name":"wp","href":"https:\/\/api.w.org\/{rel}","templated":true}]}}