{"id":14224,"date":"2025-10-27T11:19:59","date_gmt":"2025-10-27T11:19:59","guid":{"rendered":"https:\/\/enlineabarcelona.com\/producto\/tumbona-erica-edicion-2025\/"},"modified":"2026-02-16T12:22:30","modified_gmt":"2026-02-16T12:22:30","slug":"tumbona-erica-edicion-2025","status":"publish","type":"product","link":"https:\/\/enlineabarcelona.com\/ca\/producto\/tumbona-erica-edicion-2025\/","title":{"rendered":"Tumbona Erica Edici\u00f3n 2025"},"content":{"rendered":"\n<p>Las tumbonas Erica retoman los elementos que caracterizan a la colecci\u00f3n de asientos de exterior del mismo nombre: la estructura de aluminio fundido a presi\u00f3n con recubrimiento en polvo, que ofrece ligereza y durabilidad, y el trenzado de cintas de polipropileno reforzado con un n\u00facleo interno de alta resistencia. La comodidad y la practicidad est\u00e1n garantizadas gracias al respaldo regulable en diferentes posiciones, al colch\u00f3n acolchado y al dise\u00f1o que permite apilarlas. Las ruedas con las que est\u00e1n equipadas facilitan su desplazamiento.<\/p>\n","protected":false},"excerpt":{"rendered":"<p>Las tumbonas Erica retoman los elementos que caracterizan a la colecci\u00f3n de asientos de exterior del mismo nombre: la estructura de aluminio fundido a presi\u00f3n con recubrimiento en polvo, que ofrece ligereza y durabilidad, y el trenzado de cintas de polipropileno reforzado con un n\u00facleo interno de alta resistencia. La comodidad y la practicidad est\u00e1n &#8230; <a title=\"Tumbona Erica Edici\u00f3n 2025\" class=\"read-more\" href=\"https:\/\/enlineabarcelona.com\/ca\/producto\/tumbona-erica-edicion-2025\/\" aria-label=\"M\u00e9s informaci\u00f3 sobre Tumbona Erica Edici\u00f3n 2025\">Llegiu m\u00e9s<\/a><\/p>\n","protected":false},"featured_media":11843,"comment_status":"closed","ping_status":"open","template":"","meta":{"_acf_changed":false},"product_cat":[251,288],"product_tag":[],"disenadores":[884],"marca":[37],"class_list":{"0":"post-14224","1":"product","2":"type-product","3":"status-publish","4":"has-post-thumbnail","6":"product_cat-exterior","7":"product_cat-tumbonas","8":"disenadores-antonio-citterio","9":"marca-bb-italia","10":"sales-flash-overlay","11":"woocommerce-text-align-center","12":"woocommerce-image-align-center","13":"do-quantity-buttons","14":"wc-has-gallery","16":"first","17":"instock","18":"purchasable","19":"product-type-simple"},"acf":[],"_links":{"self":[{"href":"https:\/\/enlineabarcelona.com\/ca\/wp-json\/wp\/v2\/product\/14224","targetHints":{"allow":["GET"]}}],"collection":[{"href":"https:\/\/enlineabarcelona.com\/ca\/wp-json\/wp\/v2\/product"}],"about":[{"href":"https:\/\/enlineabarcelona.com\/ca\/wp-json\/wp\/v2\/types\/product"}],"replies":[{"embeddable":true,"href":"https:\/\/enlineabarcelona.com\/ca\/wp-json\/wp\/v2\/comments?post=14224"}],"wp:featuredmedia":[{"embeddable":true,"href":"https:\/\/enlineabarcelona.com\/ca\/wp-json\/wp\/v2\/media\/11843"}],"wp:attachment":[{"href":"https:\/\/enlineabarcelona.com\/ca\/wp-json\/wp\/v2\/media?parent=14224"}],"wp:term":[{"taxonomy":"product_cat","embeddable":true,"href":"https:\/\/enlineabarcelona.com\/ca\/wp-json\/wp\/v2\/product_cat?post=14224"},{"taxonomy":"product_tag","embeddable":true,"href":"https:\/\/enlineabarcelona.com\/ca\/wp-json\/wp\/v2\/product_tag?post=14224"},{"taxonomy":"disenadores","embeddable":true,"href":"https:\/\/enlineabarcelona.com\/ca\/wp-json\/wp\/v2\/disenadores?post=14224"},{"taxonomy":"marca","embeddable":true,"href":"https:\/\/enlineabarcelona.com\/ca\/wp-json\/wp\/v2\/marca?post=14224"}],"curies":[{"name":"wp","href":"https:\/\/api.w.org\/{rel}","templated":true}]}}