{"id":14225,"date":"2025-10-27T11:19:59","date_gmt":"2025-10-27T11:19:59","guid":{"rendered":"https:\/\/enlineabarcelona.com\/producto\/mesa-platner-side\/"},"modified":"2025-10-27T11:20:04","modified_gmt":"2025-10-27T11:20:04","slug":"mesa-platner-side","status":"publish","type":"product","link":"https:\/\/enlineabarcelona.com\/ca\/producto\/mesa-platner-side\/","title":{"rendered":"Mesa Platner Side"},"content":{"rendered":"\n<p>En la d\u00e9cada de 1960, Warren Platner vio una oportunidad. \u00abSent\u00ed que hab\u00eda espacio para el tipo de dise\u00f1o decorativo, suave y gr\u00e1cil que aparec\u00eda en el estilo de \u00e9poca como Luis XV, pero que pod\u00eda tener una base m\u00e1s racional en lugar de ser decoraci\u00f3n aplicada\u00bb, dijo. Soldando cientos de varillas de acero curvadas a marcos circulares, Platner logr\u00f3 su objetivo de crear una forma que sirviera simult\u00e1neamente de estructura y ornamento. Desde 1966, su ic\u00f3nica mesa auxiliar es un c\u00e9lebre centro de atenci\u00f3n en los salones.<\/p>\n","protected":false},"excerpt":{"rendered":"<p>En la d\u00e9cada de 1960, Warren Platner vio una oportunidad. \u00abSent\u00ed que hab\u00eda espacio para el tipo de dise\u00f1o decorativo, suave y gr\u00e1cil que aparec\u00eda en el estilo de \u00e9poca como Luis XV, pero que pod\u00eda tener una base m\u00e1s racional en lugar de ser decoraci\u00f3n aplicada\u00bb, dijo. Soldando cientos de varillas de acero curvadas &#8230; <a title=\"Mesa Platner Side\" class=\"read-more\" href=\"https:\/\/enlineabarcelona.com\/ca\/producto\/mesa-platner-side\/\" aria-label=\"M\u00e9s informaci\u00f3 sobre Mesa Platner Side\">Llegiu m\u00e9s<\/a><\/p>\n","protected":false},"featured_media":11859,"comment_status":"closed","ping_status":"open","template":"","meta":{"_acf_changed":false},"product_cat":[289,298],"product_tag":[],"disenadores":[1125],"marca":[72],"class_list":{"0":"post-14225","1":"product","2":"type-product","3":"status-publish","4":"has-post-thumbnail","6":"product_cat-mesas","7":"product_cat-mobiliario","8":"disenadores-warren-platner-en","9":"marca-knoll","10":"sales-flash-overlay","11":"woocommerce-text-align-center","12":"woocommerce-image-align-center","13":"do-quantity-buttons","14":"wc-has-gallery","16":"first","17":"instock","18":"purchasable","19":"product-type-simple"},"acf":[],"_links":{"self":[{"href":"https:\/\/enlineabarcelona.com\/ca\/wp-json\/wp\/v2\/product\/14225","targetHints":{"allow":["GET"]}}],"collection":[{"href":"https:\/\/enlineabarcelona.com\/ca\/wp-json\/wp\/v2\/product"}],"about":[{"href":"https:\/\/enlineabarcelona.com\/ca\/wp-json\/wp\/v2\/types\/product"}],"replies":[{"embeddable":true,"href":"https:\/\/enlineabarcelona.com\/ca\/wp-json\/wp\/v2\/comments?post=14225"}],"wp:featuredmedia":[{"embeddable":true,"href":"https:\/\/enlineabarcelona.com\/ca\/wp-json\/wp\/v2\/media\/11859"}],"wp:attachment":[{"href":"https:\/\/enlineabarcelona.com\/ca\/wp-json\/wp\/v2\/media?parent=14225"}],"wp:term":[{"taxonomy":"product_cat","embeddable":true,"href":"https:\/\/enlineabarcelona.com\/ca\/wp-json\/wp\/v2\/product_cat?post=14225"},{"taxonomy":"product_tag","embeddable":true,"href":"https:\/\/enlineabarcelona.com\/ca\/wp-json\/wp\/v2\/product_tag?post=14225"},{"taxonomy":"disenadores","embeddable":true,"href":"https:\/\/enlineabarcelona.com\/ca\/wp-json\/wp\/v2\/disenadores?post=14225"},{"taxonomy":"marca","embeddable":true,"href":"https:\/\/enlineabarcelona.com\/ca\/wp-json\/wp\/v2\/marca?post=14225"}],"curies":[{"name":"wp","href":"https:\/\/api.w.org\/{rel}","templated":true}]}}