{"id":14226,"date":"2025-10-27T11:19:59","date_gmt":"2025-10-27T11:19:59","guid":{"rendered":"https:\/\/enlineabarcelona.com\/producto\/silla-erica-25\/"},"modified":"2026-02-16T12:22:30","modified_gmt":"2026-02-16T12:22:30","slug":"silla-erica-25","status":"publish","type":"product","link":"https:\/\/enlineabarcelona.com\/ca\/producto\/silla-erica-25\/","title":{"rendered":"Silla Erica 2025"},"content":{"rendered":"\n<p>Dise\u00f1adas con una combinaci\u00f3n tecnol\u00f3gica de elementos de aluminio extruido y fundido a presi\u00f3n, las sillas Erica se ofrecen en diferentes versiones, incluida una apilable, y con dos tipos de trenzado. Las combinaciones de colores refinadas incluyen una amplia gama de acabados para las estructuras, que se combinan con los distintos colores del trenzado, realizado con cintas de polipropileno. Los cojines del asiento, adornados con un perfil decorativo, garantizan una comodidad ideal para la relajaci\u00f3n. La ligereza y el dise\u00f1o hacen que Erica sea ideal tanto para espacios p\u00fablicos como residenciales.<\/p>\n","protected":false},"excerpt":{"rendered":"<p>Dise\u00f1adas con una combinaci\u00f3n tecnol\u00f3gica de elementos de aluminio extruido y fundido a presi\u00f3n, las sillas Erica se ofrecen en diferentes versiones, incluida una apilable, y con dos tipos de trenzado. Las combinaciones de colores refinadas incluyen una amplia gama de acabados para las estructuras, que se combinan con los distintos colores del trenzado, realizado &#8230; <a title=\"Silla Erica 2025\" class=\"read-more\" href=\"https:\/\/enlineabarcelona.com\/ca\/producto\/silla-erica-25\/\" aria-label=\"M\u00e9s informaci\u00f3 sobre Silla Erica 2025\">Llegiu m\u00e9s<\/a><\/p>\n","protected":false},"featured_media":11872,"comment_status":"closed","ping_status":"open","template":"","meta":{"_acf_changed":false},"product_cat":[251,284],"product_tag":[],"disenadores":[884],"marca":[37],"class_list":{"0":"post-14226","1":"product","2":"type-product","3":"status-publish","4":"has-post-thumbnail","6":"product_cat-exterior","7":"product_cat-sillas-exterior","8":"disenadores-antonio-citterio","9":"marca-bb-italia","10":"sales-flash-overlay","11":"woocommerce-text-align-center","12":"woocommerce-image-align-center","13":"do-quantity-buttons","14":"wc-has-gallery","16":"first","17":"instock","18":"purchasable","19":"product-type-simple"},"acf":[],"_links":{"self":[{"href":"https:\/\/enlineabarcelona.com\/ca\/wp-json\/wp\/v2\/product\/14226","targetHints":{"allow":["GET"]}}],"collection":[{"href":"https:\/\/enlineabarcelona.com\/ca\/wp-json\/wp\/v2\/product"}],"about":[{"href":"https:\/\/enlineabarcelona.com\/ca\/wp-json\/wp\/v2\/types\/product"}],"replies":[{"embeddable":true,"href":"https:\/\/enlineabarcelona.com\/ca\/wp-json\/wp\/v2\/comments?post=14226"}],"wp:featuredmedia":[{"embeddable":true,"href":"https:\/\/enlineabarcelona.com\/ca\/wp-json\/wp\/v2\/media\/11872"}],"wp:attachment":[{"href":"https:\/\/enlineabarcelona.com\/ca\/wp-json\/wp\/v2\/media?parent=14226"}],"wp:term":[{"taxonomy":"product_cat","embeddable":true,"href":"https:\/\/enlineabarcelona.com\/ca\/wp-json\/wp\/v2\/product_cat?post=14226"},{"taxonomy":"product_tag","embeddable":true,"href":"https:\/\/enlineabarcelona.com\/ca\/wp-json\/wp\/v2\/product_tag?post=14226"},{"taxonomy":"disenadores","embeddable":true,"href":"https:\/\/enlineabarcelona.com\/ca\/wp-json\/wp\/v2\/disenadores?post=14226"},{"taxonomy":"marca","embeddable":true,"href":"https:\/\/enlineabarcelona.com\/ca\/wp-json\/wp\/v2\/marca?post=14226"}],"curies":[{"name":"wp","href":"https:\/\/api.w.org\/{rel}","templated":true}]}}