{"id":14227,"date":"2025-10-27T11:19:59","date_gmt":"2025-10-27T11:19:59","guid":{"rendered":"https:\/\/enlineabarcelona.com\/producto\/mesita-erica-25\/"},"modified":"2026-02-16T12:22:30","modified_gmt":"2026-02-16T12:22:30","slug":"mesita-erica-25","status":"publish","type":"product","link":"https:\/\/enlineabarcelona.com\/ca\/producto\/mesita-erica-25\/","title":{"rendered":"Mesita Erica 2025"},"content":{"rendered":"\n<p>Las mesas auxiliares Erica, disponibles en tres tama\u00f1os redondos, combinan estructuras de aluminio fundido a presi\u00f3n con recubrimiento en polvo en cinco colores \u2014antracita, gris paloma, bronce oliva, verde aguamarina y blanco crema\u2014 con sobres listonados en teca natural o vidrio fundido, un proceso que crea texturas org\u00e1nicas e irregularidades en la superficie para un efecto t\u00e1ctil distintivo. El vidrio est\u00e1 pintado por la parte posterior en verde jade, verde esmeralda y rojo coral.<\/p>\n\n\n\n<p><\/p>\n","protected":false},"excerpt":{"rendered":"<p>Las mesas auxiliares Erica, disponibles en tres tama\u00f1os redondos, combinan estructuras de aluminio fundido a presi\u00f3n con recubrimiento en polvo en cinco colores \u2014antracita, gris paloma, bronce oliva, verde aguamarina y blanco crema\u2014 con sobres listonados en teca natural o vidrio fundido, un proceso que crea texturas org\u00e1nicas e irregularidades en la superficie para un &#8230; <a title=\"Mesita Erica 2025\" class=\"read-more\" href=\"https:\/\/enlineabarcelona.com\/ca\/producto\/mesita-erica-25\/\" aria-label=\"M\u00e9s informaci\u00f3 sobre Mesita Erica 2025\">Llegiu m\u00e9s<\/a><\/p>\n","protected":false},"featured_media":11888,"comment_status":"closed","ping_status":"open","template":"","meta":{"_acf_changed":false},"product_cat":[251,294],"product_tag":[],"disenadores":[884],"marca":[37],"class_list":{"0":"post-14227","1":"product","2":"type-product","3":"status-publish","4":"has-post-thumbnail","6":"product_cat-exterior","7":"product_cat-mesas-exterior","8":"disenadores-antonio-citterio","9":"marca-bb-italia","10":"sales-flash-overlay","11":"woocommerce-text-align-center","12":"woocommerce-image-align-center","13":"do-quantity-buttons","14":"wc-has-gallery","16":"first","17":"instock","18":"purchasable","19":"product-type-simple"},"acf":[],"_links":{"self":[{"href":"https:\/\/enlineabarcelona.com\/ca\/wp-json\/wp\/v2\/product\/14227","targetHints":{"allow":["GET"]}}],"collection":[{"href":"https:\/\/enlineabarcelona.com\/ca\/wp-json\/wp\/v2\/product"}],"about":[{"href":"https:\/\/enlineabarcelona.com\/ca\/wp-json\/wp\/v2\/types\/product"}],"replies":[{"embeddable":true,"href":"https:\/\/enlineabarcelona.com\/ca\/wp-json\/wp\/v2\/comments?post=14227"}],"wp:featuredmedia":[{"embeddable":true,"href":"https:\/\/enlineabarcelona.com\/ca\/wp-json\/wp\/v2\/media\/11888"}],"wp:attachment":[{"href":"https:\/\/enlineabarcelona.com\/ca\/wp-json\/wp\/v2\/media?parent=14227"}],"wp:term":[{"taxonomy":"product_cat","embeddable":true,"href":"https:\/\/enlineabarcelona.com\/ca\/wp-json\/wp\/v2\/product_cat?post=14227"},{"taxonomy":"product_tag","embeddable":true,"href":"https:\/\/enlineabarcelona.com\/ca\/wp-json\/wp\/v2\/product_tag?post=14227"},{"taxonomy":"disenadores","embeddable":true,"href":"https:\/\/enlineabarcelona.com\/ca\/wp-json\/wp\/v2\/disenadores?post=14227"},{"taxonomy":"marca","embeddable":true,"href":"https:\/\/enlineabarcelona.com\/ca\/wp-json\/wp\/v2\/marca?post=14227"}],"curies":[{"name":"wp","href":"https:\/\/api.w.org\/{rel}","templated":true}]}}