{"id":14228,"date":"2025-10-27T11:19:59","date_gmt":"2025-10-27T11:19:59","guid":{"rendered":"https:\/\/enlineabarcelona.com\/producto\/butaca-bertoia-bird\/"},"modified":"2025-10-27T11:20:06","modified_gmt":"2025-10-27T11:20:06","slug":"butaca-bertoia-bird","status":"publish","type":"product","link":"https:\/\/enlineabarcelona.com\/ca\/producto\/butaca-bertoia-bird\/","title":{"rendered":"Butaca Bertoia Bird"},"content":{"rendered":"\n<p>La Butaca Bird es un asombroso estudio del espacio, la forma y la funci\u00f3n, creado por uno de los grandes escultores del siglo pasado. Al igual que Saarinen y Mies, Bertoia encontr\u00f3 una gracia sublime en un material industrial, elev\u00e1ndolo m\u00e1s all\u00e1 de su utilidad habitual hasta convertirlo en una obra de arte. Las sillas de alambre de Harry Bertoia se encuentran entre los logros m\u00e1s reconocidos del dise\u00f1o moderno de mediados de siglo y son un orgullo dentro del legado de Knoll.<\/p>\n\n\n\n<p><\/p>\n","protected":false},"excerpt":{"rendered":"<p>La Butaca Bird es un asombroso estudio del espacio, la forma y la funci\u00f3n, creado por uno de los grandes escultores del siglo pasado. Al igual que Saarinen y Mies, Bertoia encontr\u00f3 una gracia sublime en un material industrial, elev\u00e1ndolo m\u00e1s all\u00e1 de su utilidad habitual hasta convertirlo en una obra de arte. Las sillas &#8230; <a title=\"Butaca Bertoia Bird\" class=\"read-more\" href=\"https:\/\/enlineabarcelona.com\/ca\/producto\/butaca-bertoia-bird\/\" aria-label=\"M\u00e9s informaci\u00f3 sobre Butaca Bertoia Bird\">Llegiu m\u00e9s<\/a><\/p>\n","protected":false},"featured_media":11895,"comment_status":"closed","ping_status":"open","template":"","meta":{"_acf_changed":false},"product_cat":[1219,298,1242],"product_tag":[],"disenadores":[743],"marca":[72],"class_list":{"0":"post-14228","1":"product","2":"type-product","3":"status-publish","4":"has-post-thumbnail","6":"product_cat-butacasmobiliario","7":"product_cat-mobiliario","8":"product_cat-sillas","9":"disenadores-harry-bertoia","10":"marca-knoll","11":"sales-flash-overlay","12":"woocommerce-text-align-center","13":"woocommerce-image-align-center","14":"do-quantity-buttons","15":"wc-has-gallery","17":"first","18":"instock","19":"purchasable","20":"product-type-simple"},"acf":[],"_links":{"self":[{"href":"https:\/\/enlineabarcelona.com\/ca\/wp-json\/wp\/v2\/product\/14228","targetHints":{"allow":["GET"]}}],"collection":[{"href":"https:\/\/enlineabarcelona.com\/ca\/wp-json\/wp\/v2\/product"}],"about":[{"href":"https:\/\/enlineabarcelona.com\/ca\/wp-json\/wp\/v2\/types\/product"}],"replies":[{"embeddable":true,"href":"https:\/\/enlineabarcelona.com\/ca\/wp-json\/wp\/v2\/comments?post=14228"}],"wp:featuredmedia":[{"embeddable":true,"href":"https:\/\/enlineabarcelona.com\/ca\/wp-json\/wp\/v2\/media\/11895"}],"wp:attachment":[{"href":"https:\/\/enlineabarcelona.com\/ca\/wp-json\/wp\/v2\/media?parent=14228"}],"wp:term":[{"taxonomy":"product_cat","embeddable":true,"href":"https:\/\/enlineabarcelona.com\/ca\/wp-json\/wp\/v2\/product_cat?post=14228"},{"taxonomy":"product_tag","embeddable":true,"href":"https:\/\/enlineabarcelona.com\/ca\/wp-json\/wp\/v2\/product_tag?post=14228"},{"taxonomy":"disenadores","embeddable":true,"href":"https:\/\/enlineabarcelona.com\/ca\/wp-json\/wp\/v2\/disenadores?post=14228"},{"taxonomy":"marca","embeddable":true,"href":"https:\/\/enlineabarcelona.com\/ca\/wp-json\/wp\/v2\/marca?post=14228"}],"curies":[{"name":"wp","href":"https:\/\/api.w.org\/{rel}","templated":true}]}}