{"id":14229,"date":"2025-10-27T11:19:59","date_gmt":"2025-10-27T11:19:59","guid":{"rendered":"https:\/\/enlineabarcelona.com\/producto\/butaca-platner\/"},"modified":"2025-10-27T11:20:07","modified_gmt":"2025-10-27T11:20:07","slug":"butaca-platner","status":"publish","type":"product","link":"https:\/\/enlineabarcelona.com\/ca\/producto\/butaca-platner\/","title":{"rendered":"Butaca Platner"},"content":{"rendered":"\n<p>En 1962,\u00a0Warren Platner\u00a0se acerc\u00f3 a\u00a0Knoll\u00a0con una idea. Era un dise\u00f1o complejo, que requer\u00eda una alineaci\u00f3n precisa para garantizar que las varillas de acero curvadas fueran tanto estructuralmente s\u00f3lidas como visualmente atractivas. Cuatro a\u00f1os despu\u00e9s, esta elegante obra maestra hizo su debut.<\/p>\n","protected":false},"excerpt":{"rendered":"<p>En 1962,\u00a0Warren Platner\u00a0se acerc\u00f3 a\u00a0Knoll\u00a0con una idea. Era un dise\u00f1o complejo, que requer\u00eda una alineaci\u00f3n precisa para garantizar que las varillas de acero curvadas fueran tanto estructuralmente s\u00f3lidas como visualmente atractivas. Cuatro a\u00f1os despu\u00e9s, esta elegante obra maestra hizo su debut.<\/p>\n","protected":false},"featured_media":11911,"comment_status":"closed","ping_status":"open","template":"","meta":{"_acf_changed":false},"product_cat":[1145,298],"product_tag":[],"disenadores":[1125],"marca":[72],"class_list":{"0":"post-14229","1":"product","2":"type-product","3":"status-publish","4":"has-post-thumbnail","6":"product_cat-butacas","7":"product_cat-mobiliario","8":"disenadores-warren-platner","9":"marca-knoll","10":"sales-flash-overlay","11":"woocommerce-text-align-center","12":"woocommerce-image-align-center","13":"do-quantity-buttons","14":"wc-has-gallery","16":"first","17":"instock","18":"purchasable","19":"product-type-simple"},"acf":[],"_links":{"self":[{"href":"https:\/\/enlineabarcelona.com\/ca\/wp-json\/wp\/v2\/product\/14229","targetHints":{"allow":["GET"]}}],"collection":[{"href":"https:\/\/enlineabarcelona.com\/ca\/wp-json\/wp\/v2\/product"}],"about":[{"href":"https:\/\/enlineabarcelona.com\/ca\/wp-json\/wp\/v2\/types\/product"}],"replies":[{"embeddable":true,"href":"https:\/\/enlineabarcelona.com\/ca\/wp-json\/wp\/v2\/comments?post=14229"}],"wp:featuredmedia":[{"embeddable":true,"href":"https:\/\/enlineabarcelona.com\/ca\/wp-json\/wp\/v2\/media\/11911"}],"wp:attachment":[{"href":"https:\/\/enlineabarcelona.com\/ca\/wp-json\/wp\/v2\/media?parent=14229"}],"wp:term":[{"taxonomy":"product_cat","embeddable":true,"href":"https:\/\/enlineabarcelona.com\/ca\/wp-json\/wp\/v2\/product_cat?post=14229"},{"taxonomy":"product_tag","embeddable":true,"href":"https:\/\/enlineabarcelona.com\/ca\/wp-json\/wp\/v2\/product_tag?post=14229"},{"taxonomy":"disenadores","embeddable":true,"href":"https:\/\/enlineabarcelona.com\/ca\/wp-json\/wp\/v2\/disenadores?post=14229"},{"taxonomy":"marca","embeddable":true,"href":"https:\/\/enlineabarcelona.com\/ca\/wp-json\/wp\/v2\/marca?post=14229"}],"curies":[{"name":"wp","href":"https:\/\/api.w.org\/{rel}","templated":true}]}}