{"id":14230,"date":"2025-10-27T11:19:59","date_gmt":"2025-10-27T11:19:59","guid":{"rendered":"https:\/\/enlineabarcelona.com\/producto\/silla-lounge-platner\/"},"modified":"2025-10-27T11:20:07","modified_gmt":"2025-10-27T11:20:07","slug":"silla-lounge-platner","status":"publish","type":"product","link":"https:\/\/enlineabarcelona.com\/ca\/producto\/silla-lounge-platner\/","title":{"rendered":"Silla Lounge Platner"},"content":{"rendered":"\n<p>En la d\u00e9cada de 1960,\u00a0Warren Platner\u00a0vio una oportunidad. \u201cSent\u00ed que hab\u00eda espacio para un tipo de dise\u00f1o decorativo, suave y elegante como el que aparec\u00eda en estilos de \u00e9poca como el Luis XV, pero que pudiera tener una base m\u00e1s racional en lugar de ser una decoraci\u00f3n aplicada\u201d, dijo. Comenzando desde el suelo, Platner cre\u00f3 una silla que se eleva, envuelve y sostiene al usuario, dando como resultado una forma que complementa tanto a la persona que se sienta en ella como al entorno que la rodea.<\/p>\n","protected":false},"excerpt":{"rendered":"<p>En la d\u00e9cada de 1960,\u00a0Warren Platner\u00a0vio una oportunidad. \u201cSent\u00ed que hab\u00eda espacio para un tipo de dise\u00f1o decorativo, suave y elegante como el que aparec\u00eda en estilos de \u00e9poca como el Luis XV, pero que pudiera tener una base m\u00e1s racional en lugar de ser una decoraci\u00f3n aplicada\u201d, dijo. Comenzando desde el suelo, Platner cre\u00f3 &#8230; <a title=\"Silla Lounge Platner\" class=\"read-more\" href=\"https:\/\/enlineabarcelona.com\/ca\/producto\/silla-lounge-platner\/\" aria-label=\"M\u00e9s informaci\u00f3 sobre Silla Lounge Platner\">Llegiu m\u00e9s<\/a><\/p>\n","protected":false},"featured_media":11924,"comment_status":"closed","ping_status":"open","template":"","meta":{"_acf_changed":false},"product_cat":[1145,298],"product_tag":[],"disenadores":[1125],"marca":[72],"class_list":{"0":"post-14230","1":"product","2":"type-product","3":"status-publish","4":"has-post-thumbnail","6":"product_cat-butacas","7":"product_cat-mobiliario","8":"disenadores-warren-platner","9":"marca-knoll","10":"sales-flash-overlay","11":"woocommerce-text-align-center","12":"woocommerce-image-align-center","13":"do-quantity-buttons","14":"wc-has-gallery","16":"first","17":"instock","18":"purchasable","19":"product-type-simple"},"acf":[],"_links":{"self":[{"href":"https:\/\/enlineabarcelona.com\/ca\/wp-json\/wp\/v2\/product\/14230","targetHints":{"allow":["GET"]}}],"collection":[{"href":"https:\/\/enlineabarcelona.com\/ca\/wp-json\/wp\/v2\/product"}],"about":[{"href":"https:\/\/enlineabarcelona.com\/ca\/wp-json\/wp\/v2\/types\/product"}],"replies":[{"embeddable":true,"href":"https:\/\/enlineabarcelona.com\/ca\/wp-json\/wp\/v2\/comments?post=14230"}],"wp:featuredmedia":[{"embeddable":true,"href":"https:\/\/enlineabarcelona.com\/ca\/wp-json\/wp\/v2\/media\/11924"}],"wp:attachment":[{"href":"https:\/\/enlineabarcelona.com\/ca\/wp-json\/wp\/v2\/media?parent=14230"}],"wp:term":[{"taxonomy":"product_cat","embeddable":true,"href":"https:\/\/enlineabarcelona.com\/ca\/wp-json\/wp\/v2\/product_cat?post=14230"},{"taxonomy":"product_tag","embeddable":true,"href":"https:\/\/enlineabarcelona.com\/ca\/wp-json\/wp\/v2\/product_tag?post=14230"},{"taxonomy":"disenadores","embeddable":true,"href":"https:\/\/enlineabarcelona.com\/ca\/wp-json\/wp\/v2\/disenadores?post=14230"},{"taxonomy":"marca","embeddable":true,"href":"https:\/\/enlineabarcelona.com\/ca\/wp-json\/wp\/v2\/marca?post=14230"}],"curies":[{"name":"wp","href":"https:\/\/api.w.org\/{rel}","templated":true}]}}