{"id":14236,"date":"2025-10-27T11:19:59","date_gmt":"2025-10-27T11:19:59","guid":{"rendered":"https:\/\/enlineabarcelona.com\/producto\/lampara-lampe-gras-n204\/"},"modified":"2025-10-27T11:20:10","modified_gmt":"2025-10-27T11:20:10","slug":"lampara-lampe-gras-n204","status":"publish","type":"product","link":"https:\/\/enlineabarcelona.com\/ca\/producto\/lampara-lampe-gras-n204\/","title":{"rendered":"L\u00e1mpara Lampe Gras N\u00b0204"},"content":{"rendered":"\n<p>La N\u00b0204 ha sido dise\u00f1ada para ser perfectamente funcional como l\u00e1mpara de cabecera. La r\u00f3tula se sustituye por un pivote, m\u00e1s adecuado para un manejo intensivo en esta configuraci\u00f3n espec\u00edfica.<\/p>\n","protected":false},"excerpt":{"rendered":"<p>La N\u00b0204 ha sido dise\u00f1ada para ser perfectamente funcional como l\u00e1mpara de cabecera. La r\u00f3tula se sustituye por un pivote, m\u00e1s adecuado para un manejo intensivo en esta configuraci\u00f3n espec\u00edfica.<\/p>\n","protected":false},"featured_media":11975,"comment_status":"closed","ping_status":"open","template":"","meta":{"_acf_changed":false},"product_cat":[1156],"product_tag":[],"disenadores":[1243],"marca":[1244],"class_list":{"0":"post-14236","1":"product","2":"type-product","3":"status-publish","4":"has-post-thumbnail","6":"product_cat-iluminacion","7":"disenadores-bernard-albin-gras","8":"marca-dcw-editions","9":"sales-flash-overlay","10":"woocommerce-text-align-center","11":"woocommerce-image-align-center","12":"do-quantity-buttons","14":"first","15":"instock","16":"purchasable","17":"product-type-simple"},"acf":[],"_links":{"self":[{"href":"https:\/\/enlineabarcelona.com\/ca\/wp-json\/wp\/v2\/product\/14236","targetHints":{"allow":["GET"]}}],"collection":[{"href":"https:\/\/enlineabarcelona.com\/ca\/wp-json\/wp\/v2\/product"}],"about":[{"href":"https:\/\/enlineabarcelona.com\/ca\/wp-json\/wp\/v2\/types\/product"}],"replies":[{"embeddable":true,"href":"https:\/\/enlineabarcelona.com\/ca\/wp-json\/wp\/v2\/comments?post=14236"}],"wp:featuredmedia":[{"embeddable":true,"href":"https:\/\/enlineabarcelona.com\/ca\/wp-json\/wp\/v2\/media\/11975"}],"wp:attachment":[{"href":"https:\/\/enlineabarcelona.com\/ca\/wp-json\/wp\/v2\/media?parent=14236"}],"wp:term":[{"taxonomy":"product_cat","embeddable":true,"href":"https:\/\/enlineabarcelona.com\/ca\/wp-json\/wp\/v2\/product_cat?post=14236"},{"taxonomy":"product_tag","embeddable":true,"href":"https:\/\/enlineabarcelona.com\/ca\/wp-json\/wp\/v2\/product_tag?post=14236"},{"taxonomy":"disenadores","embeddable":true,"href":"https:\/\/enlineabarcelona.com\/ca\/wp-json\/wp\/v2\/disenadores?post=14236"},{"taxonomy":"marca","embeddable":true,"href":"https:\/\/enlineabarcelona.com\/ca\/wp-json\/wp\/v2\/marca?post=14236"}],"curies":[{"name":"wp","href":"https:\/\/api.w.org\/{rel}","templated":true}]}}