{"id":14237,"date":"2025-10-27T11:19:59","date_gmt":"2025-10-27T11:19:59","guid":{"rendered":"https:\/\/enlineabarcelona.com\/producto\/lampara-lampe-gras-n214\/"},"modified":"2025-10-27T11:20:10","modified_gmt":"2025-10-27T11:20:10","slug":"lampara-lampe-gras-n214","status":"publish","type":"product","link":"https:\/\/enlineabarcelona.com\/ca\/producto\/lampara-lampe-gras-n214\/","title":{"rendered":"L\u00e1mpara Lampe Gras N\u00b0214"},"content":{"rendered":"\n<p>Preferimos no utilizar ning\u00fan adjetivo para describir esta l\u00e1mpara, porque s\u00f3lo los superlativos pueden hacerle justicia y entonces la pregunta es \u00bfcu\u00e1l elegir? El sistema \u00abMacho\/Hembra\u00bb utilizado en los soportes verticales la hace totalmente flexible. Luego est\u00e1 su forma\u2026 \u00a1pero no somos los \u00fanicos a los que les encanta!<\/p>\n","protected":false},"excerpt":{"rendered":"<p>Preferimos no utilizar ning\u00fan adjetivo para describir esta l\u00e1mpara, porque s\u00f3lo los superlativos pueden hacerle justicia y entonces la pregunta es \u00bfcu\u00e1l elegir? El sistema \u00abMacho\/Hembra\u00bb utilizado en los soportes verticales la hace totalmente flexible. Luego est\u00e1 su forma\u2026 \u00a1pero no somos los \u00fanicos a los que les encanta!<\/p>\n","protected":false},"featured_media":11979,"comment_status":"closed","ping_status":"open","template":"","meta":{"_acf_changed":false},"product_cat":[1156],"product_tag":[],"disenadores":[1243],"marca":[1244],"class_list":{"0":"post-14237","1":"product","2":"type-product","3":"status-publish","4":"has-post-thumbnail","6":"product_cat-iluminacion","7":"disenadores-bernard-albin-gras","8":"marca-dcw-editions","9":"sales-flash-overlay","10":"woocommerce-text-align-center","11":"woocommerce-image-align-center","12":"do-quantity-buttons","13":"wc-has-gallery","15":"first","16":"instock","17":"purchasable","18":"product-type-simple"},"acf":[],"_links":{"self":[{"href":"https:\/\/enlineabarcelona.com\/ca\/wp-json\/wp\/v2\/product\/14237","targetHints":{"allow":["GET"]}}],"collection":[{"href":"https:\/\/enlineabarcelona.com\/ca\/wp-json\/wp\/v2\/product"}],"about":[{"href":"https:\/\/enlineabarcelona.com\/ca\/wp-json\/wp\/v2\/types\/product"}],"replies":[{"embeddable":true,"href":"https:\/\/enlineabarcelona.com\/ca\/wp-json\/wp\/v2\/comments?post=14237"}],"wp:featuredmedia":[{"embeddable":true,"href":"https:\/\/enlineabarcelona.com\/ca\/wp-json\/wp\/v2\/media\/11979"}],"wp:attachment":[{"href":"https:\/\/enlineabarcelona.com\/ca\/wp-json\/wp\/v2\/media?parent=14237"}],"wp:term":[{"taxonomy":"product_cat","embeddable":true,"href":"https:\/\/enlineabarcelona.com\/ca\/wp-json\/wp\/v2\/product_cat?post=14237"},{"taxonomy":"product_tag","embeddable":true,"href":"https:\/\/enlineabarcelona.com\/ca\/wp-json\/wp\/v2\/product_tag?post=14237"},{"taxonomy":"disenadores","embeddable":true,"href":"https:\/\/enlineabarcelona.com\/ca\/wp-json\/wp\/v2\/disenadores?post=14237"},{"taxonomy":"marca","embeddable":true,"href":"https:\/\/enlineabarcelona.com\/ca\/wp-json\/wp\/v2\/marca?post=14237"}],"curies":[{"name":"wp","href":"https:\/\/api.w.org\/{rel}","templated":true}]}}