{"id":14238,"date":"2025-10-27T11:19:59","date_gmt":"2025-10-27T11:19:59","guid":{"rendered":"https:\/\/enlineabarcelona.com\/producto\/lampara-lampe-gras-n304\/"},"modified":"2025-10-27T11:20:11","modified_gmt":"2025-10-27T11:20:11","slug":"lampara-lampe-gras-n304","status":"publish","type":"product","link":"https:\/\/enlineabarcelona.com\/ca\/producto\/lampara-lampe-gras-n304\/","title":{"rendered":"L\u00e1mpara Lampe Gras N\u00b0304"},"content":{"rendered":"\n<p>Este \u00abfoco\u00bb se ha convertido en un punto de referencia en el mundo de la iluminaci\u00f3n. Discreto y de bella factura, destaca por un aspecto que hace que instintivamente quieras confiar en \u00e9l. Es perfecto en un pasillo, sobre un cuadro, en una cocina, un cuarto de ba\u00f1o, sobre el cabecero de una cama\u2026<\/p>\n","protected":false},"excerpt":{"rendered":"<p>Este \u00abfoco\u00bb se ha convertido en un punto de referencia en el mundo de la iluminaci\u00f3n. Discreto y de bella factura, destaca por un aspecto que hace que instintivamente quieras confiar en \u00e9l. Es perfecto en un pasillo, sobre un cuadro, en una cocina, un cuarto de ba\u00f1o, sobre el cabecero de una cama\u2026<\/p>\n","protected":false},"featured_media":11995,"comment_status":"closed","ping_status":"open","template":"","meta":{"_acf_changed":false},"product_cat":[1156],"product_tag":[],"disenadores":[1243],"marca":[1244],"class_list":{"0":"post-14238","1":"product","2":"type-product","3":"status-publish","4":"has-post-thumbnail","6":"product_cat-iluminacion","7":"disenadores-bernard-albin-gras","8":"marca-dcw-editions","9":"sales-flash-overlay","10":"woocommerce-text-align-center","11":"woocommerce-image-align-center","12":"do-quantity-buttons","13":"wc-has-gallery","15":"first","16":"instock","17":"purchasable","18":"product-type-simple"},"acf":[],"_links":{"self":[{"href":"https:\/\/enlineabarcelona.com\/ca\/wp-json\/wp\/v2\/product\/14238","targetHints":{"allow":["GET"]}}],"collection":[{"href":"https:\/\/enlineabarcelona.com\/ca\/wp-json\/wp\/v2\/product"}],"about":[{"href":"https:\/\/enlineabarcelona.com\/ca\/wp-json\/wp\/v2\/types\/product"}],"replies":[{"embeddable":true,"href":"https:\/\/enlineabarcelona.com\/ca\/wp-json\/wp\/v2\/comments?post=14238"}],"wp:featuredmedia":[{"embeddable":true,"href":"https:\/\/enlineabarcelona.com\/ca\/wp-json\/wp\/v2\/media\/11995"}],"wp:attachment":[{"href":"https:\/\/enlineabarcelona.com\/ca\/wp-json\/wp\/v2\/media?parent=14238"}],"wp:term":[{"taxonomy":"product_cat","embeddable":true,"href":"https:\/\/enlineabarcelona.com\/ca\/wp-json\/wp\/v2\/product_cat?post=14238"},{"taxonomy":"product_tag","embeddable":true,"href":"https:\/\/enlineabarcelona.com\/ca\/wp-json\/wp\/v2\/product_tag?post=14238"},{"taxonomy":"disenadores","embeddable":true,"href":"https:\/\/enlineabarcelona.com\/ca\/wp-json\/wp\/v2\/disenadores?post=14238"},{"taxonomy":"marca","embeddable":true,"href":"https:\/\/enlineabarcelona.com\/ca\/wp-json\/wp\/v2\/marca?post=14238"}],"curies":[{"name":"wp","href":"https:\/\/api.w.org\/{rel}","templated":true}]}}