{"id":14242,"date":"2025-10-27T11:20:13","date_gmt":"2025-10-27T11:20:13","guid":{"rendered":"https:\/\/enlineabarcelona.com\/producto\/sofa-arena\/"},"modified":"2025-10-27T11:20:15","modified_gmt":"2025-10-27T11:20:15","slug":"sofa-arena","status":"publish","type":"product","link":"https:\/\/enlineabarcelona.com\/ca\/producto\/sofa-arena\/","title":{"rendered":"Sof\u00e1 Arena"},"content":{"rendered":"\n<p>Un sof\u00e1 para el jard\u00edn de dise\u00f1o, una gran cama perfecta para crear un rinc\u00f3n de puro relax al aire libre: ARENA abre un cap\u00edtulo completamente nuevo en el universo de RODA.<\/p>\n\n\n\n<p>Dise\u00f1ada por Gordon Guillaumier, la colecci\u00f3n est\u00e1 representada actualmente por un \u00fanico mueble de exterior que, adem\u00e1s de agradar a la vista, satisface la necesidad de un asiento \u00abh\u00edbrido\u00bb de gran confort, donde poder relajarse, tomar el sol, leer un libro de forma informal y desenfadada.<\/p>\n\n\n\n<p>La colecci\u00f3n aporta un aspecto estructural fundamental para disfrutar al m\u00e1ximo de la experiencia al aire libre: convierte la suavidad en la protagonista, haci\u00e9ndola singularmente acogedora gracias a su forma el\u00edptica, la inclinaci\u00f3n del respaldo y la malla tubular.<\/p>\n\n\n\n<p>ARENA es un nuevo producto con gran personalidad que encuentra su lugar en los salones de exterior como un elegante mueble para jardines, terrazas o al borde de la piscina.<br><\/p>\n\n\n\n<p><\/p>\n","protected":false},"excerpt":{"rendered":"<p>Un sof\u00e1 para el jard\u00edn de dise\u00f1o, una gran cama perfecta para crear un rinc\u00f3n de puro relax al aire libre: ARENA abre un cap\u00edtulo completamente nuevo en el universo de RODA. Dise\u00f1ada por Gordon Guillaumier, la colecci\u00f3n est\u00e1 representada actualmente por un \u00fanico mueble de exterior que, adem\u00e1s de agradar a la vista, satisface &#8230; <a title=\"Sof\u00e1 Arena\" class=\"read-more\" href=\"https:\/\/enlineabarcelona.com\/ca\/producto\/sofa-arena\/\" aria-label=\"M\u00e9s informaci\u00f3 sobre Sof\u00e1 Arena\">Llegiu m\u00e9s<\/a><\/p>\n","protected":false},"featured_media":12041,"comment_status":"closed","ping_status":"open","template":"","meta":{"_acf_changed":false},"product_cat":[251,278],"product_tag":[],"disenadores":[778],"marca":[70],"class_list":{"0":"post-14242","1":"product","2":"type-product","3":"status-publish","4":"has-post-thumbnail","6":"product_cat-exterior","7":"product_cat-sofas-exterior-exterior","8":"disenadores-gordon-guillaumier","9":"marca-roda","10":"sales-flash-overlay","11":"woocommerce-text-align-center","12":"woocommerce-image-align-center","13":"do-quantity-buttons","14":"wc-has-gallery","16":"first","17":"instock","18":"purchasable","19":"product-type-simple"},"acf":[],"_links":{"self":[{"href":"https:\/\/enlineabarcelona.com\/ca\/wp-json\/wp\/v2\/product\/14242","targetHints":{"allow":["GET"]}}],"collection":[{"href":"https:\/\/enlineabarcelona.com\/ca\/wp-json\/wp\/v2\/product"}],"about":[{"href":"https:\/\/enlineabarcelona.com\/ca\/wp-json\/wp\/v2\/types\/product"}],"replies":[{"embeddable":true,"href":"https:\/\/enlineabarcelona.com\/ca\/wp-json\/wp\/v2\/comments?post=14242"}],"wp:featuredmedia":[{"embeddable":true,"href":"https:\/\/enlineabarcelona.com\/ca\/wp-json\/wp\/v2\/media\/12041"}],"wp:attachment":[{"href":"https:\/\/enlineabarcelona.com\/ca\/wp-json\/wp\/v2\/media?parent=14242"}],"wp:term":[{"taxonomy":"product_cat","embeddable":true,"href":"https:\/\/enlineabarcelona.com\/ca\/wp-json\/wp\/v2\/product_cat?post=14242"},{"taxonomy":"product_tag","embeddable":true,"href":"https:\/\/enlineabarcelona.com\/ca\/wp-json\/wp\/v2\/product_tag?post=14242"},{"taxonomy":"disenadores","embeddable":true,"href":"https:\/\/enlineabarcelona.com\/ca\/wp-json\/wp\/v2\/disenadores?post=14242"},{"taxonomy":"marca","embeddable":true,"href":"https:\/\/enlineabarcelona.com\/ca\/wp-json\/wp\/v2\/marca?post=14242"}],"curies":[{"name":"wp","href":"https:\/\/api.w.org\/{rel}","templated":true}]}}