{"id":14243,"date":"2025-10-27T11:20:13","date_gmt":"2025-10-27T11:20:13","guid":{"rendered":"https:\/\/enlineabarcelona.com\/producto\/mesa-brick\/"},"modified":"2025-10-27T11:20:16","modified_gmt":"2025-10-27T11:20:16","slug":"mesa-brick","status":"publish","type":"product","link":"https:\/\/enlineabarcelona.com\/ca\/producto\/mesa-brick\/","title":{"rendered":"Mesa\u00a0Brick"},"content":{"rendered":"\n<p>BRICK redescubre un material sencillo y natural como la madera. El concepto de la mesa extensible, protagonista de esta colecci\u00f3n, queda claro desde su nombre, procedente del ingl\u00e9s BRICK, ladrillo: la preciosa teca utilizada para fabricar los distintos accesorios se descompone en piezas siguiendo un juego r\u00edtmico de juntas geom\u00e9tricamente perfectas que caracterizan el dise\u00f1o de todo el tablero.<\/p>\n\n\n\n<p>La estabilidad de la estructura, dise\u00f1ada con l\u00edneas decididas y esenciales, contrasta con el dinamismo de la parte superior extensible.<\/p>\n\n\n\n<p>Si BRICK se expone directamente a la intemperie, pueden producirse ligeros movimientos debido a la complejidad de la construcci\u00f3n y al gran n\u00famero de tablas de madera del tablero: se trata de peque\u00f1as variaciones naturales que no comprometen el uso y la funcionalidad de la mesa en s\u00ed. Para evitar estos movimientos y mantener la mesa BRICK estable en el tiempo, se recomienda colocarla en zonas cubiertas, como porches o verandas.<\/p>\n\n\n\n<p>La mesa extensible BRICK recibi\u00f3 una menci\u00f3n de honor en la XXIV Edici\u00f3n del Premio Compasso d\u2019Oro de 2016.<\/p>\n\n\n\n<p><\/p>\n","protected":false},"excerpt":{"rendered":"<p>BRICK redescubre un material sencillo y natural como la madera. El concepto de la mesa extensible, protagonista de esta colecci\u00f3n, queda claro desde su nombre, procedente del ingl\u00e9s BRICK, ladrillo: la preciosa teca utilizada para fabricar los distintos accesorios se descompone en piezas siguiendo un juego r\u00edtmico de juntas geom\u00e9tricamente perfectas que caracterizan el dise\u00f1o &#8230; <a title=\"Mesa\u00a0Brick\" class=\"read-more\" href=\"https:\/\/enlineabarcelona.com\/ca\/producto\/mesa-brick\/\" aria-label=\"M\u00e9s informaci\u00f3 sobre Mesa\u00a0Brick\">Llegiu m\u00e9s<\/a><\/p>\n","protected":false},"featured_media":12069,"comment_status":"closed","ping_status":"open","template":"","meta":{"_acf_changed":false},"product_cat":[251,1246,1245],"product_tag":[],"disenadores":[778],"marca":[70],"class_list":{"0":"post-14243","1":"product","2":"type-product","3":"status-publish","4":"has-post-thumbnail","6":"product_cat-exterior","7":"product_cat-mesas","8":"product_cat-mesasmobiliario","9":"disenadores-gordon-guillaumier","10":"marca-roda","11":"sales-flash-overlay","12":"woocommerce-text-align-center","13":"woocommerce-image-align-center","14":"do-quantity-buttons","15":"wc-has-gallery","17":"first","18":"instock","19":"purchasable","20":"product-type-simple"},"acf":[],"_links":{"self":[{"href":"https:\/\/enlineabarcelona.com\/ca\/wp-json\/wp\/v2\/product\/14243","targetHints":{"allow":["GET"]}}],"collection":[{"href":"https:\/\/enlineabarcelona.com\/ca\/wp-json\/wp\/v2\/product"}],"about":[{"href":"https:\/\/enlineabarcelona.com\/ca\/wp-json\/wp\/v2\/types\/product"}],"replies":[{"embeddable":true,"href":"https:\/\/enlineabarcelona.com\/ca\/wp-json\/wp\/v2\/comments?post=14243"}],"wp:featuredmedia":[{"embeddable":true,"href":"https:\/\/enlineabarcelona.com\/ca\/wp-json\/wp\/v2\/media\/12069"}],"wp:attachment":[{"href":"https:\/\/enlineabarcelona.com\/ca\/wp-json\/wp\/v2\/media?parent=14243"}],"wp:term":[{"taxonomy":"product_cat","embeddable":true,"href":"https:\/\/enlineabarcelona.com\/ca\/wp-json\/wp\/v2\/product_cat?post=14243"},{"taxonomy":"product_tag","embeddable":true,"href":"https:\/\/enlineabarcelona.com\/ca\/wp-json\/wp\/v2\/product_tag?post=14243"},{"taxonomy":"disenadores","embeddable":true,"href":"https:\/\/enlineabarcelona.com\/ca\/wp-json\/wp\/v2\/disenadores?post=14243"},{"taxonomy":"marca","embeddable":true,"href":"https:\/\/enlineabarcelona.com\/ca\/wp-json\/wp\/v2\/marca?post=14243"}],"curies":[{"name":"wp","href":"https:\/\/api.w.org\/{rel}","templated":true}]}}