{"id":14244,"date":"2025-10-27T11:20:13","date_gmt":"2025-10-27T11:20:13","guid":{"rendered":"https:\/\/enlineabarcelona.com\/producto\/mesita-lateral-aspic-001\/"},"modified":"2025-10-27T11:20:17","modified_gmt":"2025-10-27T11:20:17","slug":"mesita-lateral-aspic-001","status":"publish","type":"product","link":"https:\/\/enlineabarcelona.com\/ca\/producto\/mesita-lateral-aspic-001\/","title":{"rendered":"Mesita lateral ASPIC 001"},"content":{"rendered":"\n<p>En ASPIC, el cemento toma forma y da vida a una original familia de mesas que llevan la firma de Gordon Guillaumier. La colecci\u00f3n se caracteriza por una s\u00f3lida estructura de cemento, l\u00edneas sinuosas y un acabado de arenilla visible en el tablero.<\/p>\n\n\n\n<p>ASPIC se compone de tres mesas peque\u00f1as, dos con tableros redondos de diferentes tama\u00f1os y una ovalada m\u00e1s grande, extremadamente vers\u00e1til, en la que el cemento, protagonista absoluto de la colecci\u00f3n, transmite una sensaci\u00f3n de estabilidad y resistencia en claro contraste con la delicadeza visual del tablero y los vol\u00famenes c\u00f3ncavos que caracterizan la base.<\/p>\n\n\n\n<p>Sin patas ni pies de apoyo -el tablero se apoya en sinuosas paredes verticales-, las mesas ASPIC pueden crear divertidos juegos de encaje entre diferentes alturas para organizar los espacios con total libertad, tambi\u00e9n como simple complemento de los asientos y pufs de las dem\u00e1s colecciones RODA.<\/p>\n","protected":false},"excerpt":{"rendered":"<p>En ASPIC, el cemento toma forma y da vida a una original familia de mesas que llevan la firma de Gordon Guillaumier. La colecci\u00f3n se caracteriza por una s\u00f3lida estructura de cemento, l\u00edneas sinuosas y un acabado de arenilla visible en el tablero. ASPIC se compone de tres mesas peque\u00f1as, dos con tableros redondos de &#8230; <a title=\"Mesita lateral ASPIC 001\" class=\"read-more\" href=\"https:\/\/enlineabarcelona.com\/ca\/producto\/mesita-lateral-aspic-001\/\" aria-label=\"M\u00e9s informaci\u00f3 sobre Mesita lateral ASPIC 001\">Llegiu m\u00e9s<\/a><\/p>\n","protected":false},"featured_media":12082,"comment_status":"closed","ping_status":"open","template":"","meta":{"_acf_changed":false},"product_cat":[1248,1247,298],"product_tag":[],"disenadores":[778],"marca":[70],"class_list":{"0":"post-14244","1":"product","2":"type-product","3":"status-publish","4":"has-post-thumbnail","6":"product_cat-mesas","7":"product_cat-mesasexterior","8":"product_cat-mobiliario","9":"disenadores-gordon-guillaumier","10":"marca-roda","11":"sales-flash-overlay","12":"woocommerce-text-align-center","13":"woocommerce-image-align-center","14":"do-quantity-buttons","15":"wc-has-gallery","17":"first","18":"instock","19":"purchasable","20":"product-type-simple"},"acf":[],"_links":{"self":[{"href":"https:\/\/enlineabarcelona.com\/ca\/wp-json\/wp\/v2\/product\/14244","targetHints":{"allow":["GET"]}}],"collection":[{"href":"https:\/\/enlineabarcelona.com\/ca\/wp-json\/wp\/v2\/product"}],"about":[{"href":"https:\/\/enlineabarcelona.com\/ca\/wp-json\/wp\/v2\/types\/product"}],"replies":[{"embeddable":true,"href":"https:\/\/enlineabarcelona.com\/ca\/wp-json\/wp\/v2\/comments?post=14244"}],"wp:featuredmedia":[{"embeddable":true,"href":"https:\/\/enlineabarcelona.com\/ca\/wp-json\/wp\/v2\/media\/12082"}],"wp:attachment":[{"href":"https:\/\/enlineabarcelona.com\/ca\/wp-json\/wp\/v2\/media?parent=14244"}],"wp:term":[{"taxonomy":"product_cat","embeddable":true,"href":"https:\/\/enlineabarcelona.com\/ca\/wp-json\/wp\/v2\/product_cat?post=14244"},{"taxonomy":"product_tag","embeddable":true,"href":"https:\/\/enlineabarcelona.com\/ca\/wp-json\/wp\/v2\/product_tag?post=14244"},{"taxonomy":"disenadores","embeddable":true,"href":"https:\/\/enlineabarcelona.com\/ca\/wp-json\/wp\/v2\/disenadores?post=14244"},{"taxonomy":"marca","embeddable":true,"href":"https:\/\/enlineabarcelona.com\/ca\/wp-json\/wp\/v2\/marca?post=14244"}],"curies":[{"name":"wp","href":"https:\/\/api.w.org\/{rel}","templated":true}]}}