{"id":14248,"date":"2025-10-27T11:20:13","date_gmt":"2025-10-27T11:20:13","guid":{"rendered":"https:\/\/enlineabarcelona.com\/producto\/sofa-cousy\/"},"modified":"2025-10-27T11:20:20","modified_gmt":"2025-10-27T11:20:20","slug":"sofa-cousy","status":"publish","type":"product","link":"https:\/\/enlineabarcelona.com\/ca\/producto\/sofa-cousy\/","title":{"rendered":"Sof\u00e1 Cousy"},"content":{"rendered":"\n<p>El sof\u00e1 Cousy, dise\u00f1ado por el reconocido arquitecto y dise\u00f1ador belga Vincent Van Duysen en 2006 para la firma italiana Arflex, es una pieza que encarna a la perfecci\u00f3n la armon\u00eda entre est\u00e9tica contempor\u00e1nea y funcionalidad. Su estructura minimalista y rigurosa refleja una visi\u00f3n depurada del dise\u00f1o, donde cada l\u00ednea ha sido pensada para transmitir equilibrio y sobriedad.\u00a0<\/p>\n","protected":false},"excerpt":{"rendered":"<p>El sof\u00e1 Cousy, dise\u00f1ado por el reconocido arquitecto y dise\u00f1ador belga Vincent Van Duysen en 2006 para la firma italiana Arflex, es una pieza que encarna a la perfecci\u00f3n la armon\u00eda entre est\u00e9tica contempor\u00e1nea y funcionalidad. Su estructura minimalista y rigurosa refleja una visi\u00f3n depurada del dise\u00f1o, donde cada l\u00ednea ha sido pensada para transmitir &#8230; <a title=\"Sof\u00e1 Cousy\" class=\"read-more\" href=\"https:\/\/enlineabarcelona.com\/ca\/producto\/sofa-cousy\/\" aria-label=\"M\u00e9s informaci\u00f3 sobre Sof\u00e1 Cousy\">Llegiu m\u00e9s<\/a><\/p>\n","protected":false},"featured_media":12146,"comment_status":"closed","ping_status":"open","template":"","meta":{"_acf_changed":false},"product_cat":[298,1147],"product_tag":[],"disenadores":[1097],"marca":[43],"class_list":{"0":"post-14248","1":"product","2":"type-product","3":"status-publish","4":"has-post-thumbnail","6":"product_cat-mobiliario","7":"product_cat-sofas","8":"disenadores-vincent-van-duysen-en","9":"marca-arflex","10":"sales-flash-overlay","11":"woocommerce-text-align-center","12":"woocommerce-image-align-center","13":"do-quantity-buttons","14":"wc-has-gallery","16":"first","17":"instock","18":"purchasable","19":"product-type-simple"},"acf":[],"_links":{"self":[{"href":"https:\/\/enlineabarcelona.com\/ca\/wp-json\/wp\/v2\/product\/14248","targetHints":{"allow":["GET"]}}],"collection":[{"href":"https:\/\/enlineabarcelona.com\/ca\/wp-json\/wp\/v2\/product"}],"about":[{"href":"https:\/\/enlineabarcelona.com\/ca\/wp-json\/wp\/v2\/types\/product"}],"replies":[{"embeddable":true,"href":"https:\/\/enlineabarcelona.com\/ca\/wp-json\/wp\/v2\/comments?post=14248"}],"wp:featuredmedia":[{"embeddable":true,"href":"https:\/\/enlineabarcelona.com\/ca\/wp-json\/wp\/v2\/media\/12146"}],"wp:attachment":[{"href":"https:\/\/enlineabarcelona.com\/ca\/wp-json\/wp\/v2\/media?parent=14248"}],"wp:term":[{"taxonomy":"product_cat","embeddable":true,"href":"https:\/\/enlineabarcelona.com\/ca\/wp-json\/wp\/v2\/product_cat?post=14248"},{"taxonomy":"product_tag","embeddable":true,"href":"https:\/\/enlineabarcelona.com\/ca\/wp-json\/wp\/v2\/product_tag?post=14248"},{"taxonomy":"disenadores","embeddable":true,"href":"https:\/\/enlineabarcelona.com\/ca\/wp-json\/wp\/v2\/disenadores?post=14248"},{"taxonomy":"marca","embeddable":true,"href":"https:\/\/enlineabarcelona.com\/ca\/wp-json\/wp\/v2\/marca?post=14248"}],"curies":[{"name":"wp","href":"https:\/\/api.w.org\/{rel}","templated":true}]}}