{"id":14249,"date":"2025-10-27T11:20:13","date_gmt":"2025-10-27T11:20:13","guid":{"rendered":"https:\/\/enlineabarcelona.com\/producto\/sofa-naviglio\/"},"modified":"2025-10-27T11:20:21","modified_gmt":"2025-10-27T11:20:21","slug":"sofa-naviglio","status":"publish","type":"product","link":"https:\/\/enlineabarcelona.com\/ca\/producto\/sofa-naviglio\/","title":{"rendered":"Sof\u00e1 Naviglio"},"content":{"rendered":"\n<p>El sof\u00e1 Naviglio, creado por el dise\u00f1ador Umberto Asnago para Arflex, se caracteriza por una forma rigurosa y estructurada que transmite solidez y elegancia. Sin embargo, esta geometr\u00eda firme se ve delicadamente suavizada gracias a un uso experto y equilibrado de los materiales, que aportan calidez y confort visual. El resultado es una pieza que combina precisi\u00f3n formal con una agradable sensaci\u00f3n de acogida, ideal para espacios contempor\u00e1neos que valoran tanto el dise\u00f1o como la funcionalidad.<\/p>\n\n\n\n<p><\/p>\n","protected":false},"excerpt":{"rendered":"<p>El sof\u00e1 Naviglio, creado por el dise\u00f1ador Umberto Asnago para Arflex, se caracteriza por una forma rigurosa y estructurada que transmite solidez y elegancia. Sin embargo, esta geometr\u00eda firme se ve delicadamente suavizada gracias a un uso experto y equilibrado de los materiales, que aportan calidez y confort visual. El resultado es una pieza que &#8230; <a title=\"Sof\u00e1 Naviglio\" class=\"read-more\" href=\"https:\/\/enlineabarcelona.com\/ca\/producto\/sofa-naviglio\/\" aria-label=\"M\u00e9s informaci\u00f3 sobre Sof\u00e1 Naviglio\">Llegiu m\u00e9s<\/a><\/p>\n","protected":false},"featured_media":12168,"comment_status":"closed","ping_status":"open","template":"","meta":{"_acf_changed":false},"product_cat":[17],"product_tag":[],"disenadores":[764],"marca":[43],"class_list":{"0":"post-14249","1":"product","2":"type-product","3":"status-publish","4":"has-post-thumbnail","6":"product_cat-sin-categorizar","7":"disenadores-umberto-asnago","8":"marca-arflex","9":"sales-flash-overlay","10":"woocommerce-text-align-center","11":"woocommerce-image-align-center","12":"do-quantity-buttons","13":"wc-has-gallery","15":"first","16":"instock","17":"purchasable","18":"product-type-simple"},"acf":[],"_links":{"self":[{"href":"https:\/\/enlineabarcelona.com\/ca\/wp-json\/wp\/v2\/product\/14249","targetHints":{"allow":["GET"]}}],"collection":[{"href":"https:\/\/enlineabarcelona.com\/ca\/wp-json\/wp\/v2\/product"}],"about":[{"href":"https:\/\/enlineabarcelona.com\/ca\/wp-json\/wp\/v2\/types\/product"}],"replies":[{"embeddable":true,"href":"https:\/\/enlineabarcelona.com\/ca\/wp-json\/wp\/v2\/comments?post=14249"}],"wp:featuredmedia":[{"embeddable":true,"href":"https:\/\/enlineabarcelona.com\/ca\/wp-json\/wp\/v2\/media\/12168"}],"wp:attachment":[{"href":"https:\/\/enlineabarcelona.com\/ca\/wp-json\/wp\/v2\/media?parent=14249"}],"wp:term":[{"taxonomy":"product_cat","embeddable":true,"href":"https:\/\/enlineabarcelona.com\/ca\/wp-json\/wp\/v2\/product_cat?post=14249"},{"taxonomy":"product_tag","embeddable":true,"href":"https:\/\/enlineabarcelona.com\/ca\/wp-json\/wp\/v2\/product_tag?post=14249"},{"taxonomy":"disenadores","embeddable":true,"href":"https:\/\/enlineabarcelona.com\/ca\/wp-json\/wp\/v2\/disenadores?post=14249"},{"taxonomy":"marca","embeddable":true,"href":"https:\/\/enlineabarcelona.com\/ca\/wp-json\/wp\/v2\/marca?post=14249"}],"curies":[{"name":"wp","href":"https:\/\/api.w.org\/{rel}","templated":true}]}}