{"id":14251,"date":"2025-10-27T11:20:13","date_gmt":"2025-10-27T11:20:13","guid":{"rendered":"https:\/\/enlineabarcelona.com\/producto\/lampara-callimaco\/"},"modified":"2025-10-27T11:20:23","modified_gmt":"2025-10-27T11:20:23","slug":"lampara-callimaco","status":"publish","type":"product","link":"https:\/\/enlineabarcelona.com\/ca\/producto\/lampara-callimaco\/","title":{"rendered":"L\u00e1mpara Callimaco"},"content":{"rendered":"\n<p>Colores, geometr\u00edas y detalles como el asa hacen de Callimaco una de las piezas ic\u00f3nicas del Design Radical de Sottsass que eleva la investigaci\u00f3n art\u00edstica y conceptual en objetos cotidianos, convirti\u00e9ndolos en obras fuera de lo com\u00fan.<\/p>\n","protected":false},"excerpt":{"rendered":"<p>Colores, geometr\u00edas y detalles como el asa hacen de Callimaco una de las piezas ic\u00f3nicas del Design Radical de Sottsass que eleva la investigaci\u00f3n art\u00edstica y conceptual en objetos cotidianos, convirti\u00e9ndolos en obras fuera de lo com\u00fan.<\/p>\n","protected":false},"featured_media":12221,"comment_status":"closed","ping_status":"open","template":"","meta":{"_acf_changed":false},"product_cat":[1156,1200],"product_tag":[],"disenadores":[821],"marca":[1159],"class_list":{"0":"post-14251","1":"product","2":"type-product","3":"status-publish","4":"has-post-thumbnail","6":"product_cat-iluminacion","7":"product_cat-lamparas-de-pie","8":"disenadores-ettore-sottsass","9":"marca-artemide-iluminando-vidas-con-arte-y-diseno","10":"sales-flash-overlay","11":"woocommerce-text-align-center","12":"woocommerce-image-align-center","13":"do-quantity-buttons","14":"wc-has-gallery","16":"first","17":"instock","18":"purchasable","19":"product-type-simple"},"acf":[],"_links":{"self":[{"href":"https:\/\/enlineabarcelona.com\/ca\/wp-json\/wp\/v2\/product\/14251","targetHints":{"allow":["GET"]}}],"collection":[{"href":"https:\/\/enlineabarcelona.com\/ca\/wp-json\/wp\/v2\/product"}],"about":[{"href":"https:\/\/enlineabarcelona.com\/ca\/wp-json\/wp\/v2\/types\/product"}],"replies":[{"embeddable":true,"href":"https:\/\/enlineabarcelona.com\/ca\/wp-json\/wp\/v2\/comments?post=14251"}],"wp:featuredmedia":[{"embeddable":true,"href":"https:\/\/enlineabarcelona.com\/ca\/wp-json\/wp\/v2\/media\/12221"}],"wp:attachment":[{"href":"https:\/\/enlineabarcelona.com\/ca\/wp-json\/wp\/v2\/media?parent=14251"}],"wp:term":[{"taxonomy":"product_cat","embeddable":true,"href":"https:\/\/enlineabarcelona.com\/ca\/wp-json\/wp\/v2\/product_cat?post=14251"},{"taxonomy":"product_tag","embeddable":true,"href":"https:\/\/enlineabarcelona.com\/ca\/wp-json\/wp\/v2\/product_tag?post=14251"},{"taxonomy":"disenadores","embeddable":true,"href":"https:\/\/enlineabarcelona.com\/ca\/wp-json\/wp\/v2\/disenadores?post=14251"},{"taxonomy":"marca","embeddable":true,"href":"https:\/\/enlineabarcelona.com\/ca\/wp-json\/wp\/v2\/marca?post=14251"}],"curies":[{"name":"wp","href":"https:\/\/api.w.org\/{rel}","templated":true}]}}