{"id":14253,"date":"2025-10-27T11:20:13","date_gmt":"2025-10-27T11:20:13","guid":{"rendered":"https:\/\/enlineabarcelona.com\/producto\/lampara-eclisse-2\/"},"modified":"2025-10-27T11:20:24","modified_gmt":"2025-10-27T11:20:24","slug":"lampara-eclisse-2","status":"publish","type":"product","link":"https:\/\/enlineabarcelona.com\/ca\/producto\/lampara-eclisse-2\/","title":{"rendered":"L\u00e1mpara Eclisse"},"content":{"rendered":"\n<p>Eclisse es un equilibrio entre forma y funci\u00f3n, dise\u00f1o y utilidad. Compuesta por la yuxtaposici\u00f3n de tres casquetes hemisf\u00e9ricos en los que dos forman la carcasa externa y una gira internamente \u00abeclipsando\u00bb la fuente.<br>Eclisse tambi\u00e9n se puede instalar en la pared.<\/p>\n\n\n\n<p>Los nuevos colores exclusivos de Eclisse se llevan a cabo con un proceso innovador y sostenible de deposici\u00f3n de metal al vac\u00edo denominado PVD. Este tratamiento PVD (Physical Vapor Deposition) es una tecnolog\u00eda \u00ablimpia\u00bb tanto por el tipo de metal utilizado como porque se eliminan por completo todas las emisiones a la atm\u00f3sfera. La siguiente fase de recubrimiento protector transparente utiliza una pintura s\u00f3lida que reduce el uso de disolventes del 75% a menos del 5%. El acabado obtenido es particularmente resistente al paso del tiempo.<\/p>\n\n\n\n<p><\/p>\n","protected":false},"excerpt":{"rendered":"<p>Eclisse es un equilibrio entre forma y funci\u00f3n, dise\u00f1o y utilidad. Compuesta por la yuxtaposici\u00f3n de tres casquetes hemisf\u00e9ricos en los que dos forman la carcasa externa y una gira internamente \u00abeclipsando\u00bb la fuente.Eclisse tambi\u00e9n se puede instalar en la pared. Los nuevos colores exclusivos de Eclisse se llevan a cabo con un proceso innovador &#8230; <a title=\"L\u00e1mpara Eclisse\" class=\"read-more\" href=\"https:\/\/enlineabarcelona.com\/ca\/producto\/lampara-eclisse-2\/\" aria-label=\"M\u00e9s informaci\u00f3 sobre L\u00e1mpara Eclisse\">Llegiu m\u00e9s<\/a><\/p>\n","protected":false},"featured_media":12235,"comment_status":"closed","ping_status":"open","template":"","meta":{"_acf_changed":false},"product_cat":[1156,1198],"product_tag":[],"disenadores":[886],"marca":[1159],"class_list":{"0":"post-14253","1":"product","2":"type-product","3":"status-publish","4":"has-post-thumbnail","6":"product_cat-iluminacion","7":"product_cat-lamparas-de-sobremesa","8":"disenadores-vico-magistretti","9":"marca-artemide-iluminando-vidas-con-arte-y-diseno","10":"sales-flash-overlay","11":"woocommerce-text-align-center","12":"woocommerce-image-align-center","13":"do-quantity-buttons","14":"wc-has-gallery","16":"first","17":"instock","18":"purchasable","19":"product-type-simple"},"acf":[],"_links":{"self":[{"href":"https:\/\/enlineabarcelona.com\/ca\/wp-json\/wp\/v2\/product\/14253","targetHints":{"allow":["GET"]}}],"collection":[{"href":"https:\/\/enlineabarcelona.com\/ca\/wp-json\/wp\/v2\/product"}],"about":[{"href":"https:\/\/enlineabarcelona.com\/ca\/wp-json\/wp\/v2\/types\/product"}],"replies":[{"embeddable":true,"href":"https:\/\/enlineabarcelona.com\/ca\/wp-json\/wp\/v2\/comments?post=14253"}],"wp:featuredmedia":[{"embeddable":true,"href":"https:\/\/enlineabarcelona.com\/ca\/wp-json\/wp\/v2\/media\/12235"}],"wp:attachment":[{"href":"https:\/\/enlineabarcelona.com\/ca\/wp-json\/wp\/v2\/media?parent=14253"}],"wp:term":[{"taxonomy":"product_cat","embeddable":true,"href":"https:\/\/enlineabarcelona.com\/ca\/wp-json\/wp\/v2\/product_cat?post=14253"},{"taxonomy":"product_tag","embeddable":true,"href":"https:\/\/enlineabarcelona.com\/ca\/wp-json\/wp\/v2\/product_tag?post=14253"},{"taxonomy":"disenadores","embeddable":true,"href":"https:\/\/enlineabarcelona.com\/ca\/wp-json\/wp\/v2\/disenadores?post=14253"},{"taxonomy":"marca","embeddable":true,"href":"https:\/\/enlineabarcelona.com\/ca\/wp-json\/wp\/v2\/marca?post=14253"}],"curies":[{"name":"wp","href":"https:\/\/api.w.org\/{rel}","templated":true}]}}