{"id":14254,"date":"2025-10-27T11:20:13","date_gmt":"2025-10-27T11:20:13","guid":{"rendered":"https:\/\/enlineabarcelona.com\/producto\/lampara-hera\/"},"modified":"2025-10-27T11:20:24","modified_gmt":"2025-10-27T11:20:24","slug":"lampara-hera","status":"publish","type":"product","link":"https:\/\/enlineabarcelona.com\/ca\/producto\/lampara-hera\/","title":{"rendered":"L\u00e1mpara Hera"},"content":{"rendered":"\n<p>Dise\u00f1ada en 1982, Hera es una l\u00e1mpara de sobremesa que sigue el modelo de la cl\u00e1sica l\u00e1mpara ministerial, como su casi contempor\u00e1nea Pausania, pero lo reinterpreta con formas limpias y s\u00f3lidas y bloques superpuestos de color audaz. Su marcada simplicidad le otorga un valor simb\u00f3lico, convirti\u00e9ndola en un objeto que atrae la mirada y transmite emoci\u00f3n m\u00e1s all\u00e1 de su funci\u00f3n. El cuerpo robusto alberga todos los componentes, mientras que la cabeza triangular oculta las fuentes de luz y las protege de la vista directa.<\/p>\n\n\n\n<p><\/p>\n","protected":false},"excerpt":{"rendered":"<p>Dise\u00f1ada en 1982, Hera es una l\u00e1mpara de sobremesa que sigue el modelo de la cl\u00e1sica l\u00e1mpara ministerial, como su casi contempor\u00e1nea Pausania, pero lo reinterpreta con formas limpias y s\u00f3lidas y bloques superpuestos de color audaz. Su marcada simplicidad le otorga un valor simb\u00f3lico, convirti\u00e9ndola en un objeto que atrae la mirada y transmite &#8230; <a title=\"L\u00e1mpara Hera\" class=\"read-more\" href=\"https:\/\/enlineabarcelona.com\/ca\/producto\/lampara-hera\/\" aria-label=\"M\u00e9s informaci\u00f3 sobre L\u00e1mpara Hera\">Llegiu m\u00e9s<\/a><\/p>\n","protected":false},"featured_media":12248,"comment_status":"closed","ping_status":"open","template":"","meta":{"_acf_changed":false},"product_cat":[1156,1198],"product_tag":[],"disenadores":[821],"marca":[1159],"class_list":{"0":"post-14254","1":"product","2":"type-product","3":"status-publish","4":"has-post-thumbnail","6":"product_cat-iluminacion","7":"product_cat-lamparas-de-sobremesa","8":"disenadores-ettore-sottsass","9":"marca-artemide-iluminando-vidas-con-arte-y-diseno","10":"sales-flash-overlay","11":"woocommerce-text-align-center","12":"woocommerce-image-align-center","13":"do-quantity-buttons","14":"wc-has-gallery","16":"first","17":"instock","18":"product-type-simple"},"acf":[],"_links":{"self":[{"href":"https:\/\/enlineabarcelona.com\/ca\/wp-json\/wp\/v2\/product\/14254","targetHints":{"allow":["GET"]}}],"collection":[{"href":"https:\/\/enlineabarcelona.com\/ca\/wp-json\/wp\/v2\/product"}],"about":[{"href":"https:\/\/enlineabarcelona.com\/ca\/wp-json\/wp\/v2\/types\/product"}],"replies":[{"embeddable":true,"href":"https:\/\/enlineabarcelona.com\/ca\/wp-json\/wp\/v2\/comments?post=14254"}],"wp:featuredmedia":[{"embeddable":true,"href":"https:\/\/enlineabarcelona.com\/ca\/wp-json\/wp\/v2\/media\/12248"}],"wp:attachment":[{"href":"https:\/\/enlineabarcelona.com\/ca\/wp-json\/wp\/v2\/media?parent=14254"}],"wp:term":[{"taxonomy":"product_cat","embeddable":true,"href":"https:\/\/enlineabarcelona.com\/ca\/wp-json\/wp\/v2\/product_cat?post=14254"},{"taxonomy":"product_tag","embeddable":true,"href":"https:\/\/enlineabarcelona.com\/ca\/wp-json\/wp\/v2\/product_tag?post=14254"},{"taxonomy":"disenadores","embeddable":true,"href":"https:\/\/enlineabarcelona.com\/ca\/wp-json\/wp\/v2\/disenadores?post=14254"},{"taxonomy":"marca","embeddable":true,"href":"https:\/\/enlineabarcelona.com\/ca\/wp-json\/wp\/v2\/marca?post=14254"}],"curies":[{"name":"wp","href":"https:\/\/api.w.org\/{rel}","templated":true}]}}